{"id":2153,"date":"2023-01-13T10:45:28","date_gmt":"2023-01-13T03:45:28","guid":{"rendered":"https:\/\/noithathomer.com\/?post_type=product&#038;p=2153"},"modified":"2023-01-13T10:45:30","modified_gmt":"2023-01-13T03:45:30","slug":"chinh-hang-faster-voi-rua-fs-05ss","status":"publish","type":"product","link":"https:\/\/noithathomer.gleeze.com\/?product=chinh-hang-faster-voi-rua-fs-05ss","title":{"rendered":"[CH\u00cdNH H\u00c3NG] FASTER V\u00f2i r\u1eeda FS 05SS"},"content":{"rendered":"<div>V\u00d2I R\u1eecA CAO C\u1ea4P | FASTER FS 05SS | N\u00d3NG L\u1ea0NH | CH\u1ea4T LI\u1ec6U INOX 304<\/div>\n<div><img decoding=\"async\" loading=\"lazy\" class=\"alignnone size-full wp-image-2154\" src=\"https:\/\/noithathomer.gleeze.com\/wp-content\/uploads\/863fd438f98c94ad71b06ac45fbe6c7d_tn-9.jpg\" alt=\"\" width=\"320\" height=\"320\" srcset=\"https:\/\/noithathomer.gleeze.com\/wp-content\/uploads\/863fd438f98c94ad71b06ac45fbe6c7d_tn-9.jpg 320w, https:\/\/noithathomer.gleeze.com\/wp-content\/uploads\/863fd438f98c94ad71b06ac45fbe6c7d_tn-9-300x300.jpg 300w, https:\/\/noithathomer.gleeze.com\/wp-content\/uploads\/863fd438f98c94ad71b06ac45fbe6c7d_tn-9-100x100.jpg 100w\" sizes=\"(max-width: 320px) 100vw, 320px\" \/> <img decoding=\"async\" loading=\"lazy\" class=\"alignnone size-full wp-image-2155\" src=\"https:\/\/noithathomer.gleeze.com\/wp-content\/uploads\/sg-11134201-22110-nvywepug61jv92_tn.jpg\" alt=\"\" width=\"320\" height=\"320\" srcset=\"https:\/\/noithathomer.gleeze.com\/wp-content\/uploads\/sg-11134201-22110-nvywepug61jv92_tn.jpg 320w, https:\/\/noithathomer.gleeze.com\/wp-content\/uploads\/sg-11134201-22110-nvywepug61jv92_tn-300x300.jpg 300w, https:\/\/noithathomer.gleeze.com\/wp-content\/uploads\/sg-11134201-22110-nvywepug61jv92_tn-100x100.jpg 100w\" sizes=\"(max-width: 320px) 100vw, 320px\" \/><\/div>\n<div>C\u00f4ng ngh\u1ec7<\/div>\n<div>Ti\u1ebft ki\u1ec7m 40% n\u01b0\u1edbc khi s\u1eed d\u1ee5ng<\/div>\n<div>B\u1ec1 m\u1eb7t ho\u00e0n thi\u1ec7n x\u01b0\u1edbc m\u1edd<\/div>\n<div>An to\u00e0n cho s\u1ee9c kh\u1ecfe v\u1edbi l\u00f5i tr\u1ed9n n\u00f3ng l\u1ea1nh cao c\u1ea5p ti\u00eau chu\u1ea9n Ch\u00e2u \u00c2u<\/div>\n<div>V\u1eadt li\u1ec7u s\u1ea3n ph\u1ea9m \u0111\u1ea1t ti\u00eau chu\u1ea9n Ch\u00e2u \u00c2u<\/div>\n<div>\u0110\u1ed9 b\u1ec1n l\u00ean \u0111\u1ebfn 500.000 l\u1ea7n \u0111\u00f3ng m\u1edf v\u1edbi l\u00f5i tr\u1ed9n n\u00f3ng l\u1ea1nh nh\u1eadp kh\u1ea9u cao c\u1ea5p<\/div>\n<div>D\u00e2y c\u1ea5p n\u00f3ng l\u1ea1nh, d\u00e2y k\u00e9o, ch\u00e2n k\u1ebft n\u1ed1i nhanh theo chu\u1ea9n Ch\u00e2u \u00c2u ch\u1ed1ng xo\u1eafn, ch\u1ecbu nhi\u1ec7t \u0111\u1ed9 cao<\/div>\n<div><\/div>\n<div>Th\u00f4ng s\u1ed1 k\u1ef9 thu\u1eadt<\/div>\n<div>H\u00ecnh d\u00e1ng: V\u00f2i thi\u1ebft k\u1ebf bo tr\u00f2n th\u00e2n. M\u1ed9t tay v\u00f2i n\u1eb1m ngang<\/div>\n<div>Ch\u1ee9c n\u0103ng: N\u00f3ng l\u1ea1nh<\/div>\n<div>Nguy\u00ean v\u1eadt li\u1ec7u: Inox SUS304 ti\u00eau chu\u1ea9n Ch\u00e2u \u00c2u<\/div>\n<div>B\u1ec1 m\u1eb7t: Ho\u00e0n thi\u1ec7n x\u01b0\u1edbc m\u1edd<\/div>\n<div>L\u00f5i tr\u1ed9n n\u00f3ng l\u1ea1nh ch\u1ea5t l\u01b0\u1ee3ng cao theo ti\u00eau chu\u1ea9n Ch\u00e2u \u00c2u<\/div>\n<div>D\u00e2y c\u1ea5p n\u00f3ng l\u1ea1nh ch\u1ed1ng xo\u1eafn v\u00e0 ch\u1ecbu nhi\u1ec7t \u0111\u1ed9 ca<\/div>\n<div><\/div>\n<div>&#8212;&#8212;&#8212;&#8212;&#8212;&#8212;&#8212;&#8212;&#8212;&#8212;&#8212;&#8212;&#8212;&#8211;<\/div>\n<div>Hotline: 0869.287.259<\/div>\n<div>\u0110\u1ecba ch\u1ec9: An B\u00ecnh City, 232 Ph\u1ea1m V\u0103n \u0110\u1ed3ng, Q.B\u1eafc T\u1eeb Li\u00eam, H\u00e0 N\u1ed9i<\/div>\n","protected":false},"excerpt":{"rendered":"<p>V\u00d2I R\u1eecA CAO C\u1ea4P | FASTER FS 05SS | N\u00d3NG L\u1ea0NH | CH\u1ea4T LI\u1ec6U INOX 304 C\u00f4ng ngh\u1ec7 Ti\u1ebft ki\u1ec7m 40% n\u01b0\u1edbc khi s\u1eed d\u1ee5ng B\u1ec1 m\u1eb7t ho\u00e0n thi\u1ec7n x\u01b0\u1edbc m\u1edd An to\u00e0n cho s\u1ee9c kh\u1ecfe v\u1edbi l\u00f5i tr\u1ed9n n\u00f3ng l\u1ea1nh cao c\u1ea5p ti\u00eau chu\u1ea9n Ch\u00e2u \u00c2u V\u1eadt li\u1ec7u s\u1ea3n ph\u1ea9m \u0111\u1ea1t ti\u00eau chu\u1ea9n Ch\u00e2u [&#8230;]\n","protected":false},"featured_media":2154,"comment_status":"open","ping_status":"closed","template":"","meta":[],"product_cat":[67,75],"product_tag":[],"_links":{"self":[{"href":"https:\/\/noithathomer.gleeze.com\/index.php?rest_route=\/wp\/v2\/product\/2153"}],"collection":[{"href":"https:\/\/noithathomer.gleeze.com\/index.php?rest_route=\/wp\/v2\/product"}],"about":[{"href":"https:\/\/noithathomer.gleeze.com\/index.php?rest_route=\/wp\/v2\/types\/product"}],"replies":[{"embeddable":true,"href":"https:\/\/noithathomer.gleeze.com\/index.php?rest_route=%2Fwp%2Fv2%2Fcomments&post=2153"}],"wp:featuredmedia":[{"embeddable":true,"href":"https:\/\/noithathomer.gleeze.com\/index.php?rest_route=\/wp\/v2\/media\/2154"}],"wp:attachment":[{"href":"https:\/\/noithathomer.gleeze.com\/index.php?rest_route=%2Fwp%2Fv2%2Fmedia&parent=2153"}],"wp:term":[{"taxonomy":"product_cat","embeddable":true,"href":"https:\/\/noithathomer.gleeze.com\/index.php?rest_route=%2Fwp%2Fv2%2Fproduct_cat&post=2153"},{"taxonomy":"product_tag","embeddable":true,"href":"https:\/\/noithathomer.gleeze.com\/index.php?rest_route=%2Fwp%2Fv2%2Fproduct_tag&post=2153"}],"curies":[{"name":"wp","href":"https:\/\/api.w.org\/{rel}","templated":true}]}}