{"id":2146,"date":"2023-01-13T10:13:17","date_gmt":"2023-01-13T03:13:17","guid":{"rendered":"https:\/\/noithathomer.com\/?post_type=product&#038;p=2146"},"modified":"2023-01-13T10:13:19","modified_gmt":"2023-01-13T03:13:19","slug":"chinh-hang-faster-gia-de-chai-lo-fs-sb200s","status":"publish","type":"product","link":"https:\/\/noithathomer.gleeze.com\/?product=chinh-hang-faster-gia-de-chai-lo-fs-sb200s","title":{"rendered":"[CH\u00cdNH H\u00c3NG] FASTER GI\u00c1 \u0110\u1ec2 CHAI L\u1ecc FS SB200S"},"content":{"rendered":"<div>CH\u00cdNH H\u00c3NG 100%<\/div>\n<div>&#8212;&#8212;&#8212;&#8212;&#8212;&#8212;&#8212;&#8212;&#8212;<\/div>\n<div>TH\u00d4NG TIN S\u1ea2N PH\u1ea8M<\/div>\n<div>Gi\u00e1 \u0111\u1ec3 chai l\u1ecd d\u01b0\u1edbi ch\u1eadu r\u1eeda<\/div>\n<div>Ch\u1ea5t li\u1ec7u: inox 304<\/div>\n<div>Phi\u00ean b\u1ea3n m\u1edf c\u00e1nh<\/div>\n<div>\u0110\u1ed9 r\u1ed9ng c\u00e1nh: 200mm<\/div>\n<div>K\u00edch th\u01b0\u1edbc s\u1ea3n ph\u1ea9m:<\/div>\n<div>W160xD380xH465mm<\/div>\n<div><img decoding=\"async\" loading=\"lazy\" class=\"alignnone size-full wp-image-2147\" src=\"https:\/\/noithathomer.gleeze.com\/wp-content\/uploads\/863fd438f98c94ad71b06ac45fbe6c7d_tn-7.jpg\" alt=\"\" width=\"320\" height=\"320\" srcset=\"https:\/\/noithathomer.gleeze.com\/wp-content\/uploads\/863fd438f98c94ad71b06ac45fbe6c7d_tn-7.jpg 320w, https:\/\/noithathomer.gleeze.com\/wp-content\/uploads\/863fd438f98c94ad71b06ac45fbe6c7d_tn-7-300x300.jpg 300w, https:\/\/noithathomer.gleeze.com\/wp-content\/uploads\/863fd438f98c94ad71b06ac45fbe6c7d_tn-7-100x100.jpg 100w\" sizes=\"(max-width: 320px) 100vw, 320px\" \/> <img decoding=\"async\" loading=\"lazy\" class=\"alignnone size-full wp-image-2148\" src=\"https:\/\/noithathomer.gleeze.com\/wp-content\/uploads\/sg-11134201-22110-f7erdyr9lckv57_tn.jpg\" alt=\"\" width=\"320\" height=\"320\" srcset=\"https:\/\/noithathomer.gleeze.com\/wp-content\/uploads\/sg-11134201-22110-f7erdyr9lckv57_tn.jpg 320w, https:\/\/noithathomer.gleeze.com\/wp-content\/uploads\/sg-11134201-22110-f7erdyr9lckv57_tn-300x300.jpg 300w, https:\/\/noithathomer.gleeze.com\/wp-content\/uploads\/sg-11134201-22110-f7erdyr9lckv57_tn-100x100.jpg 100w\" sizes=\"(max-width: 320px) 100vw, 320px\" \/><\/div>\n<div>Gi\u00e1 \u0111\u1ec3 chai l\u1ecd d\u01b0\u1edbi ch\u1eadu r\u1eeda FS SB200S l\u00e0 m\u1ed9t trong nh\u1eefng s\u1ea3n ph\u1ea9m n\u1eb1m trong h\u1ec7 th\u1ed1ng \u0111\u1ed3ng b\u1ed9 ph\u00f2ng b\u1ebfp c\u1ee7a Faster<\/div>\n<div>Gi\u00e1 \u0111\u1ec3 chai l\u1ecd l\u00e0 tr\u1ee3 th\u1ee7 \u0111\u1eafc l\u1ef1c cho ng\u01b0\u1eddi n\u1ed9i tr\u1ee3 Vi\u1ec7t gi\u00fap ng\u01b0\u1eddi n\u1ed9i tr\u1ee3 Vi\u1ec7t s\u1eed d\u1ee5ng ti\u1ec7n l\u1ee3i, gi\u00fap kh\u00f4ng gian b\u1ebfp th\u00eam g\u1ecdn g\u00e0ng, sang tr\u1ecdng. Gi\u00e1 \u0111\u1ec3 chai l\u1ecd FS SB200S \u0111\u01b0\u1ee3c l\u00e0m t\u1eeb ch\u1ea5t li\u1ec7u th\u00e9p s\u01a1n t\u0129nh \u0111i\u1ec7n b\u1ec1n, \u0111\u1eb9p. V\u1edbi thi\u1ebft k\u1ebf nh\u1ecf g\u1ecdn ray gi\u1ea3m ch\u1ea5n g\u1eafn li\u1ec1n \u0111\u01b0\u1ee3c l\u1eafp v\u00e0o b\u00ean d\u01b0\u1edbi c\u1ee7a ch\u1eadu r\u1eeda gi\u00fap \u0111\u00f3ng m\u1edf nh\u1eb9 nh\u00e0ng, tr\u00e1nh va \u0111\u1eadp g\u00e2y ti\u1ebfng \u1ed3n, an to\u00e0n v\u1edbi nh\u00e0 c\u00f3 tr\u1ebb nh\u1ecf, r\u1ea5t th\u00e2n thi\u1ec7n v\u1edbi ng\u01b0\u1eddi d\u00f9ng \u2026<\/div>\n<div><\/div>\n<div>FS SB200 c\u00f3 th\u1ec3 b\u1eaft \u0111\u01b0\u1ee3c c\u1ea3 m\u1eb7t c\u00e1nh khi l\u1eafp \u0111\u1eb7t v\u00e0o m\u1ed9t khoang \u0111\u1ed9c l\u1eadp. Ch\u1ee9c n\u0103ng ch\u00ednh l\u00e0 \u0111\u1ec3 n\u01b0\u1edbc r\u1eeda b\u00e1t, n\u01b0\u1edbc r\u1eeda tay, c\u1ecd xoong, treo kh\u0103n\u2026 ngay d\u01b0\u1edbi ch\u1eadu r\u1eeda, gi\u00fap ng\u01b0\u1eddi n\u1ed9i tr\u1ee3 thu\u1eadn ti\u1ec7n khi s\u1eed d\u1ee5ng.<\/div>\n<div><\/div>\n<div>Kh\u00f4ng ch\u1ec9 r\u1ea5t ti\u1ec7n l\u1ee3i m\u00e0 gi\u00e1 \u0111\u1ec3 chai l\u1ecd c\u00f2n r\u1ea5t d\u1ec5 d\u00e0ng v\u1ec7 sinh, d\u1ec5 d\u00e0ng s\u1eafp x\u1ebfp c\u0169ng nh\u01b0 th\u00edch h\u1ee3p l\u1eafp \u0111\u1eb7t cho c\u1ea3 nh\u1eefng ph\u00f2ng b\u1ebfp c\u00f3 di\u1ec7n t\u00edch nh\u1ecf, h\u1eb9p. T\u1ea5t c\u1ea3 c\u00e1c \u0111\u1ed3 v\u1eadt d\u1ee5ng khu v\u1ef1c ch\u1eadu r\u1eeda \u0111\u01b0\u1ee3c s\u1eafp x\u1ebfp khoa h\u1ecdc \u0111\u1ea3m b\u1ea3o ph\u00f2ng b\u1ebfp lu\u00f4n g\u1ecdn g\u00e0ng, s\u1ea1ch s\u1ebd.<\/div>\n<div><\/div>\n<div>&#8212;&#8212;&#8212;&#8212;&#8212;&#8212;&#8212;&#8212;&#8212;&#8212;&#8212;&#8212;&#8212;&#8211;<\/div>\n<div>Hotline: 0869.287.259<\/div>\n<div>\u0110\u1ecba ch\u1ec9: An B\u00ecnh City, 232 Ph\u1ea1m V\u0103n \u0110\u1ed3ng, Q.B\u1eafc T\u1eeb Li\u00eam, H\u00e0 N\u1ed9i<\/div>\n","protected":false},"excerpt":{"rendered":"<p>CH\u00cdNH H\u00c3NG 100% &#8212;&#8212;&#8212;&#8212;&#8212;&#8212;&#8212;&#8212;&#8212; TH\u00d4NG TIN S\u1ea2N PH\u1ea8M Gi\u00e1 \u0111\u1ec3 chai l\u1ecd d\u01b0\u1edbi ch\u1eadu r\u1eeda Ch\u1ea5t li\u1ec7u: inox 304 Phi\u00ean b\u1ea3n m\u1edf c\u00e1nh \u0110\u1ed9 r\u1ed9ng c\u00e1nh: 200mm K\u00edch th\u01b0\u1edbc s\u1ea3n ph\u1ea9m: W160xD380xH465mm Gi\u00e1 \u0111\u1ec3 chai l\u1ecd d\u01b0\u1edbi ch\u1eadu r\u1eeda FS SB200S l\u00e0 m\u1ed9t trong nh\u1eefng s\u1ea3n ph\u1ea9m n\u1eb1m trong h\u1ec7 th\u1ed1ng \u0111\u1ed3ng b\u1ed9 ph\u00f2ng b\u1ebfp [&#8230;]\n","protected":false},"featured_media":2148,"comment_status":"open","ping_status":"closed","template":"","meta":[],"product_cat":[78,67],"product_tag":[],"_links":{"self":[{"href":"https:\/\/noithathomer.gleeze.com\/index.php?rest_route=\/wp\/v2\/product\/2146"}],"collection":[{"href":"https:\/\/noithathomer.gleeze.com\/index.php?rest_route=\/wp\/v2\/product"}],"about":[{"href":"https:\/\/noithathomer.gleeze.com\/index.php?rest_route=\/wp\/v2\/types\/product"}],"replies":[{"embeddable":true,"href":"https:\/\/noithathomer.gleeze.com\/index.php?rest_route=%2Fwp%2Fv2%2Fcomments&post=2146"}],"wp:featuredmedia":[{"embeddable":true,"href":"https:\/\/noithathomer.gleeze.com\/index.php?rest_route=\/wp\/v2\/media\/2148"}],"wp:attachment":[{"href":"https:\/\/noithathomer.gleeze.com\/index.php?rest_route=%2Fwp%2Fv2%2Fmedia&parent=2146"}],"wp:term":[{"taxonomy":"product_cat","embeddable":true,"href":"https:\/\/noithathomer.gleeze.com\/index.php?rest_route=%2Fwp%2Fv2%2Fproduct_cat&post=2146"},{"taxonomy":"product_tag","embeddable":true,"href":"https:\/\/noithathomer.gleeze.com\/index.php?rest_route=%2Fwp%2Fv2%2Fproduct_tag&post=2146"}],"curies":[{"name":"wp","href":"https:\/\/api.w.org\/{rel}","templated":true}]}}