{"id":2110,"date":"2023-01-09T15:08:52","date_gmt":"2023-01-09T08:08:52","guid":{"rendered":"https:\/\/noithathomer.com\/?post_type=product&#038;p=2110"},"modified":"2023-01-09T15:08:53","modified_gmt":"2023-01-09T08:08:53","slug":"chinh-hang-garis-thung-rac-doi-canh-keo-gw06-gw07","status":"publish","type":"product","link":"https:\/\/noithathomer.gleeze.com\/?product=chinh-hang-garis-thung-rac-doi-canh-keo-gw06-gw07","title":{"rendered":"[CH\u00cdNH H\u00c3NG] GARIS &#8211; Th\u00f9ng r\u00e1c \u0111\u00f4i, c\u00e1nh k\u00e9o GW06\/GW07"},"content":{"rendered":"<div><img decoding=\"async\" loading=\"lazy\" class=\"alignnone size-full wp-image-2113\" src=\"https:\/\/noithathomer.gleeze.com\/wp-content\/uploads\/454f04c1c86e4d0e57a58ffac6c63f20_tn.jpg\" alt=\"\" width=\"320\" height=\"320\" srcset=\"https:\/\/noithathomer.gleeze.com\/wp-content\/uploads\/454f04c1c86e4d0e57a58ffac6c63f20_tn.jpg 320w, https:\/\/noithathomer.gleeze.com\/wp-content\/uploads\/454f04c1c86e4d0e57a58ffac6c63f20_tn-300x300.jpg 300w, https:\/\/noithathomer.gleeze.com\/wp-content\/uploads\/454f04c1c86e4d0e57a58ffac6c63f20_tn-100x100.jpg 100w\" sizes=\"(max-width: 320px) 100vw, 320px\" \/> <img decoding=\"async\" loading=\"lazy\" class=\"alignnone size-full wp-image-2112\" src=\"https:\/\/noithathomer.gleeze.com\/wp-content\/uploads\/5982be69f8920dff7d3d79c718e67539_tn.jpg\" alt=\"\" width=\"320\" height=\"320\" srcset=\"https:\/\/noithathomer.gleeze.com\/wp-content\/uploads\/5982be69f8920dff7d3d79c718e67539_tn.jpg 320w, https:\/\/noithathomer.gleeze.com\/wp-content\/uploads\/5982be69f8920dff7d3d79c718e67539_tn-300x300.jpg 300w, https:\/\/noithathomer.gleeze.com\/wp-content\/uploads\/5982be69f8920dff7d3d79c718e67539_tn-100x100.jpg 100w\" sizes=\"(max-width: 320px) 100vw, 320px\" \/> <img decoding=\"async\" loading=\"lazy\" class=\"alignnone size-full wp-image-2111\" src=\"https:\/\/noithathomer.gleeze.com\/wp-content\/uploads\/sg-11134201-22100-xlg7wgdjubjvf7_tn-2.jpg\" alt=\"\" width=\"320\" height=\"320\" srcset=\"https:\/\/noithathomer.gleeze.com\/wp-content\/uploads\/sg-11134201-22100-xlg7wgdjubjvf7_tn-2.jpg 320w, https:\/\/noithathomer.gleeze.com\/wp-content\/uploads\/sg-11134201-22100-xlg7wgdjubjvf7_tn-2-300x300.jpg 300w, https:\/\/noithathomer.gleeze.com\/wp-content\/uploads\/sg-11134201-22100-xlg7wgdjubjvf7_tn-2-100x100.jpg 100w\" sizes=\"(max-width: 320px) 100vw, 320px\" \/><\/div>\n<div>1. MODEL: GW06.30G &#8211; Th\u00f9ng r\u00e1c \u0111\u00f4i, c\u00e1nh k\u00e9o (1*10L, 1*20L)<\/div>\n<div><\/div>\n<div>&#8211; Ch\u1ea5t li\u1ec7u: B\u1eb1ng nh\u1ef1a ABS cao c\u1ea5p.<\/div>\n<div>&#8211; T\u1ea3i tr\u1ecdng: 30kg<\/div>\n<div>&#8211; M\u00e0u s\u1eafc: X\u00e1m<\/div>\n<div>&#8211; Ray bi gi\u1ea3m ch\u1ea5n m\u1edf to\u00e0n ph\u1ea7n, khung b\u1eaft \u0111\u00e1y<\/div>\n<div>B\u1ea3o h\u00e0nh 1 n\u0103m.<\/div>\n<div>K\u00edch th\u01b0\u1edbc s\u1ea3n ph\u1ea9m:<\/div>\n<div>GW06.30G R262*S500*C420<\/div>\n<div><\/div>\n<div>2. MODEL: GW06.30W &#8211; Th\u00f9ng r\u00e1c \u0111\u00f4i, c\u00e1nh k\u00e9o (1*10L, 1*20L)<\/div>\n<div><\/div>\n<div>&#8211; Ch\u1ea5t li\u1ec7u: B\u1eb1ng nh\u1ef1a ABS cao c\u1ea5p.<\/div>\n<div>&#8211; T\u1ea3i tr\u1ecdng: 30kg<\/div>\n<div>&#8211; M\u00e0u s\u1eafc: Tr\u1eafng<\/div>\n<div>&#8211; Ray bi gi\u1ea3m ch\u1ea5n m\u1edf to\u00e0n ph\u1ea7n, khung b\u1eaft \u0111\u00e1y<\/div>\n<div>B\u1ea3o h\u00e0nh 1 n\u0103m.<\/div>\n<div>K\u00edch th\u01b0\u1edbc s\u1ea3n ph\u1ea9m:<\/div>\n<div>GW06.30W R262*S500*C420<\/div>\n<div><\/div>\n<div>3.MODEL: GW07.40 &#8211; Th\u00f9ng r\u00e1c \u0111\u00f4i, c\u00e1nh k\u00e9o (2*18L)<\/div>\n<div><\/div>\n<div>&#8211; Ch\u1ea5t li\u1ec7u: B\u1eb1ng nh\u1ef1a ABS cao c\u1ea5p.<\/div>\n<div>&#8211; T\u1ea3i tr\u1ecdng:\u00a0 36kg<\/div>\n<div>&#8211; M\u00e0u s\u1eafc: Ghi x\u00e1m<\/div>\n<div>&#8211; Ray h\u1ed9p gi\u1ea3m ch\u1ea5n b\u1eaft h\u1ed3i t\u1ee7:<\/div>\n<div>B\u1ea3o h\u00e0nh 1 n\u0103m.<\/div>\n<div>K\u00edch th\u01b0\u1edbc s\u1ea3n ph\u1ea9m:<\/div>\n<div>GW07.40 R365*S500*C506<\/div>\n<div><\/div>\n<div>C\u00e1c s\u1ea3n ph\u1ea9m c\u1ee7a GARIS \u0111\u1ec1u \u0111\u01b0\u1ee3c g\u1eafn tem ch\u1ed1ng h\u00e0ng gi\u1ea3 v\u00e0 b\u1ea3o h\u00e0nh ch\u00ednh h\u00e3ng.<\/div>\n<div>&#8212;&#8212;&#8212;&#8212;&#8212;&#8212;&#8212;&#8212;&#8212;&#8212;&#8212;&#8212;&#8212;&#8211;<\/div>\n<div>Hotline: 0869.287.259<\/div>\n<div>\u0110\u1ecba ch\u1ec9: An B\u00ecnh City, 232 Ph\u1ea1m V\u0103n \u0110\u1ed3ng, Q.B\u1eafc T\u1eeb Li\u00eam, H\u00e0 N\u1ed9i<\/div>\n","protected":false},"excerpt":{"rendered":"<p>1. MODEL: GW06.30G &#8211; Th\u00f9ng r\u00e1c \u0111\u00f4i, c\u00e1nh k\u00e9o (1*10L, 1*20L) &#8211; Ch\u1ea5t li\u1ec7u: B\u1eb1ng nh\u1ef1a ABS cao c\u1ea5p. &#8211; T\u1ea3i tr\u1ecdng: 30kg &#8211; M\u00e0u s\u1eafc: X\u00e1m &#8211; Ray bi gi\u1ea3m ch\u1ea5n m\u1edf to\u00e0n ph\u1ea7n, khung b\u1eaft \u0111\u00e1y B\u1ea3o h\u00e0nh 1 n\u0103m. K\u00edch th\u01b0\u1edbc s\u1ea3n ph\u1ea9m: GW06.30G R262*S500*C420 2. MODEL: GW06.30W &#8211; Th\u00f9ng r\u00e1c \u0111\u00f4i, [&#8230;]\n","protected":false},"featured_media":2113,"comment_status":"open","ping_status":"closed","template":"","meta":[],"product_cat":[67,79],"product_tag":[],"_links":{"self":[{"href":"https:\/\/noithathomer.gleeze.com\/index.php?rest_route=\/wp\/v2\/product\/2110"}],"collection":[{"href":"https:\/\/noithathomer.gleeze.com\/index.php?rest_route=\/wp\/v2\/product"}],"about":[{"href":"https:\/\/noithathomer.gleeze.com\/index.php?rest_route=\/wp\/v2\/types\/product"}],"replies":[{"embeddable":true,"href":"https:\/\/noithathomer.gleeze.com\/index.php?rest_route=%2Fwp%2Fv2%2Fcomments&post=2110"}],"wp:featuredmedia":[{"embeddable":true,"href":"https:\/\/noithathomer.gleeze.com\/index.php?rest_route=\/wp\/v2\/media\/2113"}],"wp:attachment":[{"href":"https:\/\/noithathomer.gleeze.com\/index.php?rest_route=%2Fwp%2Fv2%2Fmedia&parent=2110"}],"wp:term":[{"taxonomy":"product_cat","embeddable":true,"href":"https:\/\/noithathomer.gleeze.com\/index.php?rest_route=%2Fwp%2Fv2%2Fproduct_cat&post=2110"},{"taxonomy":"product_tag","embeddable":true,"href":"https:\/\/noithathomer.gleeze.com\/index.php?rest_route=%2Fwp%2Fv2%2Fproduct_tag&post=2110"}],"curies":[{"name":"wp","href":"https:\/\/api.w.org\/{rel}","templated":true}]}}