{"id":2106,"date":"2023-01-09T15:03:49","date_gmt":"2023-01-09T08:03:49","guid":{"rendered":"https:\/\/noithathomer.com\/?post_type=product&#038;p=2106"},"modified":"2023-01-09T15:03:50","modified_gmt":"2023-01-09T08:03:50","slug":"chinh-hang-noi-chien-khong-dau-7-lit-faster-mgr7sbt","status":"publish","type":"product","link":"https:\/\/noithathomer.gleeze.com\/?product=chinh-hang-noi-chien-khong-dau-7-lit-faster-mgr7sbt","title":{"rendered":"[CH\u00cdNH H\u00c3NG] N\u1ed3i Chi\u00ean Kh\u00f4ng D\u1ea7u 7 L\u00edt Faster MGR7SBT"},"content":{"rendered":"<div>TI\u00caU CH\u00cd \u0102N NGON KH\u00d4NG LO B\u1eca B\u00c9O, \u0110\u1eb6C BI\u1ec6T N\u00d3NG \u0110I RA CH\u1ed6 KH\u00c1C CH\u01a0I\ud83d\udc4d\ud83d\udc4d\ud83d\udc4d<\/div>\n<div>SI\u00caU PH\u1ea8M \ud835\udc69\ud835\udc6c\ud835\udc7a\ud835\udc7b \ud835\udc7a\ud835\udc6c\ud835\udc73\ud835\udc73\ud835\udc6c\ud835\udc79 N\u1ed2I CHI\u00caN KH\u00d4NG D\u1ea6U QU\u1ed0C D\u00c2N \ud835\udc6d\ud835\udc68\ud835\udc7a\ud835\udc7b\ud835\udc6c\ud835\udc79 \ud835\udc74\ud835\udc6e\ud835\udc797\ud835\udc7a\ud835\udc69\ud835\udc7b \u203c\/ 7SM<\/div>\n<div><img decoding=\"async\" loading=\"lazy\" class=\"alignnone size-full wp-image-2107\" src=\"https:\/\/noithathomer.gleeze.com\/wp-content\/uploads\/sg-11134201-22100-xlg7wgdjubjvf7_tn-1.jpg\" alt=\"\" width=\"320\" height=\"320\" srcset=\"https:\/\/noithathomer.gleeze.com\/wp-content\/uploads\/sg-11134201-22100-xlg7wgdjubjvf7_tn-1.jpg 320w, https:\/\/noithathomer.gleeze.com\/wp-content\/uploads\/sg-11134201-22100-xlg7wgdjubjvf7_tn-1-300x300.jpg 300w, https:\/\/noithathomer.gleeze.com\/wp-content\/uploads\/sg-11134201-22100-xlg7wgdjubjvf7_tn-1-100x100.jpg 100w\" sizes=\"(max-width: 320px) 100vw, 320px\" \/> <img decoding=\"async\" loading=\"lazy\" class=\"alignnone size-medium wp-image-2108\" src=\"https:\/\/noithathomer.gleeze.com\/wp-content\/uploads\/sg-11134201-22100-a8cjljgcb5iv46_tn.jpg\" alt=\"\" width=\"320\" height=\"320\" srcset=\"https:\/\/noithathomer.gleeze.com\/wp-content\/uploads\/sg-11134201-22100-a8cjljgcb5iv46_tn.jpg 320w, https:\/\/noithathomer.gleeze.com\/wp-content\/uploads\/sg-11134201-22100-a8cjljgcb5iv46_tn-300x300.jpg 300w, https:\/\/noithathomer.gleeze.com\/wp-content\/uploads\/sg-11134201-22100-a8cjljgcb5iv46_tn-100x100.jpg 100w\" sizes=\"(max-width: 320px) 100vw, 320px\" \/> <img decoding=\"async\" loading=\"lazy\" class=\"alignnone size-medium wp-image-2109\" src=\"https:\/\/noithathomer.gleeze.com\/wp-content\/uploads\/sg-11134201-22100-ixmunhgcb5iv51_tn.jpg\" alt=\"\" width=\"320\" height=\"320\" srcset=\"https:\/\/noithathomer.gleeze.com\/wp-content\/uploads\/sg-11134201-22100-ixmunhgcb5iv51_tn.jpg 320w, https:\/\/noithathomer.gleeze.com\/wp-content\/uploads\/sg-11134201-22100-ixmunhgcb5iv51_tn-300x300.jpg 300w, https:\/\/noithathomer.gleeze.com\/wp-content\/uploads\/sg-11134201-22100-ixmunhgcb5iv51_tn-100x100.jpg 100w\" sizes=\"(max-width: 320px) 100vw, 320px\" \/><\/div>\n<div>N\u1ed3i chi\u00ean kh\u00f4ng d\u1ea7u \u0111ang d\u1ea7n tr\u1edf th\u00e0nh s\u1ea3n ph\u1ea9m qu\u1ed1c d\u00e2n v\u00e0 kh\u00f4ng th\u1ec3 thi\u1ebfu trong m\u1ecdi c\u0103n b\u1ebfp gia \u0111\u00ecnh.<\/div>\n<div>L\u00e0 model \u0111\u1ea7u ti\u00ean c\u1ee7a th\u01b0\u01a1ng hi\u1ec7u FASTER, s\u1ea3n ph\u1ea9m n\u1ed3i chi\u00ean kh\u00f4ng d\u1ea7u 7 l\u00edt MGR7SBT \/ 7SMlu\u00f4n l\u00e0 m\u1eabu Best Seller nh\u1edd dung t\u00ednh l\u1edbn, t\u00ednh n\u0103ng v\u01b0\u1ee3t tr\u1ed9i v\u00e0 gi\u00e1 th\u00e0nh h\u1ea5p d\u1eabn.<\/div>\n<div><\/div>\n<div>\u2705 T\u00ecm hi\u1ec3u th\u00eam: https:\/\/faster.vn\/noi-chien-khong-dau-mgr7sbt\/<\/div>\n<div>&#8212;&#8212;&#8212;&#8212;&#8212;&#8212;&#8212;&#8212;&#8212;&#8212;&#8212;&#8212;<\/div>\n<div>THI\u1ebeT B\u1eca NH\u00c0 B\u1ebeP S\u1ed0 1 VI\u1ec6T NAM<\/div>\n<div>\ud83d\udcde Hotline : 0869 287 259 | Shopee: https:\/\/shopee.vn\/thiet_bi_nha_bep_so_1_vn<\/div>\n","protected":false},"excerpt":{"rendered":"<p>TI\u00caU CH\u00cd \u0102N NGON KH\u00d4NG LO B\u1eca B\u00c9O, \u0110\u1eb6C BI\u1ec6T N\u00d3NG \u0110I RA CH\u1ed6 KH\u00c1C CH\u01a0I\ud83d\udc4d\ud83d\udc4d\ud83d\udc4d SI\u00caU PH\u1ea8M \ud835\udc69\ud835\udc6c\ud835\udc7a\ud835\udc7b \ud835\udc7a\ud835\udc6c\ud835\udc73\ud835\udc73\ud835\udc6c\ud835\udc79 N\u1ed2I CHI\u00caN KH\u00d4NG D\u1ea6U QU\u1ed0C D\u00c2N \ud835\udc6d\ud835\udc68\ud835\udc7a\ud835\udc7b\ud835\udc6c\ud835\udc79 \ud835\udc74\ud835\udc6e\ud835\udc797\ud835\udc7a\ud835\udc69\ud835\udc7b \u203c\/ 7SM N\u1ed3i chi\u00ean kh\u00f4ng d\u1ea7u \u0111ang d\u1ea7n tr\u1edf th\u00e0nh s\u1ea3n ph\u1ea9m qu\u1ed1c d\u00e2n v\u00e0 kh\u00f4ng th\u1ec3 thi\u1ebfu trong m\u1ecdi c\u0103n b\u1ebfp gia \u0111\u00ecnh. L\u00e0 model \u0111\u1ea7u [&#8230;]\n","protected":false},"featured_media":2107,"comment_status":"open","ping_status":"closed","template":"","meta":[],"product_cat":[77,67],"product_tag":[],"_links":{"self":[{"href":"https:\/\/noithathomer.gleeze.com\/index.php?rest_route=\/wp\/v2\/product\/2106"}],"collection":[{"href":"https:\/\/noithathomer.gleeze.com\/index.php?rest_route=\/wp\/v2\/product"}],"about":[{"href":"https:\/\/noithathomer.gleeze.com\/index.php?rest_route=\/wp\/v2\/types\/product"}],"replies":[{"embeddable":true,"href":"https:\/\/noithathomer.gleeze.com\/index.php?rest_route=%2Fwp%2Fv2%2Fcomments&post=2106"}],"wp:featuredmedia":[{"embeddable":true,"href":"https:\/\/noithathomer.gleeze.com\/index.php?rest_route=\/wp\/v2\/media\/2107"}],"wp:attachment":[{"href":"https:\/\/noithathomer.gleeze.com\/index.php?rest_route=%2Fwp%2Fv2%2Fmedia&parent=2106"}],"wp:term":[{"taxonomy":"product_cat","embeddable":true,"href":"https:\/\/noithathomer.gleeze.com\/index.php?rest_route=%2Fwp%2Fv2%2Fproduct_cat&post=2106"},{"taxonomy":"product_tag","embeddable":true,"href":"https:\/\/noithathomer.gleeze.com\/index.php?rest_route=%2Fwp%2Fv2%2Fproduct_tag&post=2106"}],"curies":[{"name":"wp","href":"https:\/\/api.w.org\/{rel}","templated":true}]}}