{"id":2094,"date":"2023-01-09T14:42:55","date_gmt":"2023-01-09T07:42:55","guid":{"rendered":"https:\/\/noithathomer.com\/?post_type=product&#038;p=2094"},"modified":"2023-01-09T14:42:57","modified_gmt":"2023-01-09T07:42:57","slug":"bo-noi-faster-melody-set5-set6","status":"publish","type":"product","link":"https:\/\/noithathomer.gleeze.com\/?product=bo-noi-faster-melody-set5-set6","title":{"rendered":"B\u1ed8 N\u1ed2I FASTER (Melody set5\/set6)"},"content":{"rendered":"<p>CAM K\u1ebeT CH\u00cdNH H\u00c3NG 100%<\/p>\n<p><img decoding=\"async\" loading=\"lazy\" class=\"alignnone size-full wp-image-2096\" src=\"https:\/\/noithathomer.gleeze.com\/wp-content\/uploads\/853e446901c2f4cf5e854fd66eceae72_tn-8.jpg\" alt=\"\" width=\"320\" height=\"320\" srcset=\"https:\/\/noithathomer.gleeze.com\/wp-content\/uploads\/853e446901c2f4cf5e854fd66eceae72_tn-8.jpg 320w, https:\/\/noithathomer.gleeze.com\/wp-content\/uploads\/853e446901c2f4cf5e854fd66eceae72_tn-8-300x300.jpg 300w, https:\/\/noithathomer.gleeze.com\/wp-content\/uploads\/853e446901c2f4cf5e854fd66eceae72_tn-8-100x100.jpg 100w\" sizes=\"(max-width: 320px) 100vw, 320px\" \/><br \/>\nCh\u1ea5t li\u1ec7u: Inox 304<br \/>\nSet5: B\u1ed9 03 n\u1ed3i (\u00d816, \u00d820, \u00d824),<br \/>\n01 ch\u1ea3o \u00d824, 01 qu\u00e1nh \u00d816<br \/>\nSet6: B\u1ed9 03 n\u1ed3i (\u00d816, \u00d820, \u00d824),<br \/>\n01 ch\u1ea3o \u00d824, 01 qu\u00e1nh \u00d816, x\u1eedng h\u1ea5p \u00d824<br \/>\nChuy\u00ean d\u1ee5ng cho b\u1ebfp t\u1eeb<br \/>\nCh\u1ea3o ch\u1ed1ng d\u00ednh Whitford Xylan<br \/>\nch\u1ed1ng d\u00ednh h\u00e0ng \u0111\u1ea7u c\u1ee7a M\u1ef9<br \/>\nb\u1ec1n b\u1ec9 v\u00e0 an to\u00e0n, b\u1ea3o v\u1ec7 s\u1ee9c kh\u1ecfe<br \/>\nHotline: 0869.287.259<br \/>\n\u0110\u1ecba ch\u1ec9: An B\u00ecnh City, 232 Ph\u1ea1m V\u0103n \u0110\u1ed3ng, Q.B\u1eafc T\u1eeb Li\u00eam, H\u00e0 N\u1ed9i<\/p>\n","protected":false},"excerpt":{"rendered":"<p>CAM K\u1ebeT CH\u00cdNH H\u00c3NG 100% Ch\u1ea5t li\u1ec7u: Inox 304 Set5: B\u1ed9 03 n\u1ed3i (\u00d816, \u00d820, \u00d824), 01 ch\u1ea3o \u00d824, 01 qu\u00e1nh \u00d816 Set6: B\u1ed9 03 n\u1ed3i (\u00d816, \u00d820, \u00d824), 01 ch\u1ea3o \u00d824, 01 qu\u00e1nh \u00d816, x\u1eedng h\u1ea5p \u00d824 Chuy\u00ean d\u1ee5ng cho b\u1ebfp t\u1eeb Ch\u1ea3o ch\u1ed1ng d\u00ednh Whitford Xylan ch\u1ed1ng d\u00ednh h\u00e0ng \u0111\u1ea7u c\u1ee7a M\u1ef9 b\u1ec1n [&#8230;]\n","protected":false},"featured_media":2096,"comment_status":"open","ping_status":"closed","template":"","meta":[],"product_cat":[77,67],"product_tag":[],"_links":{"self":[{"href":"https:\/\/noithathomer.gleeze.com\/index.php?rest_route=\/wp\/v2\/product\/2094"}],"collection":[{"href":"https:\/\/noithathomer.gleeze.com\/index.php?rest_route=\/wp\/v2\/product"}],"about":[{"href":"https:\/\/noithathomer.gleeze.com\/index.php?rest_route=\/wp\/v2\/types\/product"}],"replies":[{"embeddable":true,"href":"https:\/\/noithathomer.gleeze.com\/index.php?rest_route=%2Fwp%2Fv2%2Fcomments&post=2094"}],"wp:featuredmedia":[{"embeddable":true,"href":"https:\/\/noithathomer.gleeze.com\/index.php?rest_route=\/wp\/v2\/media\/2096"}],"wp:attachment":[{"href":"https:\/\/noithathomer.gleeze.com\/index.php?rest_route=%2Fwp%2Fv2%2Fmedia&parent=2094"}],"wp:term":[{"taxonomy":"product_cat","embeddable":true,"href":"https:\/\/noithathomer.gleeze.com\/index.php?rest_route=%2Fwp%2Fv2%2Fproduct_cat&post=2094"},{"taxonomy":"product_tag","embeddable":true,"href":"https:\/\/noithathomer.gleeze.com\/index.php?rest_route=%2Fwp%2Fv2%2Fproduct_tag&post=2094"}],"curies":[{"name":"wp","href":"https:\/\/api.w.org\/{rel}","templated":true}]}}