{"id":2092,"date":"2023-01-09T14:24:45","date_gmt":"2023-01-09T07:24:45","guid":{"rendered":"https:\/\/noithathomer.com\/?post_type=product&#038;p=2092"},"modified":"2023-01-09T14:24:46","modified_gmt":"2023-01-09T07:24:46","slug":"chinh-hang-faster-chao-sau-long-o32","status":"publish","type":"product","link":"https:\/\/noithathomer.gleeze.com\/?product=chinh-hang-faster-chao-sau-long-o32","title":{"rendered":"[ CH\u00cdNH H\u00c3NG ] &#8211; FASTER CH\u1ea2O S\u00c2U L\u00d2NG \u00d832"},"content":{"rendered":"<div>CAM K\u1ebeT CH\u00cdNH H\u00c3NG 100%<\/div>\n<div><img decoding=\"async\" loading=\"lazy\" class=\"alignnone size-full wp-image-2093\" src=\"https:\/\/noithathomer.gleeze.com\/wp-content\/uploads\/853e446901c2f4cf5e854fd66eceae72_tn-7.jpg\" alt=\"\" width=\"320\" height=\"320\" srcset=\"https:\/\/noithathomer.gleeze.com\/wp-content\/uploads\/853e446901c2f4cf5e854fd66eceae72_tn-7.jpg 320w, https:\/\/noithathomer.gleeze.com\/wp-content\/uploads\/853e446901c2f4cf5e854fd66eceae72_tn-7-300x300.jpg 300w, https:\/\/noithathomer.gleeze.com\/wp-content\/uploads\/853e446901c2f4cf5e854fd66eceae72_tn-7-100x100.jpg 100w\" sizes=\"(max-width: 320px) 100vw, 320px\" \/><\/div>\n<div>Ch\u1ea5t li\u1ec7u: Inox 304<\/div>\n<div>K\u00edch th\u01b0\u1edbc \u00d832<\/div>\n<div>Ch\u1ea3o ch\u1ed1ng d\u00ednh Whitford Xylan<\/div>\n<div>ch\u1ed1ng d\u00ednh h\u00e0ng\u0111\u1ea7u c\u1ee7a M\u1ef9b\u1ec1n b\u1ec9 v\u00e0 an to\u00e0n,b\u1ea3o v\u1ec7 s\u1ee9c kh\u1ecfe<\/div>\n<div>Hotline: 0869.287.259<\/div>\n<div>\u0110\u1ecba ch\u1ec9: An B\u00ecnh City, 232 Ph\u1ea1m V\u0103n \u0110\u1ed3ng, Q.B\u1eafc T\u1eeb Li\u00eam, H\u00e0 N\u1ed9i<\/div>\n","protected":false},"excerpt":{"rendered":"<p>CAM K\u1ebeT CH\u00cdNH H\u00c3NG 100% Ch\u1ea5t li\u1ec7u: Inox 304 K\u00edch th\u01b0\u1edbc \u00d832 Ch\u1ea3o ch\u1ed1ng d\u00ednh Whitford Xylan ch\u1ed1ng d\u00ednh h\u00e0ng\u0111\u1ea7u c\u1ee7a M\u1ef9b\u1ec1n b\u1ec9 v\u00e0 an to\u00e0n,b\u1ea3o v\u1ec7 s\u1ee9c kh\u1ecfe Hotline: 0869.287.259 \u0110\u1ecba ch\u1ec9: An B\u00ecnh City, 232 Ph\u1ea1m V\u0103n \u0110\u1ed3ng, Q.B\u1eafc T\u1eeb Li\u00eam, H\u00e0 N\u1ed9i<\/p>\n","protected":false},"featured_media":2093,"comment_status":"open","ping_status":"closed","template":"","meta":[],"product_cat":[77,67],"product_tag":[],"_links":{"self":[{"href":"https:\/\/noithathomer.gleeze.com\/index.php?rest_route=\/wp\/v2\/product\/2092"}],"collection":[{"href":"https:\/\/noithathomer.gleeze.com\/index.php?rest_route=\/wp\/v2\/product"}],"about":[{"href":"https:\/\/noithathomer.gleeze.com\/index.php?rest_route=\/wp\/v2\/types\/product"}],"replies":[{"embeddable":true,"href":"https:\/\/noithathomer.gleeze.com\/index.php?rest_route=%2Fwp%2Fv2%2Fcomments&post=2092"}],"wp:featuredmedia":[{"embeddable":true,"href":"https:\/\/noithathomer.gleeze.com\/index.php?rest_route=\/wp\/v2\/media\/2093"}],"wp:attachment":[{"href":"https:\/\/noithathomer.gleeze.com\/index.php?rest_route=%2Fwp%2Fv2%2Fmedia&parent=2092"}],"wp:term":[{"taxonomy":"product_cat","embeddable":true,"href":"https:\/\/noithathomer.gleeze.com\/index.php?rest_route=%2Fwp%2Fv2%2Fproduct_cat&post=2092"},{"taxonomy":"product_tag","embeddable":true,"href":"https:\/\/noithathomer.gleeze.com\/index.php?rest_route=%2Fwp%2Fv2%2Fproduct_tag&post=2092"}],"curies":[{"name":"wp","href":"https:\/\/api.w.org\/{rel}","templated":true}]}}