{"id":2079,"date":"2023-01-09T10:01:33","date_gmt":"2023-01-09T03:01:33","guid":{"rendered":"https:\/\/noithathomer.com\/?post_type=product&#038;p=2079"},"modified":"2023-01-09T10:01:53","modified_gmt":"2023-01-09T03:01:53","slug":"chinh-hang-bep-tu-doi-faster-fs741g-fs741gi","status":"publish","type":"product","link":"https:\/\/noithathomer.gleeze.com\/?product=chinh-hang-bep-tu-doi-faster-fs741g-fs741gi","title":{"rendered":"[CH\u00cdNH H\u00c3NG] B\u1ebfp t\u1eeb \u0111\u00f4i Faster FS741G FS741GI"},"content":{"rendered":"<div>FASTER \u0111\u01b0\u1ee3c bi\u1ebft \u0111\u1ebfn l\u00e0 th\u01b0\u01a1ng hi\u1ec7u thi\u1ebft b\u1ecb nh\u00e0 b\u1ebfp \u0111\u1ed3ng b\u1ed9 s\u1ed1 1 Vi\u1ec7t Nam v\u1edbi \u0111a d\u1ea1ng c\u00e1c Thi\u1ebft b\u1ecb nh\u00e0 b\u1ebfp cao c\u1ea5p, sang tr\u1ecdng v\u00e0 th\u00f4ng minh. C\u00f3 m\u1eb7t t\u1ea1i th\u1ecb tr\u01b0\u1eddng Vi\u1ec7t Nam t\u1eeb n\u0103m 2007, \u0111\u1ebfn nay, th\u01b0\u01a1ng hi\u1ec7u Faster \u0111\u00e3 nhanh ch\u00f3ng tr\u1edf th\u00e0nh m\u1ed9t trong nh\u1eefng s\u1ef1 l\u1ef1a ch\u1ecdn tin c\u1eady v\u1edbi ng\u01b0\u1eddi ti\u00eau d\u00f9ng Vi\u1ec7t.<\/div>\n<div><img decoding=\"async\" loading=\"lazy\" class=\"alignnone size-full wp-image-2080\" src=\"https:\/\/noithathomer.gleeze.com\/wp-content\/uploads\/853e446901c2f4cf5e854fd66eceae72_tn-4.jpg\" alt=\"\" width=\"320\" height=\"320\" srcset=\"https:\/\/noithathomer.gleeze.com\/wp-content\/uploads\/853e446901c2f4cf5e854fd66eceae72_tn-4.jpg 320w, https:\/\/noithathomer.gleeze.com\/wp-content\/uploads\/853e446901c2f4cf5e854fd66eceae72_tn-4-300x300.jpg 300w, https:\/\/noithathomer.gleeze.com\/wp-content\/uploads\/853e446901c2f4cf5e854fd66eceae72_tn-4-100x100.jpg 100w\" sizes=\"(max-width: 320px) 100vw, 320px\" \/> <img decoding=\"async\" loading=\"lazy\" class=\"alignnone size-full wp-image-2082\" src=\"https:\/\/noithathomer.gleeze.com\/wp-content\/uploads\/e6cfa338c98fe2009f484dc218d0589d_tn.jpg\" alt=\"\" width=\"320\" height=\"320\" srcset=\"https:\/\/noithathomer.gleeze.com\/wp-content\/uploads\/e6cfa338c98fe2009f484dc218d0589d_tn.jpg 320w, https:\/\/noithathomer.gleeze.com\/wp-content\/uploads\/e6cfa338c98fe2009f484dc218d0589d_tn-300x300.jpg 300w, https:\/\/noithathomer.gleeze.com\/wp-content\/uploads\/e6cfa338c98fe2009f484dc218d0589d_tn-100x100.jpg 100w\" sizes=\"(max-width: 320px) 100vw, 320px\" \/><\/div>\n<div>B\u1ebfp T\u1eeb \u0110\u00f4i Faster FS 741G\/GI (7400W) v\u1edbi thi\u1ebft k\u1ebf si\u00eau m\u1ecfng, b\u1ec1 m\u1eb7t b\u1ebfp m\u00e0u \u0111en s\u00e1ng b\u00f3ng k\u1ebft h\u1ee3p v\u1edbi nh\u1eefng \u0111\u01b0\u1eddng k\u1ebb \u0111\u1ecbnh v\u1ecb n\u1ed3i tinh t\u1ebf, b\u1eaft m\u1eaft. Thi\u1ebft b\u1ecb s\u1ebd mang \u0111\u1ebfn v\u1ebb sang tr\u1ecdng v\u00e0 tinh t\u1ebf cho kh\u00f4ng gian c\u0103n b\u1ebfp ng\u00f4i nh\u00e0 b\u1ea1n.<\/div>\n<div><\/div>\n<div>B\u1ec1 m\u1eb7t b\u1ebfp \u0111\u01b0\u1ee3c thi\u1ebft k\u1ebf t\u1eeb k\u00ednh Schott Ceran \u0111\u01b0\u1ee3c s\u1ea3n xu\u1ea5t t\u1eeb \u0110\u1ee9c v\u1edbi kh\u1ea3 n\u0103ng ch\u1ecbu l\u1ef1c, ch\u1ecbu nhi\u1ec7t. K\u00ednh \u0111\u01b0\u1ee3c l\u00e0m t\u1eeb h\u1ed7n h\u1ee3p g\u1ed1m th\u1ee7y tinh \u0111\u1eb7c bi\u1ec7t c\u00f3 kh\u1ea3 n\u0103ng kh\u00e1ng ch\u1ed1ng l\u1ea1i nh\u1eefng c\u00fa s\u1ed1c nhi\u1ec7t \u0111\u1ed9 \u0111\u1ed9t ng\u1ed9t l\u00ean \u0111\u1ebfn 800\u00baC.<\/div>\n<div>Nh\u1edd v\u1eady, b\u1ea1n c\u00f3 th\u1ec3 th\u1ecfa s\u1ee9c s\u00e1ng t\u1ea1o c\u00e1c m\u00f3n \u0103n m\u00e0 kh\u00f4ng lo m\u1eb7t b\u1ebfp b\u1ecb n\u1ee9t, v\u1ee1 trong qu\u00e1 tr\u00ecnh ho\u1ea1t \u0111\u1ed9ng. M\u1eb7t k\u00ednh tr\u01a1n, ch\u1ed1ng tr\u1ea7y x\u01b0\u1edbc s\u1ebd gi\u00fap b\u1ea1n d\u1ec5 d\u00e0ng v\u1ec7 sinh, kh\u00f4ng lo v\u1ebft d\u1ea7u m\u1ee1 b\u1ebft d\u00ednh.<\/div>\n<div><\/div>\n<div>Ngo\u00e0i kh\u1ea3 n\u0103ng ch\u1ed1ng tr\u1ea7y x\u01b0\u1edbc, \u01b0u \u0111i\u1ec3m v\u01b0\u1ee3t tr\u1ed9i c\u1ee7a v\u1eadt li\u1ec7u l\u00e0 kh\u1ea3 n\u0103ng ch\u1ed1ng s\u00f9i hi\u1ec7u qu\u1ea3, ngay c\u1ea3 khi d\u00f9ng dao c\u1ea1o \u0111\u1ec3 v\u1ec7 sinh m\u1eb7t b\u1ebfp.<\/div>\n<div><\/div>\n<div>Th\u00f4ng s\u1ed1 chi ti\u1ebft s\u1ea3n ph\u1ea9m:<\/div>\n<div>1. MODEL FS741G:<\/div>\n<div>&#8211; B\u1ebfp 02 l\u00f2: 02 l\u00f2 t\u1eeb, vi\u1ec1n c\u1ea1nh n\u1eb9p nh\u00f4m.<\/div>\n<div>\u00a0 \u00a0 \u00a0 \u00a0 \u00a0 \u00a0 \u00a0 \u00a0 \u00a0 \u00a0 T\u1ef1 \u0111\u1ed9ng chia s\u1ebb c\u00f4ng su\u1ea5t.<\/div>\n<div>\u00a0 \u00a0 \u00a0 \u00a0 \u00a0 \u00a0 \u00a0 \u00a0 \u00a0 \u00a0 Ti\u1ebft ki\u1ec7m 30% \u0111i\u1ec7n n\u0103ng ti\u00eau th\u1ee5.<\/div>\n<div>\u00a0 \u00a0 \u00a0 \u00a0 \u00a0 \u00a0 \u00a0 \u00a0 \u00a0 \u00a0 \u00a0C\u00f4ng ngh\u1ec7 Inverter, Heart up &#8211; automatic, pause&amp; recall, warming.<\/div>\n<div>&#8211; T\u1ed5ng c\u00f4ng su\u1ea5t: 4000W<\/div>\n<div>&#8211; B\u1ebfp tr\u00e1i: 2300 &#8211; booster 3700W<\/div>\n<div>&#8211; B\u1ebfp ph\u1ea3i: 2300 &#8211; booster 3700W<\/div>\n<div>&#8211; \u0110i\u1ec7n n\u0103ng s\u1eed d\u1ee5ng: 220-240V\/50-60Hz<\/div>\n<div>&#8211; KT m\u1eb7t k\u00ednh: 730 x 420 mm<\/div>\n<div>&#8211; KT kho\u00e9t \u0111\u00e1: 670 x 380 mm<\/div>\n<div><\/div>\n<div>2. MODEL FS741GI:<\/div>\n<div>&#8211; B\u1ebfp 02 l\u00f2: 02 l\u00f2 t\u1eeb, vi\u1ec1n c\u1ea1nh n\u1eb9p nh\u00f4m.<\/div>\n<div>\u00a0 \u00a0 \u00a0 \u00a0 \u00a0 \u00a0 \u00a0 \u00a0 \u00a0 \u00a0 T\u1ef1 \u0111\u1ed9ng chia s\u1ebb c\u00f4ng su\u1ea5t.<\/div>\n<div>\u00a0 \u00a0 \u00a0 \u00a0 \u00a0 \u00a0 \u00a0 \u00a0 \u00a0 \u00a0 Ti\u1ebft ki\u1ec7m 30% \u0111i\u1ec7n n\u0103ng ti\u00eau th\u1ee5.<\/div>\n<div>\u00a0 \u00a0 \u00a0 \u00a0 \u00a0 \u00a0 \u00a0 \u00a0 \u00a0 \u00a0 C\u00f4ng ngh\u1ec7 Inverter<\/div>\n<div>&#8211; T\u1ed5ng c\u00f4ng su\u1ea5t: 4000W<\/div>\n<div>&#8211; B\u1ebfp tr\u00e1i: 2300 &#8211; booster 3700W<\/div>\n<div>&#8211; B\u1ebfp ph\u1ea3i: 14 &#8211; booster 2200W<\/div>\n<div>&#8211; \u0110i\u1ec7n n\u0103ng s\u1eed d\u1ee5ng: 220-240V\/50-60Hz<\/div>\n<div>&#8211; KT m\u1eb7t k\u00ednh: 730 x 420 mm<\/div>\n<div>&#8211; KT kho\u00e9t \u0111\u00e1: 690 x 390 mm<\/div>\n<div><\/div>\n<div>&#8211; Xu\u1ea5t x\u1ee9: \u0110\u1ee9c<\/div>\n<div>&#8212;&#8212;&#8212;&#8212;&#8212;&#8212;&#8212;&#8212;&#8212;&#8212;&#8212;&#8212;&#8212;&#8211;<\/div>\n<div>Hotline: 0869.287.259<\/div>\n<div>\u0110\u1ecba ch\u1ec9: An B\u00ecnh City, 232 Ph\u1ea1m V\u0103n \u0110\u1ed3ng, Q.B\u1eafc T\u1eeb Li\u00eam, H\u00e0 N\u1ed9i<\/div>\n","protected":false},"excerpt":{"rendered":"<p>FASTER \u0111\u01b0\u1ee3c bi\u1ebft \u0111\u1ebfn l\u00e0 th\u01b0\u01a1ng hi\u1ec7u thi\u1ebft b\u1ecb nh\u00e0 b\u1ebfp \u0111\u1ed3ng b\u1ed9 s\u1ed1 1 Vi\u1ec7t Nam v\u1edbi \u0111a d\u1ea1ng c\u00e1c Thi\u1ebft b\u1ecb nh\u00e0 b\u1ebfp cao c\u1ea5p, sang tr\u1ecdng v\u00e0 th\u00f4ng minh. C\u00f3 m\u1eb7t t\u1ea1i th\u1ecb tr\u01b0\u1eddng Vi\u1ec7t Nam t\u1eeb n\u0103m 2007, \u0111\u1ebfn nay, th\u01b0\u01a1ng hi\u1ec7u Faster \u0111\u00e3 nhanh ch\u00f3ng tr\u1edf th\u00e0nh m\u1ed9t trong nh\u1eefng [&#8230;]\n","protected":false},"featured_media":2080,"comment_status":"open","ping_status":"closed","template":"","meta":[],"product_cat":[77,67],"product_tag":[],"_links":{"self":[{"href":"https:\/\/noithathomer.gleeze.com\/index.php?rest_route=\/wp\/v2\/product\/2079"}],"collection":[{"href":"https:\/\/noithathomer.gleeze.com\/index.php?rest_route=\/wp\/v2\/product"}],"about":[{"href":"https:\/\/noithathomer.gleeze.com\/index.php?rest_route=\/wp\/v2\/types\/product"}],"replies":[{"embeddable":true,"href":"https:\/\/noithathomer.gleeze.com\/index.php?rest_route=%2Fwp%2Fv2%2Fcomments&post=2079"}],"wp:featuredmedia":[{"embeddable":true,"href":"https:\/\/noithathomer.gleeze.com\/index.php?rest_route=\/wp\/v2\/media\/2080"}],"wp:attachment":[{"href":"https:\/\/noithathomer.gleeze.com\/index.php?rest_route=%2Fwp%2Fv2%2Fmedia&parent=2079"}],"wp:term":[{"taxonomy":"product_cat","embeddable":true,"href":"https:\/\/noithathomer.gleeze.com\/index.php?rest_route=%2Fwp%2Fv2%2Fproduct_cat&post=2079"},{"taxonomy":"product_tag","embeddable":true,"href":"https:\/\/noithathomer.gleeze.com\/index.php?rest_route=%2Fwp%2Fv2%2Fproduct_tag&post=2079"}],"curies":[{"name":"wp","href":"https:\/\/api.w.org\/{rel}","templated":true}]}}