{"id":2076,"date":"2023-01-09T09:49:53","date_gmt":"2023-01-09T02:49:53","guid":{"rendered":"https:\/\/noithathomer.com\/?post_type=product&#038;p=2076"},"modified":"2023-01-09T09:49:54","modified_gmt":"2023-01-09T02:49:54","slug":"chinh-hang-faster-gia-treo-da-nang-fs-rs207t","status":"publish","type":"product","link":"https:\/\/noithathomer.gleeze.com\/?product=chinh-hang-faster-gia-treo-da-nang-fs-rs207t","title":{"rendered":"[CH\u00cdNH H\u00c3NG] FASTER GI\u00c1 TREO \u0110A N\u0102NG FS RS207T"},"content":{"rendered":"<div>CH\u00cdNH H\u00c3NG 100%<\/div>\n<div>&#8212;&#8212;&#8212;&#8212;&#8212;&#8212;&#8212;&#8212;&#8212;<\/div>\n<div>TH\u00d4NG TIN S\u1ea2N PH\u1ea8M<\/div>\n<div><img decoding=\"async\" loading=\"lazy\" class=\"alignnone size-full wp-image-2078\" src=\"https:\/\/noithathomer.gleeze.com\/wp-content\/uploads\/853e446901c2f4cf5e854fd66eceae72_tn-3.jpg\" alt=\"\" width=\"320\" height=\"320\" srcset=\"https:\/\/noithathomer.gleeze.com\/wp-content\/uploads\/853e446901c2f4cf5e854fd66eceae72_tn-3.jpg 320w, https:\/\/noithathomer.gleeze.com\/wp-content\/uploads\/853e446901c2f4cf5e854fd66eceae72_tn-3-300x300.jpg 300w, https:\/\/noithathomer.gleeze.com\/wp-content\/uploads\/853e446901c2f4cf5e854fd66eceae72_tn-3-100x100.jpg 100w\" sizes=\"(max-width: 320px) 100vw, 320px\" \/><\/div>\n<div>Gi\u00e1 treo gi\u1ea5y \u0111a n\u0103ng, l\u1eafp gi\u1eefa t\u1ee7 tr\u00ean v\u00e0 t\u1ee7<\/div>\n<div>d\u01b0\u1edbi (\u0110\u00e3 bao g\u1ed3m \u1ed1c v\u00e0 thanh treo)<\/div>\n<div>Ch\u1ea5t li\u1ec7u: Th\u00e9p m\u1ea1 crom<\/div>\n<div>K\u00edch th\u01b0\u1edbc s\u1ea3n ph\u1ea9m:<\/div>\n<div>W350xD165xH360mm<\/div>\n<div><\/div>\n<div>GI\u00c1 TREO GI\u1ea4Y \u0110A N\u0102NG | FASTER FS-RS207T | TH\u00c9P M\u1ea0 CHROME | THI\u1ebeT K\u1ebe SANG TR\u1eccNG<\/div>\n<div>Gi\u00e1 treo \u0111a n\u0103ng Faster FS-RS207T v\u1edbi thi\u1ebft k\u1ebf \u0111\u01a1n gi\u1ea3n nh\u01b0ng c\u00f3 gi\u00e1 tr\u1ecb s\u1eed d\u1ee5ng cao. Gi\u00e1 treo \u0111a n\u0103ng c\u00f3 th\u1ec3 \u0111\u01b0\u1ee3c s\u1eed d\u1ee5ng \u0111\u1ec3 m\u00e0ng b\u1ecdc th\u1ef1c ph\u1ea9m, \u0111\u1ec3 gi\u1ea5y \u0103n \u2026 Ch\u1ea5t li\u1ec7u th\u00e9p m\u1ea1 Chrome b\u1ec1n \u0111\u1eb9p, s\u00e1ng b\u00f3ng theo th\u1eddi gian \u0111\u00e3 bao g\u1ed3m thanh treo inox, \u1ed1c inox v\u00e0 \u0111\u1ea7u b\u1ecbt. Gi\u00e1 treo \u0111a n\u0103ng \u0111\u01b0\u1ee3c \u0111\u00e1nh gi\u00e1 l\u00e0 s\u1ea3n ph\u1ea9m gi\u00fap ph\u00f2ng b\u1ebfp \u0111\u1eb9p, khoa h\u1ecdc h\u01a1n, gi\u00fap ng\u01b0\u1eddi n\u1ed9i tr\u1ee3 s\u1eed d\u1ee5ng hi\u1ec7u qu\u1ea3, ti\u1ec7n l\u1ee3i h\u01a1n.<\/div>\n<div><\/div>\n<div>Thay v\u00ec ph\u1ea3i c\u1ea5t m\u00e0ng b\u1ecdc th\u1ef1c ph\u1ea9m, gi\u1ea5y \u0103n \u2026 trong t\u1ee7 th\u00ec ch\u1ec9 v\u1edbi gi\u00e1 treo \u0111a n\u0103ng Faster FS-RS207T ng\u01b0\u1eddi n\u1ed9i tr\u1ee3 c\u00f3 th\u1ec3 l\u1ea5y v\u00e0 s\u1eed d\u1ee5ng nhanh g\u1ecdn h\u01a1n. Thi\u1ebft k\u1ebf c\u00e1c thanh inox b\u1ec1n \u0111\u1eb9p, ch\u1eafc ch\u1eafn c\u00f3 th\u1ec3 l\u1eafp \u0111\u1eb7t gi\u1eefa t\u1ee7 tr\u00ean v\u00e0 t\u1ee7 d\u01b0\u1edbi ch\u1eafc ch\u1eafn s\u1ebd l\u00e0 thi\u1ebft b\u1ecb h\u1eefu d\u1ee5ng h\u1ed7 tr\u1ee3 ng\u01b0\u1eddi n\u1ed9i tr\u1ee3. V\u1edbi gi\u00e1 treo \u0111a n\u0103ng Faster FS-RS207T ng\u01b0\u1eddi n\u1ed9i tr\u1ee3 s\u1ebd kh\u00f4ng ph\u1ea3i m\u1ea5t th\u1eddi gian l\u1ef1a ch\u1ecdn c\u0169ng nh\u01b0 s\u1eafp x\u1ebfp kh\u00f4ng gian \u0111\u1ec3 l\u01b0u tr\u1eef nh\u1eefng v\u1eadt d\u1ee5ng th\u01b0\u1eddng xuy\u00ean \u0111\u01b0\u1ee3c s\u1eed d\u1ee5ng, ngo\u00e0i ra thi\u1ebft k\u1ebf d\u1ea1ng thanh nan l\u00e0 \u01b0u \u0111i\u1ec3m n\u1ed5i b\u1eadt khi kh\u00f4ng ch\u1ec9 \u0111em l\u1ea1i v\u1ebb \u0111\u1eb9p v\u00e0 s\u1ef1 ti\u1ec7n d\u1ee5ng m\u00e0 c\u00f2n ch\u1eafc ch\u1eafn v\u00e0 d\u1ec5 d\u00e0ng v\u1ec7 sinh h\u00e0ng ng\u00e0y.<\/div>\n<div><\/div>\n<div>Gi\u00e1 \u0111a n\u0103ng Faster FS-RS207T c\u00f2n c\u00f3 th\u1ec3 \u0111\u1ec3 l\u01b0u tr\u1eef th\u1ef1c ph\u1ea9m nh\u01b0 rau c\u1ee7 qu\u1ea3 r\u1ea5t hi\u1ec7u qu\u1ea3. T\u00f9y theo t\u1eebng nhu c\u1ea7u m\u00e0 ng\u01b0\u1eddi n\u1ed9i tr\u1ee3 c\u00f3 th\u1ec3 s\u1eafp x\u1ebfp ho\u1eb7c l\u01b0u tr\u1eef theo c\u00e1ch ri\u00eang \u0111\u1ec3 ph\u00f2ng b\u1ebfp lu\u00f4n lu\u00f4n \u0111\u01b0\u1ee3c g\u1ecdn g\u00e0ng v\u00e0 khoa h\u1ecdc.<\/div>\n<div>&#8212;&#8212;&#8212;&#8212;&#8212;&#8212;&#8212;&#8212;&#8212;&#8212;&#8212;&#8212;&#8212;&#8211;<\/div>\n<div>Hotline: 0869.287.259<\/div>\n<div>\u0110\u1ecba ch\u1ec9: An B\u00ecnh City, 232 Ph\u1ea1m V\u0103n \u0110\u1ed3ng, Q.B\u1eafc T\u1eeb Li\u00eam, H\u00e0 N\u1ed9i<\/div>\n","protected":false},"excerpt":{"rendered":"<p>CH\u00cdNH H\u00c3NG 100% &#8212;&#8212;&#8212;&#8212;&#8212;&#8212;&#8212;&#8212;&#8212; TH\u00d4NG TIN S\u1ea2N PH\u1ea8M Gi\u00e1 treo gi\u1ea5y \u0111a n\u0103ng, l\u1eafp gi\u1eefa t\u1ee7 tr\u00ean v\u00e0 t\u1ee7 d\u01b0\u1edbi (\u0110\u00e3 bao g\u1ed3m \u1ed1c v\u00e0 thanh treo) Ch\u1ea5t li\u1ec7u: Th\u00e9p m\u1ea1 crom K\u00edch th\u01b0\u1edbc s\u1ea3n ph\u1ea9m: W350xD165xH360mm GI\u00c1 TREO GI\u1ea4Y \u0110A N\u0102NG | FASTER FS-RS207T | TH\u00c9P M\u1ea0 CHROME | THI\u1ebeT K\u1ebe SANG TR\u1eccNG Gi\u00e1 [&#8230;]\n","protected":false},"featured_media":0,"comment_status":"open","ping_status":"closed","template":"","meta":[],"product_cat":[78,67],"product_tag":[],"_links":{"self":[{"href":"https:\/\/noithathomer.gleeze.com\/index.php?rest_route=\/wp\/v2\/product\/2076"}],"collection":[{"href":"https:\/\/noithathomer.gleeze.com\/index.php?rest_route=\/wp\/v2\/product"}],"about":[{"href":"https:\/\/noithathomer.gleeze.com\/index.php?rest_route=\/wp\/v2\/types\/product"}],"replies":[{"embeddable":true,"href":"https:\/\/noithathomer.gleeze.com\/index.php?rest_route=%2Fwp%2Fv2%2Fcomments&post=2076"}],"wp:attachment":[{"href":"https:\/\/noithathomer.gleeze.com\/index.php?rest_route=%2Fwp%2Fv2%2Fmedia&parent=2076"}],"wp:term":[{"taxonomy":"product_cat","embeddable":true,"href":"https:\/\/noithathomer.gleeze.com\/index.php?rest_route=%2Fwp%2Fv2%2Fproduct_cat&post=2076"},{"taxonomy":"product_tag","embeddable":true,"href":"https:\/\/noithathomer.gleeze.com\/index.php?rest_route=%2Fwp%2Fv2%2Fproduct_tag&post=2076"}],"curies":[{"name":"wp","href":"https:\/\/api.w.org\/{rel}","templated":true}]}}