{"id":2069,"date":"2023-01-07T12:08:45","date_gmt":"2023-01-07T05:08:45","guid":{"rendered":"https:\/\/noithathomer.com\/?post_type=product&#038;p=2069"},"modified":"2023-01-07T12:08:47","modified_gmt":"2023-01-07T05:08:47","slug":"chinh-hang-faster-gia-da-nang-fs-mf350s","status":"publish","type":"product","link":"https:\/\/noithathomer.gleeze.com\/?product=chinh-hang-faster-gia-da-nang-fs-mf350s","title":{"rendered":"[CH\u00cdNH H\u00c3NG] FASTER GI\u00c1 \u0110A N\u0102NG FS MF350S"},"content":{"rendered":"<div>CH\u00cdNH H\u00c3NG 100%<\/div>\n<div><\/div>\n<div>TH\u00d4NG TIN S\u1ea2N PH\u1ea8M<\/div>\n<div><img decoding=\"async\" loading=\"lazy\" class=\"alignnone size-full wp-image-2070\" src=\"https:\/\/noithathomer.gleeze.com\/wp-content\/uploads\/sg-11134201-22110-tv3jrtp4fckvc2_tn.jpg\" alt=\"\" width=\"320\" height=\"320\" srcset=\"https:\/\/noithathomer.gleeze.com\/wp-content\/uploads\/sg-11134201-22110-tv3jrtp4fckvc2_tn.jpg 320w, https:\/\/noithathomer.gleeze.com\/wp-content\/uploads\/sg-11134201-22110-tv3jrtp4fckvc2_tn-300x300.jpg 300w, https:\/\/noithathomer.gleeze.com\/wp-content\/uploads\/sg-11134201-22110-tv3jrtp4fckvc2_tn-100x100.jpg 100w\" sizes=\"(max-width: 320px) 100vw, 320px\" \/> <img decoding=\"async\" loading=\"lazy\" class=\"alignnone size-medium wp-image-2071\" src=\"https:\/\/noithathomer.gleeze.com\/wp-content\/uploads\/sg-11134201-22110-hygfz6ahgckvf2_tn.jpg\" alt=\"\" width=\"320\" height=\"320\" srcset=\"https:\/\/noithathomer.gleeze.com\/wp-content\/uploads\/sg-11134201-22110-hygfz6ahgckvf2_tn.jpg 320w, https:\/\/noithathomer.gleeze.com\/wp-content\/uploads\/sg-11134201-22110-hygfz6ahgckvf2_tn-300x300.jpg 300w, https:\/\/noithathomer.gleeze.com\/wp-content\/uploads\/sg-11134201-22110-hygfz6ahgckvf2_tn-100x100.jpg 100w\" sizes=\"(max-width: 320px) 100vw, 320px\" \/><\/div>\n<div>Gi\u00e1 \u0111a n\u0103ng \u0111\u1ec3 dao th\u1edbt, chai l\u1ecd, gia v\u1ecb<\/div>\n<div>Ch\u1ea5t li\u1ec7u: inox 201 m\u1ea1 crom 5 l\u1edbp,<\/div>\n<div>d\u1ea1ng nan tr\u00f2n<\/div>\n<div>Phi\u00ean b\u1ea3n b\u1eaft c\u00e1nh ng\u0103n k\u00e9o v\u00e0<\/div>\n<div>m\u1edf c\u00e1nh<\/div>\n<div>T\u1ea3i tr\u1ecdng: 25Kg<\/div>\n<div>Ray \u00e2m gi\u1ea3m ch\u1ea5n Angas<\/div>\n<div>\u0110\u1ed9 r\u1ed9ng c\u00e1nh: 350mm<\/div>\n<div>K\u00edch th\u01b0\u1edbc s\u1ea3n ph\u1ea9m:<\/div>\n<div>350mm: W314xD465xH422mm<\/div>\n<div><\/div>\n<div>\u0110\u1eb7c \u0111i\u1ec3m Gi\u00e1 \u0111a n\u0103ng \u0111\u1ec3 dao th\u1edbt, gia v\u1ecb, chai l\u1ecd FS MF350S<\/div>\n<div>Thi\u1ebft k\u1ebf d\u1ea1ng nan, inox 201 m\u1ea1 crom 5 l\u1edbp cao c\u1ea5p : Kh\u00f4ng ch\u1ec9 c\u00f3 thi\u1ebft k\u1ebf b\u1ec1n \u0111\u1eb9p d\u1ea1ng thanh nan, ch\u1ea5t li\u1ec7u inox 201 m\u1ea1 crom 5 l\u1edbp cao c\u1ea5p, ray \u00e2m gi\u1ea3m ch\u1ea5n hi\u1ec7u qu\u1ea3 h\u01a1n trong s\u1eed d\u1ee5ng m\u00e0 c\u00f2n c\u00f3 ch\u1ee9c n\u0103ng ri\u00eang bi\u1ec7t, \u1ea5n t\u01b0\u1ee3ng.<\/div>\n<div>&#8212;&#8212;&#8212;&#8212;&#8212;&#8212;&#8212;&#8212;&#8212;&#8212;&#8212;&#8212;&#8212;&#8211;<\/div>\n<div>Hotline: 0869.287.259<\/div>\n<div>\u0110\u1ecba ch\u1ec9: An B\u00ecnh City, 232 Ph\u1ea1m V\u0103n \u0110\u1ed3ng, Q.B\u1eafc T\u1eeb Li\u00eam, H\u00e0 N\u1ed9i<\/div>\n","protected":false},"excerpt":{"rendered":"<p>CH\u00cdNH H\u00c3NG 100% TH\u00d4NG TIN S\u1ea2N PH\u1ea8M Gi\u00e1 \u0111a n\u0103ng \u0111\u1ec3 dao th\u1edbt, chai l\u1ecd, gia v\u1ecb Ch\u1ea5t li\u1ec7u: inox 201 m\u1ea1 crom 5 l\u1edbp, d\u1ea1ng nan tr\u00f2n Phi\u00ean b\u1ea3n b\u1eaft c\u00e1nh ng\u0103n k\u00e9o v\u00e0 m\u1edf c\u00e1nh T\u1ea3i tr\u1ecdng: 25Kg Ray \u00e2m gi\u1ea3m ch\u1ea5n Angas \u0110\u1ed9 r\u1ed9ng c\u00e1nh: 350mm K\u00edch th\u01b0\u1edbc s\u1ea3n ph\u1ea9m: 350mm: W314xD465xH422mm [&#8230;]\n","protected":false},"featured_media":2070,"comment_status":"open","ping_status":"closed","template":"","meta":[],"product_cat":[78,67],"product_tag":[],"_links":{"self":[{"href":"https:\/\/noithathomer.gleeze.com\/index.php?rest_route=\/wp\/v2\/product\/2069"}],"collection":[{"href":"https:\/\/noithathomer.gleeze.com\/index.php?rest_route=\/wp\/v2\/product"}],"about":[{"href":"https:\/\/noithathomer.gleeze.com\/index.php?rest_route=\/wp\/v2\/types\/product"}],"replies":[{"embeddable":true,"href":"https:\/\/noithathomer.gleeze.com\/index.php?rest_route=%2Fwp%2Fv2%2Fcomments&post=2069"}],"wp:featuredmedia":[{"embeddable":true,"href":"https:\/\/noithathomer.gleeze.com\/index.php?rest_route=\/wp\/v2\/media\/2070"}],"wp:attachment":[{"href":"https:\/\/noithathomer.gleeze.com\/index.php?rest_route=%2Fwp%2Fv2%2Fmedia&parent=2069"}],"wp:term":[{"taxonomy":"product_cat","embeddable":true,"href":"https:\/\/noithathomer.gleeze.com\/index.php?rest_route=%2Fwp%2Fv2%2Fproduct_cat&post=2069"},{"taxonomy":"product_tag","embeddable":true,"href":"https:\/\/noithathomer.gleeze.com\/index.php?rest_route=%2Fwp%2Fv2%2Fproduct_tag&post=2069"}],"curies":[{"name":"wp","href":"https:\/\/api.w.org\/{rel}","templated":true}]}}