{"id":2042,"date":"2023-01-07T09:28:45","date_gmt":"2023-01-07T02:28:45","guid":{"rendered":"https:\/\/noithathomer.com\/?post_type=product&#038;p=2042"},"modified":"2023-01-07T09:28:46","modified_gmt":"2023-01-07T02:28:46","slug":"chinh-hang-erogold-gia-treo-da-nang-wg1089","status":"publish","type":"product","link":"https:\/\/noithathomer.gleeze.com\/?product=chinh-hang-erogold-gia-treo-da-nang-wg1089","title":{"rendered":"[ CH\u00cdNH H\u00c3NG ] EROGOLD GI\u00c1 TREO \u0110A N\u0102NG WG1089"},"content":{"rendered":"<div>CAM K\u1ebeT CH\u00cdNH H\u00c3NG 100%<\/div>\n<div>EROGOLD GI\u00c1 TREO \u0110A N\u0102NG WG1089<\/div>\n<div>Quy c\u00e1ch s\u1ea3n ph\u1ea9m\u00a0 \u00a0 \u00a0 R\u1ed9ng*S\u00e2u*Cao\u00a0 \u00a0 \u00a0 \u00a0 Ph\u1ee7 b\u00ec \u0110\u01a1n v\u1ecb t\u00ednh Ch\u1ea5t li\u1ec7u<\/div>\n<div>WG1089 \u00a0 \u00a0 \u00a0 \u00a0 \u00a0 \u00a0 \u00a0 \u00a0 \u00a0 \u00a0 \u00a0 360*75*325\u00a0 \u00a0 \u00a0 \u00a0 500\u00a0 \u00a0 \u00a0 \u00a0 \u00a0 C\u00e1i\u00a0 \u00a0 \u00a0 \u00a0 \u00a0 \u00a0 \u00a0Inox<\/div>\n<div><img decoding=\"async\" loading=\"lazy\" class=\"alignnone size-full wp-image-2044\" src=\"https:\/\/noithathomer.gleeze.com\/wp-content\/uploads\/sg-11134201-22120-0ck76x4e72kv79_tn.webp\" alt=\"\" width=\"320\" height=\"320\" srcset=\"https:\/\/noithathomer.gleeze.com\/wp-content\/uploads\/sg-11134201-22120-0ck76x4e72kv79_tn.webp 320w, https:\/\/noithathomer.gleeze.com\/wp-content\/uploads\/sg-11134201-22120-0ck76x4e72kv79_tn-300x300.webp 300w, https:\/\/noithathomer.gleeze.com\/wp-content\/uploads\/sg-11134201-22120-0ck76x4e72kv79_tn-100x100.webp 100w\" sizes=\"(max-width: 320px) 100vw, 320px\" \/> <img decoding=\"async\" loading=\"lazy\" class=\"alignnone size-medium wp-image-2045\" src=\"https:\/\/noithathomer.gleeze.com\/wp-content\/uploads\/sg-11134201-22120-ejmaev4e72kvea_tn.jpg\" alt=\"\" width=\"320\" height=\"320\" srcset=\"https:\/\/noithathomer.gleeze.com\/wp-content\/uploads\/sg-11134201-22120-ejmaev4e72kvea_tn.jpg 320w, https:\/\/noithathomer.gleeze.com\/wp-content\/uploads\/sg-11134201-22120-ejmaev4e72kvea_tn-300x300.jpg 300w, https:\/\/noithathomer.gleeze.com\/wp-content\/uploads\/sg-11134201-22120-ejmaev4e72kvea_tn-100x100.jpg 100w\" sizes=\"(max-width: 320px) 100vw, 320px\" \/><\/div>\n<div><\/div>\n<div>M\u00f4 t\u1ea3 gi\u00e1 treo \u0111a n\u0103ng Eurogold WG1089<\/div>\n<div>Gi\u00e1 treo \u0111a n\u0103ng WG1089 \u0111\u1ebfn t\u1eeb th\u01b0\u01a1ng hi\u1ec7u Eurogold \u0111\u01b0\u1ee3c l\u00e0m t\u1eeb 100% inox kh\u00f4ng g\u1ec9, s\u00e1ng b\u00f3ng. B\u1ea1n c\u00f3 th\u1ec3 d\u1ec5 d\u00e0ng v\u1ec7 sinh gi\u00e1 ch\u1ec9 v\u1edbi m\u1ed9t chi\u1ebfc kh\u0103n \u1ea9m.<\/div>\n<div><\/div>\n<div>WG1089 s\u1ebd gi\u00fap b\u1ea1n s\u1eafp x\u1ebfp g\u1ecdn g\u00e0ng r\u1ea5t nhi\u1ec1u v\u1eadt d\u1ee5ng: th\u1edbt, dao, \u0111\u0169a th\u00eca \u1edf khoang ri\u00eang bi\u1ec7t, ngo\u00e0i ra thi\u1ebft k\u1ebf 1 h\u00e0ng m\u00f3c \u0111\u1ec3 treo c\u00e1c lo\u1ea1i mu\u00f4i v\u00e0 m\u1ed9t s\u1ed1 v\u1eadt d\u1ee5ng kh\u00e1c.<\/div>\n<div><\/div>\n<div>S\u1ea3n ph\u1ea9m \u0111\u01b0\u1ee3c s\u1ea3n xu\u1ea5t chuy\u00ean d\u1ee5ng cho ph\u00f2ng b\u1ebfp, th\u00edch h\u1ee3p \u0111\u1ec3 nh\u1eefng v\u1eadt d\u1ee5ng th\u01b0\u1eddng xuy\u00ean s\u1eed d\u1ee5ng nh\u1ea5t trong b\u1ebfp, thu\u1eadn ti\u1ec7n cho vi\u1ec7c s\u1eafp x\u1ebfp v\u00e0 l\u1ea5y ra s\u1eed d\u1ee5ng. Eurogold \u0111\u00e3 t\u00ednh to\u00e1n k\u1ef9 c\u00e0ng \u0111\u1eb7c \u0111i\u1ec3m, k\u00edch th\u01b0\u1edbc c\u1ee7a c\u00e1c lo\u1ea1i v\u1eadt d\u1ee5ng nh\u00e0 b\u1ebfp, \u0111\u1ec3 ph\u00e2n chia khu v\u1ef1c s\u1eafp x\u1ebfp h\u1ee3p l\u00fd n\u00ean b\u1ea1n ho\u00e0n to\u00e0n y\u00ean t\u00e2m s\u1eed d\u1ee5ng.<\/div>\n<div><\/div>\n<div>Thi\u1ebft k\u1ebf treo ngo\u00e0i g\u1eafn t\u01b0\u1eddng gi\u00fap c\u00e1c gia \u0111\u00ecnh t\u1eadn d\u1ee5ng t\u1ed1t \u0111a kh\u00f4ng gian tr\u1ed1ng tr\u00ean t\u01b0\u1eddng m\u00e0 v\u1eabn \u0111\u1ea3m b\u1ea3o th\u1ea9m m\u1ef9 cho kh\u00f4ng gian b\u1ebfp.<\/div>\n<div><\/div>\n<div>&#8212;&#8212;&#8212;&#8212;&#8212;&#8212;&#8212;&#8212;-<\/div>\n<div>Hotline: 0869.287.259<\/div>\n<div>\u0110\u1ecba ch\u1ec9: An B\u00ecnh City, 232 Ph\u1ea1m V\u0103n \u0110\u1ed3ng, Q.B\u1eafc T\u1eeb Li\u00eam, H\u00e0 N\u1ed9i<\/div>\n","protected":false},"excerpt":{"rendered":"<p>CAM K\u1ebeT CH\u00cdNH H\u00c3NG 100% EROGOLD GI\u00c1 TREO \u0110A N\u0102NG WG1089 Quy c\u00e1ch s\u1ea3n ph\u1ea9m\u00a0 \u00a0 \u00a0 R\u1ed9ng*S\u00e2u*Cao\u00a0 \u00a0 \u00a0 \u00a0 Ph\u1ee7 b\u00ec \u0110\u01a1n v\u1ecb t\u00ednh Ch\u1ea5t li\u1ec7u WG1089 \u00a0 \u00a0 \u00a0 \u00a0 \u00a0 \u00a0 \u00a0 \u00a0 \u00a0 \u00a0 \u00a0 360*75*325\u00a0 \u00a0 \u00a0 \u00a0 500\u00a0 \u00a0 \u00a0 \u00a0 \u00a0 C\u00e1i\u00a0 \u00a0 \u00a0 \u00a0 \u00a0 \u00a0 [&#8230;]\n","protected":false},"featured_media":2044,"comment_status":"open","ping_status":"closed","template":"","meta":[],"product_cat":[78,67],"product_tag":[],"_links":{"self":[{"href":"https:\/\/noithathomer.gleeze.com\/index.php?rest_route=\/wp\/v2\/product\/2042"}],"collection":[{"href":"https:\/\/noithathomer.gleeze.com\/index.php?rest_route=\/wp\/v2\/product"}],"about":[{"href":"https:\/\/noithathomer.gleeze.com\/index.php?rest_route=\/wp\/v2\/types\/product"}],"replies":[{"embeddable":true,"href":"https:\/\/noithathomer.gleeze.com\/index.php?rest_route=%2Fwp%2Fv2%2Fcomments&post=2042"}],"wp:featuredmedia":[{"embeddable":true,"href":"https:\/\/noithathomer.gleeze.com\/index.php?rest_route=\/wp\/v2\/media\/2044"}],"wp:attachment":[{"href":"https:\/\/noithathomer.gleeze.com\/index.php?rest_route=%2Fwp%2Fv2%2Fmedia&parent=2042"}],"wp:term":[{"taxonomy":"product_cat","embeddable":true,"href":"https:\/\/noithathomer.gleeze.com\/index.php?rest_route=%2Fwp%2Fv2%2Fproduct_cat&post=2042"},{"taxonomy":"product_tag","embeddable":true,"href":"https:\/\/noithathomer.gleeze.com\/index.php?rest_route=%2Fwp%2Fv2%2Fproduct_tag&post=2042"}],"curies":[{"name":"wp","href":"https:\/\/api.w.org\/{rel}","templated":true}]}}