{"id":2037,"date":"2023-01-07T09:13:18","date_gmt":"2023-01-07T02:13:18","guid":{"rendered":"https:\/\/noithathomer.com\/?post_type=product&#038;p=2037"},"modified":"2023-01-07T09:13:20","modified_gmt":"2023-01-07T02:13:20","slug":"chinh-hang-bo-noi-faster-luxury-666-ruby-ultra-luxury","status":"publish","type":"product","link":"https:\/\/noithathomer.gleeze.com\/?product=chinh-hang-bo-noi-faster-luxury-666-ruby-ultra-luxury","title":{"rendered":"[ CH\u00cdNH H\u00c3NG ] &#8211; B\u1ed8 N\u1ed2I FASTER Luxury 666 \/ Ruby \/ Ultra &#8211; Luxury"},"content":{"rendered":"<p>CAM K\u1ebeT CH\u00cdNH H\u00c3NG 100%<br \/>\nB\u1ed8 N\u1ed2I FASTER (Luxury 666)<br \/>\nCh\u1ea5t li\u1ec7u: Inox 304, \u0111\u00e1y li\u1ec1n<br \/>\nB\u1ed9 s\u1ea3n ph\u1ea9m: 03 n\u1ed3i (\u00d816, \u00d820, \u00d824), 01 ch\u1ea3o \u00d824<br \/>\nChuy\u00ean d\u1ee5ng cho b\u1ebfp t\u1eeb<br \/>\nCh\u1ea3o ch\u1ed1ng d\u00ednh Whitford Xylan<br \/>\nch\u1ed1ng d\u00ednh h\u00e0ng \u0111\u1ea7u c\u1ee7a M\u1ef9<br \/>\nb\u1ec1n b\u1ec9 v\u00e0 an to\u00e0n, b\u1ea3o v\u1ec7 s\u1ee9c kh\u1ecfe<\/p>\n<p><img decoding=\"async\" loading=\"lazy\" class=\"alignnone size-full wp-image-2038\" src=\"https:\/\/noithathomer.gleeze.com\/wp-content\/uploads\/sg-11134201-22110-7m6n59ervsjvc6_tn.jpg\" alt=\"\" width=\"320\" height=\"320\" srcset=\"https:\/\/noithathomer.gleeze.com\/wp-content\/uploads\/sg-11134201-22110-7m6n59ervsjvc6_tn.jpg 320w, https:\/\/noithathomer.gleeze.com\/wp-content\/uploads\/sg-11134201-22110-7m6n59ervsjvc6_tn-300x300.jpg 300w, https:\/\/noithathomer.gleeze.com\/wp-content\/uploads\/sg-11134201-22110-7m6n59ervsjvc6_tn-100x100.jpg 100w\" sizes=\"(max-width: 320px) 100vw, 320px\" \/> <img decoding=\"async\" loading=\"lazy\" class=\"alignnone size-medium wp-image-2039\" src=\"https:\/\/noithathomer.gleeze.com\/wp-content\/uploads\/sg-11134201-22110-itv7vlfrvsjv91_tn.jpg\" alt=\"\" width=\"320\" height=\"320\" srcset=\"https:\/\/noithathomer.gleeze.com\/wp-content\/uploads\/sg-11134201-22110-itv7vlfrvsjv91_tn.jpg 320w, https:\/\/noithathomer.gleeze.com\/wp-content\/uploads\/sg-11134201-22110-itv7vlfrvsjv91_tn-300x300.jpg 300w, https:\/\/noithathomer.gleeze.com\/wp-content\/uploads\/sg-11134201-22110-itv7vlfrvsjv91_tn-100x100.jpg 100w\" sizes=\"(max-width: 320px) 100vw, 320px\" \/> <img decoding=\"async\" loading=\"lazy\" class=\"alignnone size-medium wp-image-2040\" src=\"https:\/\/noithathomer.gleeze.com\/wp-content\/uploads\/sg-11134201-22110-pjlemgfrvsjv80_tn.jpg\" alt=\"\" width=\"320\" height=\"320\" srcset=\"https:\/\/noithathomer.gleeze.com\/wp-content\/uploads\/sg-11134201-22110-pjlemgfrvsjv80_tn.jpg 320w, https:\/\/noithathomer.gleeze.com\/wp-content\/uploads\/sg-11134201-22110-pjlemgfrvsjv80_tn-300x300.jpg 300w, https:\/\/noithathomer.gleeze.com\/wp-content\/uploads\/sg-11134201-22110-pjlemgfrvsjv80_tn-100x100.jpg 100w\" sizes=\"(max-width: 320px) 100vw, 320px\" \/> <img decoding=\"async\" loading=\"lazy\" class=\"alignnone size-medium wp-image-2041\" src=\"https:\/\/noithathomer.gleeze.com\/wp-content\/uploads\/sg-11134201-22110-iha7blfrvsjv0c_tn.jpg\" alt=\"\" width=\"320\" height=\"320\" srcset=\"https:\/\/noithathomer.gleeze.com\/wp-content\/uploads\/sg-11134201-22110-iha7blfrvsjv0c_tn.jpg 320w, https:\/\/noithathomer.gleeze.com\/wp-content\/uploads\/sg-11134201-22110-iha7blfrvsjv0c_tn-300x300.jpg 300w, https:\/\/noithathomer.gleeze.com\/wp-content\/uploads\/sg-11134201-22110-iha7blfrvsjv0c_tn-100x100.jpg 100w\" sizes=\"(max-width: 320px) 100vw, 320px\" \/><br \/>\n&#8212;&#8212;&#8212;&#8212;&#8212;&#8212;&#8212;&#8212;&#8212;&#8212;&#8212;&#8211;<br \/>\nB\u1ed8 N\u1ed2I FASTER (Ruby)<br \/>\nCh\u1ea5t li\u1ec7u: Inox 304<br \/>\nB\u1ed9 s\u1ea3n ph\u1ea9m: 03 n\u1ed3i (\u00d816, \u00d820, \u00d824),<br \/>\n01 qu\u00e1nh \u00d816, 01 ch\u1ea3o \u00d824<br \/>\nChuy\u00ean d\u1ee5ng cho b\u1ebfp t\u1eeb<br \/>\nCh\u1ea3o ch\u1ed1ng d\u00ednh Whitford Xylan<br \/>\nch\u1ed1ng d\u00ednh h\u00e0ng \u0111\u1ea7u c\u1ee7a M\u1ef9<br \/>\nb\u1ec1n b\u1ec9 v\u00e0 an to\u00e0n, b\u1ea3o v\u1ec7 s\u1ee9c kh\u1ecfe<br \/>\n&#8212;&#8212;&#8212;&#8212;&#8212;&#8212;&#8212;&#8212;&#8212;&#8212;&#8212;&#8212;&#8212;&#8212;&#8212;&#8211;<br \/>\nB\u1ed8 N\u1ed2I FASTER (Luxury 555)<br \/>\nCh\u1ea5t li\u1ec7u: Inox 304<br \/>\nB\u1ed9 s\u1ea3n ph\u1ea9m: 03 n\u1ed3i (\u00d816, \u00d820, \u00d824),<br \/>\n01 qu\u00e1nh \u00d816, 01 ch\u1ea3o \u00d824<br \/>\nChuy\u00ean d\u1ee5ng cho b\u1ebfp t\u1eeb<br \/>\nCh\u1ea3o ch\u1ed1ng d\u00ednh Whitford Xylan<br \/>\nch\u1ed1ng d\u00ednh h\u00e0ng \u0111\u1ea7u c\u1ee7a M\u1ef9<br \/>\nb\u1ec1n b\u1ec9 v\u00e0 an to\u00e0n, b\u1ea3o v\u1ec7 s\u1ee9c kh\u1ecfe<br \/>\n&#8212;&#8212;&#8212;&#8212;&#8212;&#8212;&#8212;&#8212;&#8212;&#8212;&#8212;&#8212;&#8212;&#8211;<br \/>\nB\u1ed8 N\u1ed2I FASTER (Ultra &#8211; Luxury)<br \/>\nCh\u1ea5t li\u1ec7u: Inox 304<br \/>\nB\u1ed9 s\u1ea3n ph\u1ea9m: 03 n\u1ed3i (\u00d816, \u00d820, \u00d824),<br \/>\n01 qu\u00e1nh \u00d816 (Model Luxury 666 kh\u00f4ng g\u1ed3m qu\u00e1nh), 01 ch\u1ea3o \u00d824<br \/>\nChuy\u00ean d\u1ee5ng cho b\u1ebfp t\u1eeb<br \/>\nCh\u1ea3o ch\u1ed1ng d\u00ednh Whitford Xylan<br \/>\nch\u1ed1ng d\u00ednh h\u00e0ng \u0111\u1ea7u c\u1ee7a M\u1ef9<br \/>\nb\u1ec1n b\u1ec9 v\u00e0 an to\u00e0n, b\u1ea3o v\u1ec7 s\u1ee9c kh\u1ecfe<br \/>\n&#8212;&#8212;&#8212;&#8212;&#8212;&#8212;&#8212;&#8212;-<br \/>\nHotline: 0869.287.259<br \/>\n\u0110\u1ecba ch\u1ec9: An B\u00ecnh City, 232 Ph\u1ea1m V\u0103n \u0110\u1ed3ng, Q.B\u1eafc T\u1eeb Li\u00eam, H\u00e0 N\u1ed9i<\/p>\n","protected":false},"excerpt":{"rendered":"<p>CAM K\u1ebeT CH\u00cdNH H\u00c3NG 100% B\u1ed8 N\u1ed2I FASTER (Luxury 666) Ch\u1ea5t li\u1ec7u: Inox 304, \u0111\u00e1y li\u1ec1n B\u1ed9 s\u1ea3n ph\u1ea9m: 03 n\u1ed3i (\u00d816, \u00d820, \u00d824), 01 ch\u1ea3o \u00d824 Chuy\u00ean d\u1ee5ng cho b\u1ebfp t\u1eeb Ch\u1ea3o ch\u1ed1ng d\u00ednh Whitford Xylan ch\u1ed1ng d\u00ednh h\u00e0ng \u0111\u1ea7u c\u1ee7a M\u1ef9 b\u1ec1n b\u1ec9 v\u00e0 an to\u00e0n, b\u1ea3o v\u1ec7 s\u1ee9c kh\u1ecfe &#8212;&#8212;&#8212;&#8212;&#8212;&#8212;&#8212;&#8212;&#8212;&#8212;&#8212;&#8211; B\u1ed8 N\u1ed2I [&#8230;]\n","protected":false},"featured_media":2039,"comment_status":"open","ping_status":"closed","template":"","meta":[],"product_cat":[77,67],"product_tag":[],"_links":{"self":[{"href":"https:\/\/noithathomer.gleeze.com\/index.php?rest_route=\/wp\/v2\/product\/2037"}],"collection":[{"href":"https:\/\/noithathomer.gleeze.com\/index.php?rest_route=\/wp\/v2\/product"}],"about":[{"href":"https:\/\/noithathomer.gleeze.com\/index.php?rest_route=\/wp\/v2\/types\/product"}],"replies":[{"embeddable":true,"href":"https:\/\/noithathomer.gleeze.com\/index.php?rest_route=%2Fwp%2Fv2%2Fcomments&post=2037"}],"wp:featuredmedia":[{"embeddable":true,"href":"https:\/\/noithathomer.gleeze.com\/index.php?rest_route=\/wp\/v2\/media\/2039"}],"wp:attachment":[{"href":"https:\/\/noithathomer.gleeze.com\/index.php?rest_route=%2Fwp%2Fv2%2Fmedia&parent=2037"}],"wp:term":[{"taxonomy":"product_cat","embeddable":true,"href":"https:\/\/noithathomer.gleeze.com\/index.php?rest_route=%2Fwp%2Fv2%2Fproduct_cat&post=2037"},{"taxonomy":"product_tag","embeddable":true,"href":"https:\/\/noithathomer.gleeze.com\/index.php?rest_route=%2Fwp%2Fv2%2Fproduct_tag&post=2037"}],"curies":[{"name":"wp","href":"https:\/\/api.w.org\/{rel}","templated":true}]}}