{"id":2034,"date":"2023-01-07T08:59:33","date_gmt":"2023-01-07T01:59:33","guid":{"rendered":"https:\/\/noithathomer.com\/?post_type=product&#038;p=2034"},"modified":"2023-01-07T08:59:35","modified_gmt":"2023-01-07T01:59:35","slug":"chinh-hang-eurogold-thung-gao-guong-2-tang-b322-b323","status":"publish","type":"product","link":"https:\/\/noithathomer.gleeze.com\/?product=chinh-hang-eurogold-thung-gao-guong-2-tang-b322-b323","title":{"rendered":"[CH\u00cdNH H\u00c3NG] EUROGOLD &#8211; Th\u00f9ng g\u1ea1o g\u01b0\u01a1ng 2 t\u1ea7ng B322 B323"},"content":{"rendered":"<div>EUROGOLD &#8211; Th\u00f9ng g\u1ea1o g\u01b0\u01a1ng 2 t\u1ea7ng<\/div>\n<div>MODEL: B322\/B323<\/div>\n<div><img decoding=\"async\" loading=\"lazy\" class=\"alignnone size-full wp-image-2035\" src=\"https:\/\/noithathomer.gleeze.com\/wp-content\/uploads\/73e167c6fbff87a216864822fe6f53b2_tn.jpg\" alt=\"\" width=\"320\" height=\"320\" srcset=\"https:\/\/noithathomer.gleeze.com\/wp-content\/uploads\/73e167c6fbff87a216864822fe6f53b2_tn.jpg 320w, https:\/\/noithathomer.gleeze.com\/wp-content\/uploads\/73e167c6fbff87a216864822fe6f53b2_tn-300x300.jpg 300w, https:\/\/noithathomer.gleeze.com\/wp-content\/uploads\/73e167c6fbff87a216864822fe6f53b2_tn-100x100.jpg 100w\" sizes=\"(max-width: 320px) 100vw, 320px\" \/> <img decoding=\"async\" loading=\"lazy\" class=\"alignnone size-medium wp-image-2036\" src=\"https:\/\/noithathomer.gleeze.com\/wp-content\/uploads\/56bb1555c8f74c5e1d53a589cee44de4_tn.jpg\" alt=\"\" width=\"320\" height=\"320\" srcset=\"https:\/\/noithathomer.gleeze.com\/wp-content\/uploads\/56bb1555c8f74c5e1d53a589cee44de4_tn.jpg 320w, https:\/\/noithathomer.gleeze.com\/wp-content\/uploads\/56bb1555c8f74c5e1d53a589cee44de4_tn-300x300.jpg 300w, https:\/\/noithathomer.gleeze.com\/wp-content\/uploads\/56bb1555c8f74c5e1d53a589cee44de4_tn-100x100.jpg 100w\" sizes=\"(max-width: 320px) 100vw, 320px\" \/><\/div>\n<div><\/div>\n<div>+ Th\u00f9ng g\u1ea1o \u0111\u01b0\u1ee3c chia l\u00e0m 2 ng\u0103n v\u00e0 c\u00f3 s\u1ee9c ch\u1ee9a l\u00ean \u0111\u1ebfn 20kg.<\/div>\n<div><\/div>\n<div>+ C\u00f3 th\u1ec3 ki\u1ec3m so\u00e1t l\u01b0\u1ee3ng g\u1ea1o m\u1ed7i l\u1ea7n l\u1ea5y.<\/div>\n<div><\/div>\n<div>+ Th\u00f9ng g\u1ea1o \u0111\u01b0\u1ee3c l\u1eafp c\u1ed1 \u0111\u1ecbnh tr\u1ef1c ti\u1ebfp v\u00e0o \u0111\u00e1y t\u1ee7 ch\u1eafc ch\u1eafn \u0111\u1ec3 c\u00f3 th\u1ec3 ch\u1ee9a \u0111\u01b0\u1ee3c l\u01b0\u1ee3ng g\u1ea1o l\u1edbn.<\/div>\n<div><\/div>\n<div>+ B\u1ec1 m\u1eb7t c\u1ee7a th\u00f9ng g\u1ea1o s\u00e1ng b\u00f3ng, \u0111\u1eb9p m\u1eaft, hi\u1ec7n \u0111\u1ea1i.<\/div>\n<div><\/div>\n<div>K\u00edch th\u01b0\u1edbc s\u1ea3n ph\u1ea9m:<\/div>\n<div>M\u00e3 SP R\u1ed9ng*S\u00e2u*Cao Chi\u1ec1u r\u1ed9ng t\u1ee7<\/div>\n<div>B322 W300*D450*H650 300 M\u00e0u \u0111en<\/div>\n<div>B323 W300*D450*H650 300 M\u00e0u b\u1ea1c<\/div>\n<div><\/div>\n<div>&#8212;&#8212;&#8212;&#8212;&#8212;&#8212;&#8212;&#8212;&#8212;&#8212;&#8212;&#8212;&#8212;&#8211;<\/div>\n<div>Hotline: 0869.287.259<\/div>\n<div>\u0110\u1ecba ch\u1ec9: An B\u00ecnh City, 232 Ph\u1ea1m V\u0103n \u0110\u1ed3ng, Q.B\u1eafc T\u1eeb Li\u00eam, H\u00e0 N\u1ed9i<\/div>\n","protected":false},"excerpt":{"rendered":"<p>EUROGOLD &#8211; Th\u00f9ng g\u1ea1o g\u01b0\u01a1ng 2 t\u1ea7ng MODEL: B322\/B323 + Th\u00f9ng g\u1ea1o \u0111\u01b0\u1ee3c chia l\u00e0m 2 ng\u0103n v\u00e0 c\u00f3 s\u1ee9c ch\u1ee9a l\u00ean \u0111\u1ebfn 20kg. + C\u00f3 th\u1ec3 ki\u1ec3m so\u00e1t l\u01b0\u1ee3ng g\u1ea1o m\u1ed7i l\u1ea7n l\u1ea5y. + Th\u00f9ng g\u1ea1o \u0111\u01b0\u1ee3c l\u1eafp c\u1ed1 \u0111\u1ecbnh tr\u1ef1c ti\u1ebfp v\u00e0o \u0111\u00e1y t\u1ee7 ch\u1eafc ch\u1eafn \u0111\u1ec3 c\u00f3 th\u1ec3 ch\u1ee9a \u0111\u01b0\u1ee3c l\u01b0\u1ee3ng g\u1ea1o [&#8230;]\n","protected":false},"featured_media":2035,"comment_status":"open","ping_status":"closed","template":"","meta":[],"product_cat":[67,76],"product_tag":[],"_links":{"self":[{"href":"https:\/\/noithathomer.gleeze.com\/index.php?rest_route=\/wp\/v2\/product\/2034"}],"collection":[{"href":"https:\/\/noithathomer.gleeze.com\/index.php?rest_route=\/wp\/v2\/product"}],"about":[{"href":"https:\/\/noithathomer.gleeze.com\/index.php?rest_route=\/wp\/v2\/types\/product"}],"replies":[{"embeddable":true,"href":"https:\/\/noithathomer.gleeze.com\/index.php?rest_route=%2Fwp%2Fv2%2Fcomments&post=2034"}],"wp:featuredmedia":[{"embeddable":true,"href":"https:\/\/noithathomer.gleeze.com\/index.php?rest_route=\/wp\/v2\/media\/2035"}],"wp:attachment":[{"href":"https:\/\/noithathomer.gleeze.com\/index.php?rest_route=%2Fwp%2Fv2%2Fmedia&parent=2034"}],"wp:term":[{"taxonomy":"product_cat","embeddable":true,"href":"https:\/\/noithathomer.gleeze.com\/index.php?rest_route=%2Fwp%2Fv2%2Fproduct_cat&post=2034"},{"taxonomy":"product_tag","embeddable":true,"href":"https:\/\/noithathomer.gleeze.com\/index.php?rest_route=%2Fwp%2Fv2%2Fproduct_tag&post=2034"}],"curies":[{"name":"wp","href":"https:\/\/api.w.org\/{rel}","templated":true}]}}