{"id":2018,"date":"2023-01-06T16:23:47","date_gmt":"2023-01-06T09:23:47","guid":{"rendered":"https:\/\/noithathomer.com\/?post_type=product&#038;p=2018"},"modified":"2023-01-06T16:23:48","modified_gmt":"2023-01-06T09:23:48","slug":"chinh-hang-faster-voi-rua-fs-01c","status":"publish","type":"product","link":"https:\/\/noithathomer.gleeze.com\/?product=chinh-hang-faster-voi-rua-fs-01c","title":{"rendered":"[CH\u00cdNH H\u00c3NG] FASTER V\u00f2i r\u1eeda FS 01C"},"content":{"rendered":"<div>V\u00d2I R\u1eecA FASTER FS 01C<\/div>\n<div>V\u00f2i r\u1eeda FASTER FS 01C c\u00f3 l\u00e0 v\u00f2i r\u1eeda 2 \u0111\u01b0\u1eddng n\u01b0\u1edbc cao c\u1ea5p \u0111\u1ebfn t\u1eeb th\u01b0\u01a1ng hi\u1ec7u Faster. V\u1edbi thi\u1ebft k\u1ebf sang tr\u1ecdng c\u00f9ng v\u1edbi nhi\u1ec1u \u01b0u \u0111i\u1ec3m v\u01b0\u1ee3t tr\u1ed9i, v\u00f2i r\u1eeda \u0111\u01b0\u1ee3c \u0111\u00e1nh gia l\u00e0 s\u1ea3n ph\u1ea9m ch\u1ea5t l\u01b0\u1ee3ng v\u00e0 \u0111\u01b0\u1ee3c nhi\u1ec1u h\u1ed9 gia \u0111\u00ecnh l\u1ef1a ch\u1ecdn s\u1eed d\u1ee5ng.<\/div>\n<div>Thi\u1ebft k\u1ebf sang tr\u1ecdng v\u1edbi ch\u1ea5t li\u1ec7u Inox 304 cao c\u1ea5p<\/div>\n<div>V\u00f2i r\u1eeda FASTER FS 01C \u0111\u01b0\u1ee3c thi\u1ebft k\u1ebf sang tr\u1ecdng v\u1edbi gam m\u00e0u \u0111en qu\u00fd ph\u00e1i. V\u00f2i r\u1eeda n\u00e0y s\u1eed d\u1ee5ng ch\u1ea5t li\u1ec7u inox 304 t\u0103ng t\u00ednh th\u1ea9m m\u1ef9, ch\u1ed1ng b\u00e1m n\u01b0\u1edbc, b\u00e1m b\u1ea9n.<\/div>\n<div><img decoding=\"async\" loading=\"lazy\" class=\"alignnone size-full wp-image-2019\" src=\"https:\/\/noithathomer.gleeze.com\/wp-content\/uploads\/sg-11134201-22110-q8rj2k9p41jv6c_tn.jpg\" alt=\"\" width=\"320\" height=\"320\" srcset=\"https:\/\/noithathomer.gleeze.com\/wp-content\/uploads\/sg-11134201-22110-q8rj2k9p41jv6c_tn.jpg 320w, https:\/\/noithathomer.gleeze.com\/wp-content\/uploads\/sg-11134201-22110-q8rj2k9p41jv6c_tn-300x300.jpg 300w, https:\/\/noithathomer.gleeze.com\/wp-content\/uploads\/sg-11134201-22110-q8rj2k9p41jv6c_tn-100x100.jpg 100w\" sizes=\"(max-width: 320px) 100vw, 320px\" \/><\/div>\n<div>\u01afu \u0111i\u1ec3m n\u00e2ng cao tr\u1ea3i nghi\u1ec7m ng\u01b0\u1eddi d\u00f9ng<\/div>\n<div>V\u1edbi m\u1ee5c \u0111\u00edch n\u00e2ng cao tr\u1ea3i nghi\u1ec7m ng\u01b0\u1eddi d\u00f9ng, gi\u00fap cho vi\u1ec7c r\u1eeda b\u00e1t ch\u00e1n, s\u01a1 ch\u1ebf th\u1ef1c ph\u1ea9m tr\u1edf n\u00ean \u0111\u01a1n gi\u1ea3n v\u00e0 ti\u1ec7n l\u1ee3i h\u01a1n, V\u00f2i r\u1eeda FASTER FS 01C \u0111\u00e3 c\u00f3 c\u1ea3i ti\u1ebfn \u0111\u1ec3 l\u00e0m \u0111\u01b0\u1ee3c \u0111i\u1ec1u n\u00e0y:<\/div>\n<div><\/div>\n<div>Th\u00edch h\u1ee3p v\u1edbi m\u1ecdi lo\u1ea1i ch\u1eadu:\u00a0 S\u1ea3n ph\u1ea9m \u0111\u01b0\u1ee3c thi\u1ebft k\u1ebf d\u1ef1a tr\u00ean nh\u1eefng khung ti\u00eau chu\u1ea9n v\u1ec1 \u0111\u1ed9 th\u1ea9m m\u1ef9 cao, s\u1eb5n s\u00e0ng ph\u00f9 h\u1ee3p v\u1edbi m\u1ecdi lo\u1ea1i ch\u1ea5t li\u1ec7u ch\u1eadu r\u1eeda, t\u1eeb nh\u1eefng lo\u1ea1i ch\u1eadu ch\u1ea5t li\u1ec7u nh\u01b0 Inox hay t\u1edbi nh\u1eefng ch\u1ea5t li\u1ec7u l\u00e0m b\u1eb1ng \u0111\u00e1 cao c\u1ea5p. \u01afu \u0111i\u1ec3m c\u1ee7a chi\u1ebfc v\u00f2i r\u1eeda b\u00e1t n\u00e0y l\u00e0 \u0111\u1eb7c bi\u1ec7t d\u1ec5 d\u00e0ng th\u00e1o l\u1eafp v\u00e0 l\u1eafp \u0111\u1eb7t nhanh ch\u00f3ng.<\/div>\n<div>Hai \u0111\u01b0\u1eddng n\u01b0\u1edbc: H\u1ec7 th\u1ed1ng b\u00ean trong c\u1ee7a chi\u1ebfc v\u00f2i ch\u1eadu Faster FS 01C n\u00e0y l\u1ea1i \u0111\u01b0\u1ee3c trang b\u1ecb \u0111\u1ea7y \u0111\u1ee7 c\u1ea3 hai \u0111\u01b0\u1eddng n\u01b0\u1edbc n\u00f3ng v\u00e0 l\u1ea1nh \u0111\u1ec3 vi\u1ec7c s\u1eed d\u1ee5ng \u0111\u01b0\u1ee3c ti\u1ec7n nghi nh\u1ea5t.<\/div>\n<div>Ch\u1ed1ng b\u1eafn ra ngo\u00e0i, ti\u1ebft ki\u1ec7m 40% v\u1edbi \u0111\u1ea7u v\u00f2i t\u1ea1o b\u1ecdt<\/div>\n<div>Ch\u1ea5t li\u1ec7u cao c\u1ea5p: V\u1edbi ch\u1ea5t li\u1ec7u inox SUS304 k\u1ebft h\u1ee3p \u0111\u00e1 granite cao c\u1ea5p gi\u00fap s\u1ea3n ph\u1ea9m lu\u00f4n b\u1ec1n h\u01a1n.<\/div>\n<div><\/div>\n<div>&#8212;&#8212;&#8212;&#8212;&#8212;&#8212;&#8212;&#8212;&#8212;&#8212;&#8212;&#8212;&#8212;&#8211;<\/div>\n<div>Hotline: 0869.287.259<\/div>\n<div>\u0110\u1ecba ch\u1ec9: An B\u00ecnh City, 232 Ph\u1ea1m V\u0103n \u0110\u1ed3ng, Q.B\u1eafc T\u1eeb Li\u00eam, H\u00e0 N\u1ed9i<\/div>\n","protected":false},"excerpt":{"rendered":"<p>V\u00d2I R\u1eecA FASTER FS 01C V\u00f2i r\u1eeda FASTER FS 01C c\u00f3 l\u00e0 v\u00f2i r\u1eeda 2 \u0111\u01b0\u1eddng n\u01b0\u1edbc cao c\u1ea5p \u0111\u1ebfn t\u1eeb th\u01b0\u01a1ng hi\u1ec7u Faster. V\u1edbi thi\u1ebft k\u1ebf sang tr\u1ecdng c\u00f9ng v\u1edbi nhi\u1ec1u \u01b0u \u0111i\u1ec3m v\u01b0\u1ee3t tr\u1ed9i, v\u00f2i r\u1eeda \u0111\u01b0\u1ee3c \u0111\u00e1nh gia l\u00e0 s\u1ea3n ph\u1ea9m ch\u1ea5t l\u01b0\u1ee3ng v\u00e0 \u0111\u01b0\u1ee3c nhi\u1ec1u h\u1ed9 gia \u0111\u00ecnh l\u1ef1a ch\u1ecdn s\u1eed [&#8230;]\n","protected":false},"featured_media":2019,"comment_status":"open","ping_status":"closed","template":"","meta":[],"product_cat":[67,75],"product_tag":[],"_links":{"self":[{"href":"https:\/\/noithathomer.gleeze.com\/index.php?rest_route=\/wp\/v2\/product\/2018"}],"collection":[{"href":"https:\/\/noithathomer.gleeze.com\/index.php?rest_route=\/wp\/v2\/product"}],"about":[{"href":"https:\/\/noithathomer.gleeze.com\/index.php?rest_route=\/wp\/v2\/types\/product"}],"replies":[{"embeddable":true,"href":"https:\/\/noithathomer.gleeze.com\/index.php?rest_route=%2Fwp%2Fv2%2Fcomments&post=2018"}],"wp:featuredmedia":[{"embeddable":true,"href":"https:\/\/noithathomer.gleeze.com\/index.php?rest_route=\/wp\/v2\/media\/2019"}],"wp:attachment":[{"href":"https:\/\/noithathomer.gleeze.com\/index.php?rest_route=%2Fwp%2Fv2%2Fmedia&parent=2018"}],"wp:term":[{"taxonomy":"product_cat","embeddable":true,"href":"https:\/\/noithathomer.gleeze.com\/index.php?rest_route=%2Fwp%2Fv2%2Fproduct_cat&post=2018"},{"taxonomy":"product_tag","embeddable":true,"href":"https:\/\/noithathomer.gleeze.com\/index.php?rest_route=%2Fwp%2Fv2%2Fproduct_tag&post=2018"}],"curies":[{"name":"wp","href":"https:\/\/api.w.org\/{rel}","templated":true}]}}