{"id":2015,"date":"2023-01-06T16:05:48","date_gmt":"2023-01-06T09:05:48","guid":{"rendered":"https:\/\/noithathomer.com\/?post_type=product&#038;p=2015"},"modified":"2023-01-06T16:05:49","modified_gmt":"2023-01-06T09:05:49","slug":"chinh-hang-faster-voi-rua-fs-901","status":"publish","type":"product","link":"https:\/\/noithathomer.gleeze.com\/?product=chinh-hang-faster-voi-rua-fs-901","title":{"rendered":"[CH\u00cdNH H\u00c3NG] FASTER V\u00f2i r\u1eeda FS 901"},"content":{"rendered":"<div>V\u00d2I R\u1eecA CAO C\u1ea4P | FASTER FS 901 | N\u00d3NG L\u1ea0NH | \u0110\u1ed2NG M\u1ea0 CHROME | THI\u1ebeT K\u1ebe SANG TR\u1eccNG | AN TO\u00c0N V\u00c0 B\u1ec0N B\u1ec8 TRONG QU\u00c1 TR\u00ccNH S\u1eec D\u1ee4NG<\/div>\n<div><img decoding=\"async\" loading=\"lazy\" class=\"alignnone size-full wp-image-2016\" src=\"https:\/\/noithathomer.gleeze.com\/wp-content\/uploads\/sg-11134201-22110-303f3sax61jvf3_tn.jpg\" alt=\"\" width=\"320\" height=\"320\" srcset=\"https:\/\/noithathomer.gleeze.com\/wp-content\/uploads\/sg-11134201-22110-303f3sax61jvf3_tn.jpg 320w, https:\/\/noithathomer.gleeze.com\/wp-content\/uploads\/sg-11134201-22110-303f3sax61jvf3_tn-300x300.jpg 300w, https:\/\/noithathomer.gleeze.com\/wp-content\/uploads\/sg-11134201-22110-303f3sax61jvf3_tn-100x100.jpg 100w\" sizes=\"(max-width: 320px) 100vw, 320px\" \/> <img decoding=\"async\" loading=\"lazy\" class=\"alignnone size-medium wp-image-2017\" src=\"https:\/\/noithathomer.gleeze.com\/wp-content\/uploads\/sg-11134201-22110-kwkjejsu61jv9f_tn.jpg\" alt=\"\" width=\"320\" height=\"320\" srcset=\"https:\/\/noithathomer.gleeze.com\/wp-content\/uploads\/sg-11134201-22110-kwkjejsu61jv9f_tn.jpg 320w, https:\/\/noithathomer.gleeze.com\/wp-content\/uploads\/sg-11134201-22110-kwkjejsu61jv9f_tn-300x300.jpg 300w, https:\/\/noithathomer.gleeze.com\/wp-content\/uploads\/sg-11134201-22110-kwkjejsu61jv9f_tn-100x100.jpg 100w\" sizes=\"(max-width: 320px) 100vw, 320px\" \/><\/div>\n<div>V\u1edbi nh\u1eefng \u0111\u01b0\u1eddng n\u00e9t \u0111\u01a1n gi\u1ea3n c\u00f9ng l\u1edbp m\u1ea1 Chrome s\u00e1ng b\u00f3ng truy\u1ec1n th\u1ed1ng, v\u00f2i r\u1eeda Faster FS 901 l\u00e0 thi\u1ebft k\u1ebf v\u00f2i th\u00f4ng d\u1ee5ng v\u00e0 d\u1ec5 d\u00e0ng \u0111\u1ec3 k\u1ebft h\u1ee3p v\u1edbi m\u1ecdi thi\u1ebft k\u1ebf ch\u1eadu r\u1eeda. N\u1ebfu b\u1ea1n l\u00e0 m\u1ed9t ng\u01b0\u1eddi \u01b0a th\u00edch phong c\u00e1ch truy\u1ec1n th\u1ed1ng v\u00e0 s\u1ef1 thanh l\u1ecbch th\u00ec \u0111\u00e2y ch\u00ednh l\u00e0 s\u1ea3n ph\u1ea9m l\u00fd t\u01b0\u1edfng d\u00e0nh cho b\u1ea1n.<\/div>\n<div><\/div>\n<div>C\u00f4ng ngh\u1ec7<\/div>\n<div>Ti\u1ebft ki\u1ec7m 40% n\u01b0\u1edbc<\/div>\n<div>B\u1ec1 m\u1eb7t m\u1ea1 s\u00e1ng b\u00f3ng b\u1ec1n l\u00e2u, ch\u1ed1ng b\u00e1m v\u00e2n tay v\u1edbi c\u00f4ng ngh\u1ec7 m\u1ea1 Chrome nhi\u1ec1u l\u1edbp<\/div>\n<div>An to\u00e0n cho s\u1ee9c kh\u1ecfe v\u1edbi l\u00f5i h\u1ee3p kim \u0110\u1ed3ng 61% ti\u00eau chu\u1ea9n Ch\u00e2u \u00c2u<\/div>\n<div>V\u1eadt li\u1ec7u s\u1ea3n ph\u1ea9m \u0111\u1ea1t ti\u00eau chu\u1ea9n Ch\u00e2u \u00c2u<\/div>\n<div>\u0110\u1ed9 b\u1ec1n l\u00ean \u0111\u1ebfn 500.000 l\u1ea7n \u0111\u00f3ng m\u1edf v\u1edbi l\u00f5i tr\u1ed9n n\u00f3ng l\u1ea1nh nh\u1eadp kh\u1ea9u Ch\u00e2u \u00c2u<\/div>\n<div>D\u00e2y c\u1ea5p n\u00f3ng l\u1ea1nh ch\u1ed1ng xo\u1eafn, ch\u1ecbu nhi\u1ec7t t\u1ed1i \u0111a \u0111\u1ea1t ti\u00eau chu\u1ea9n Ch\u00e2u \u00c2U<\/div>\n<div><\/div>\n<div>Th\u00f4ng s\u1ed1 k\u1ef9 thu\u1eadt<\/div>\n<div>H\u00ecnh d\u00e1ng: V\u00f2i thi\u1ebft k\u1ebf bo tr\u00f2n, \u0111\u1ea7u v\u00f2i cong. Tay v\u00f2i ngang<\/div>\n<div>Ch\u1ee9c n\u0103ng: N\u00f3ng l\u1ea1nh + Xoay 360 \u0111\u1ed9<\/div>\n<div>Nguy\u00ean v\u1eadt li\u1ec7u: H\u1ee3p kim \u0111\u1ed3ng 61% ti\u00eau chu\u1ea9n Ch\u00e2u \u00c2u<\/div>\n<div>B\u1ec1 m\u1eb7t: m\u1ea1 Chrome nhi\u1ec1u l\u1edbp<\/div>\n<div><\/div>\n<div>&#8212;&#8212;&#8212;&#8212;&#8212;&#8212;&#8212;&#8212;&#8212;&#8212;&#8212;&#8212;&#8212;&#8211;<\/div>\n<div>Hotline: 0869.287.259<\/div>\n<div>\u0110\u1ecba ch\u1ec9: An B\u00ecnh City, 232 Ph\u1ea1m V\u0103n \u0110\u1ed3ng, Q.B\u1eafc T\u1eeb Li\u00eam, H\u00e0 N\u1ed9i<\/div>\n","protected":false},"excerpt":{"rendered":"<p>V\u00d2I R\u1eecA CAO C\u1ea4P | FASTER FS 901 | N\u00d3NG L\u1ea0NH | \u0110\u1ed2NG M\u1ea0 CHROME | THI\u1ebeT K\u1ebe SANG TR\u1eccNG | AN TO\u00c0N V\u00c0 B\u1ec0N B\u1ec8 TRONG QU\u00c1 TR\u00ccNH S\u1eec D\u1ee4NG V\u1edbi nh\u1eefng \u0111\u01b0\u1eddng n\u00e9t \u0111\u01a1n gi\u1ea3n c\u00f9ng l\u1edbp m\u1ea1 Chrome s\u00e1ng b\u00f3ng truy\u1ec1n th\u1ed1ng, v\u00f2i r\u1eeda Faster FS 901 l\u00e0 thi\u1ebft k\u1ebf v\u00f2i th\u00f4ng [&#8230;]\n","protected":false},"featured_media":2017,"comment_status":"open","ping_status":"closed","template":"","meta":[],"product_cat":[67,75],"product_tag":[],"_links":{"self":[{"href":"https:\/\/noithathomer.gleeze.com\/index.php?rest_route=\/wp\/v2\/product\/2015"}],"collection":[{"href":"https:\/\/noithathomer.gleeze.com\/index.php?rest_route=\/wp\/v2\/product"}],"about":[{"href":"https:\/\/noithathomer.gleeze.com\/index.php?rest_route=\/wp\/v2\/types\/product"}],"replies":[{"embeddable":true,"href":"https:\/\/noithathomer.gleeze.com\/index.php?rest_route=%2Fwp%2Fv2%2Fcomments&post=2015"}],"wp:featuredmedia":[{"embeddable":true,"href":"https:\/\/noithathomer.gleeze.com\/index.php?rest_route=\/wp\/v2\/media\/2017"}],"wp:attachment":[{"href":"https:\/\/noithathomer.gleeze.com\/index.php?rest_route=%2Fwp%2Fv2%2Fmedia&parent=2015"}],"wp:term":[{"taxonomy":"product_cat","embeddable":true,"href":"https:\/\/noithathomer.gleeze.com\/index.php?rest_route=%2Fwp%2Fv2%2Fproduct_cat&post=2015"},{"taxonomy":"product_tag","embeddable":true,"href":"https:\/\/noithathomer.gleeze.com\/index.php?rest_route=%2Fwp%2Fv2%2Fproduct_tag&post=2015"}],"curies":[{"name":"wp","href":"https:\/\/api.w.org\/{rel}","templated":true}]}}