{"id":2009,"date":"2023-01-06T15:33:45","date_gmt":"2023-01-06T08:33:45","guid":{"rendered":"https:\/\/noithathomer.com\/?post_type=product&#038;p=2009"},"modified":"2023-01-06T15:33:46","modified_gmt":"2023-01-06T08:33:46","slug":"chinh-hang-faster-voi-rua-3-duong-nuoc-fs-928","status":"publish","type":"product","link":"https:\/\/noithathomer.gleeze.com\/?product=chinh-hang-faster-voi-rua-3-duong-nuoc-fs-928","title":{"rendered":"[CH\u00cdNH H\u00c3NG] FASTER V\u00f2i r\u1eeda 3 \u0111\u01b0\u1eddng n\u01b0\u1edbc FS 928"},"content":{"rendered":"<div>V\u00d2I R\u1eecA CAO C\u1ea4P | FASTER FS 928 | 3 \u0110\u01af\u1edcNG N\u01af\u1edaC (N\u00d3NG-L\u1ea0NH-N\u01af\u1edaC L\u1eccC) | \u0110\u1ed2NG M\u1ea0 CHROME | THI\u1ebeT K\u1ebe SANG TR\u1eccNG | AN TO\u00c0N V\u00c0 B\u1ec0N B\u1ec8 TRONG QU\u00c1 TR\u00ccNH S\u1eec D\u1ee4NG<\/div>\n<div><img decoding=\"async\" loading=\"lazy\" class=\"alignnone size-full wp-image-2010\" src=\"https:\/\/noithathomer.gleeze.com\/wp-content\/uploads\/sg-11134201-22110-7riahf7nc2jvab_tn-1.jpg\" alt=\"\" width=\"320\" height=\"320\" srcset=\"https:\/\/noithathomer.gleeze.com\/wp-content\/uploads\/sg-11134201-22110-7riahf7nc2jvab_tn-1.jpg 320w, https:\/\/noithathomer.gleeze.com\/wp-content\/uploads\/sg-11134201-22110-7riahf7nc2jvab_tn-1-300x300.jpg 300w, https:\/\/noithathomer.gleeze.com\/wp-content\/uploads\/sg-11134201-22110-7riahf7nc2jvab_tn-1-100x100.jpg 100w\" sizes=\"(max-width: 320px) 100vw, 320px\" \/> <img decoding=\"async\" loading=\"lazy\" class=\"alignnone size-medium wp-image-2011\" src=\"https:\/\/noithathomer.gleeze.com\/wp-content\/uploads\/sg-11134201-22110-yxxj9425b2jv05_tn.jpg\" alt=\"\" width=\"320\" height=\"320\" srcset=\"https:\/\/noithathomer.gleeze.com\/wp-content\/uploads\/sg-11134201-22110-yxxj9425b2jv05_tn.jpg 320w, https:\/\/noithathomer.gleeze.com\/wp-content\/uploads\/sg-11134201-22110-yxxj9425b2jv05_tn-300x300.jpg 300w, https:\/\/noithathomer.gleeze.com\/wp-content\/uploads\/sg-11134201-22110-yxxj9425b2jv05_tn-100x100.jpg 100w\" sizes=\"(max-width: 320px) 100vw, 320px\" \/><\/div>\n<div>Ch\u1ee9c n\u0103ng<\/div>\n<div>V\u00f2i r\u1eeda b\u00e1t 3 \u0111\u01b0\u1eddng n\u01b0\u1edbc: 2 \u0111\u01b0\u1eddng n\u00f3ng l\u1ea1nh + 1 \u0111\u01b0\u1eddng k\u1ebft n\u1ed1i v\u1edbi m\u00e1y l\u1ecdc n\u01b0\u1edbc<\/div>\n<div>Th\u00e2n v\u00f2i xoay 360 \u0111\u1ed9 cho ph\u1ea1m vi ti\u1ebfp c\u1eadn l\u1edbn<\/div>\n<div>Chi\u1ec1u cao l\u00fd t\u01b0\u1edfng cho m\u1ecdi thao t\u00e1c l\u00e0m b\u1ebfp<\/div>\n<div>Hai tay v\u00f2i ngang t\u1ed1i \u01b0u kh\u00f4ng gian b\u00e0n b\u1ebfp<\/div>\n<div><\/div>\n<div>C\u00f4ng ngh\u1ec7<\/div>\n<div>Ti\u1ebft ki\u1ec7m 40% n\u01b0\u1edbc<\/div>\n<div>B\u1ec1 m\u1eb7t m\u1ea1 Chrome cao c\u1ea5p b\u1ec1n b\u1ec9, ch\u1ed1ng b\u00e1m v\u00e2n tay v\u1edbi c\u00f4ng ngh\u1ec7 Ch\u00e2u \u00c2u<\/div>\n<div>An to\u00e0n cho s\u1ee9c kh\u1ecfe v\u1edbi l\u00f5i h\u1ee3p kim \u0110\u1ed3ng 61% ti\u00eau chu\u1ea9n Ch\u00e2u \u00c2u<\/div>\n<div>\u0110\u1ed9 b\u1ec1n l\u00ean \u0111\u1ebfn 500.000 l\u1ea7n \u0111\u00f3ng m\u1edf v\u1edbi l\u00f5i tr\u1ed9n n\u00f3ng l\u1ea1nh ti\u00eau chu\u1ea9n Ch\u00e2u \u00c2u<\/div>\n<div>D\u00e2y c\u1ea5p n\u00f3ng l\u1ea1nh ch\u1ed1ng xo\u1eafn, ch\u1ecbu nhi\u1ec7t t\u1ed1i \u0111a \u0111\u1ea1t ti\u00eau chu\u1ea9n Ch\u00e2u \u00c2u<\/div>\n<div><\/div>\n<div>Th\u00f4ng s\u1ed1 k\u1ef9 thu\u1eadt<\/div>\n<div>H\u00ecnh d\u00e1ng: V\u00f2i thi\u1ebft k\u1ebf bo tr\u00f2n. M\u1ed9t tay v\u00f2i n\u1eb1m ngang<\/div>\n<div>Ch\u1ee9c n\u0103ng: N\u00f3ng l\u1ea1nh + N\u01b0\u1edbc l\u1ecdc + Xoay 360 \u0111\u1ed9<\/div>\n<div>Nguy\u00ean v\u1eadt li\u1ec7u: H\u1ee3p kim \u0111\u1ed3ng 61% ti\u00eau chu\u1ea9n Ch\u00e2u \u00c2u<\/div>\n<div>B\u1ec1 m\u1eb7t m\u1ea1 Chrome nhi\u1ec1u l\u1edbp<\/div>\n<div><\/div>\n<div>&#8212;&#8212;&#8212;&#8212;&#8212;&#8212;&#8212;&#8212;&#8212;&#8212;&#8212;&#8212;&#8212;&#8211;<\/div>\n<div>Hotline: 0869.287.259<\/div>\n<div>\u0110\u1ecba ch\u1ec9: An B\u00ecnh City, 232 Ph\u1ea1m V\u0103n \u0110\u1ed3ng, Q.B\u1eafc T\u1eeb Li\u00eam, H\u00e0 N\u1ed9i<\/div>\n","protected":false},"excerpt":{"rendered":"<p>V\u00d2I R\u1eecA CAO C\u1ea4P | FASTER FS 928 | 3 \u0110\u01af\u1edcNG N\u01af\u1edaC (N\u00d3NG-L\u1ea0NH-N\u01af\u1edaC L\u1eccC) | \u0110\u1ed2NG M\u1ea0 CHROME | THI\u1ebeT K\u1ebe SANG TR\u1eccNG | AN TO\u00c0N V\u00c0 B\u1ec0N B\u1ec8 TRONG QU\u00c1 TR\u00ccNH S\u1eec D\u1ee4NG Ch\u1ee9c n\u0103ng V\u00f2i r\u1eeda b\u00e1t 3 \u0111\u01b0\u1eddng n\u01b0\u1edbc: 2 \u0111\u01b0\u1eddng n\u00f3ng l\u1ea1nh + 1 \u0111\u01b0\u1eddng k\u1ebft n\u1ed1i v\u1edbi m\u00e1y l\u1ecdc n\u01b0\u1edbc [&#8230;]\n","protected":false},"featured_media":2010,"comment_status":"open","ping_status":"closed","template":"","meta":[],"product_cat":[67,75],"product_tag":[],"_links":{"self":[{"href":"https:\/\/noithathomer.gleeze.com\/index.php?rest_route=\/wp\/v2\/product\/2009"}],"collection":[{"href":"https:\/\/noithathomer.gleeze.com\/index.php?rest_route=\/wp\/v2\/product"}],"about":[{"href":"https:\/\/noithathomer.gleeze.com\/index.php?rest_route=\/wp\/v2\/types\/product"}],"replies":[{"embeddable":true,"href":"https:\/\/noithathomer.gleeze.com\/index.php?rest_route=%2Fwp%2Fv2%2Fcomments&post=2009"}],"wp:featuredmedia":[{"embeddable":true,"href":"https:\/\/noithathomer.gleeze.com\/index.php?rest_route=\/wp\/v2\/media\/2010"}],"wp:attachment":[{"href":"https:\/\/noithathomer.gleeze.com\/index.php?rest_route=%2Fwp%2Fv2%2Fmedia&parent=2009"}],"wp:term":[{"taxonomy":"product_cat","embeddable":true,"href":"https:\/\/noithathomer.gleeze.com\/index.php?rest_route=%2Fwp%2Fv2%2Fproduct_cat&post=2009"},{"taxonomy":"product_tag","embeddable":true,"href":"https:\/\/noithathomer.gleeze.com\/index.php?rest_route=%2Fwp%2Fv2%2Fproduct_tag&post=2009"}],"curies":[{"name":"wp","href":"https:\/\/api.w.org\/{rel}","templated":true}]}}