{"id":2006,"date":"2023-01-06T15:24:39","date_gmt":"2023-01-06T08:24:39","guid":{"rendered":"https:\/\/noithathomer.com\/?post_type=product&#038;p=2006"},"modified":"2023-01-06T15:31:36","modified_gmt":"2023-01-06T08:31:36","slug":"chinh-hang-faster-voi-rua-fs-911ss","status":"publish","type":"product","link":"https:\/\/noithathomer.gleeze.com\/?product=chinh-hang-faster-voi-rua-fs-911ss","title":{"rendered":"[CH\u00cdNH H\u00c3NG] FASTER V\u00f2i r\u1eeda FS 911SS"},"content":{"rendered":"<div>V\u00d2I R\u1eecA CAO C\u1ea4P | FASTER FS 911SS | N\u00d3NG L\u1ea0NH | INOX SUS304 | THI\u1ebeT K\u1ebe SANG TR\u1eccNG | AN TO\u00c0N V\u00c0 B\u1ec0N B\u1ec8 TRONG QU\u00c1 TR\u00ccNH S\u1eec D\u1ee4NG<\/div>\n<div><img decoding=\"async\" loading=\"lazy\" class=\"alignnone size-full wp-image-2007\" src=\"https:\/\/noithathomer.gleeze.com\/wp-content\/uploads\/sg-11134201-22110-7riahf7nc2jvab_tn.jpg\" alt=\"\" width=\"320\" height=\"320\" srcset=\"https:\/\/noithathomer.gleeze.com\/wp-content\/uploads\/sg-11134201-22110-7riahf7nc2jvab_tn.jpg 320w, https:\/\/noithathomer.gleeze.com\/wp-content\/uploads\/sg-11134201-22110-7riahf7nc2jvab_tn-300x300.jpg 300w, https:\/\/noithathomer.gleeze.com\/wp-content\/uploads\/sg-11134201-22110-7riahf7nc2jvab_tn-100x100.jpg 100w\" sizes=\"(max-width: 320px) 100vw, 320px\" \/> <img decoding=\"async\" loading=\"lazy\" class=\"alignnone size-medium wp-image-2008\" src=\"https:\/\/noithathomer.gleeze.com\/wp-content\/uploads\/sg-11134201-22110-j1bfoyeac2jv1f_tn.jpg\" alt=\"\" width=\"320\" height=\"320\" srcset=\"https:\/\/noithathomer.gleeze.com\/wp-content\/uploads\/sg-11134201-22110-j1bfoyeac2jv1f_tn.jpg 320w, https:\/\/noithathomer.gleeze.com\/wp-content\/uploads\/sg-11134201-22110-j1bfoyeac2jv1f_tn-300x300.jpg 300w, https:\/\/noithathomer.gleeze.com\/wp-content\/uploads\/sg-11134201-22110-j1bfoyeac2jv1f_tn-100x100.jpg 100w\" sizes=\"(max-width: 320px) 100vw, 320px\" \/><\/div>\n<div><\/div>\n<div>C\u00f4ng ngh\u1ec7<\/div>\n<div>Ti\u1ebft ki\u1ec7m 40% n\u01b0\u1edbc khi s\u1eed d\u1ee5ng<\/div>\n<div>B\u1ec1 m\u1eb7t ho\u00e0n thi\u1ec7n x\u01b0\u1edbc m\u1edd<\/div>\n<div>An to\u00e0n cho s\u1ee9c kh\u1ecfe v\u1edbi l\u00f5i tr\u1ed9n n\u00f3ng l\u1ea1nh cao c\u1ea5p ti\u00eau chu\u1ea9n Ch\u00e2u \u00c2u<\/div>\n<div>V\u1eadt li\u1ec7u s\u1ea3n ph\u1ea9m \u0111\u1ea1t ti\u00eau chu\u1ea9n Ch\u00e2u \u00c2u<\/div>\n<div>\u0110\u1ed9 b\u1ec1n l\u00ean \u0111\u1ebfn 500.000 l\u1ea7n \u0111\u00f3ng m\u1edf v\u1edbi l\u00f5i tr\u1ed9n n\u00f3ng l\u1ea1nh nh\u1eadp kh\u1ea9u cao c\u1ea5p<\/div>\n<div>D\u00e2y c\u1ea5p n\u00f3ng l\u1ea1nh, d\u00e2y k\u00e9o, ch\u00e2n k\u1ebft n\u1ed1i nhanh theo chu\u1ea9n Ch\u00e2u \u00c2u ch\u1ed1ng xo\u1eafn, ch\u1ecbu nhi\u1ec7t \u0111\u1ed9 cao<\/div>\n<div><\/div>\n<div>Th\u00f4ng s\u1ed1 k\u1ef9 thu\u1eadt<\/div>\n<div>H\u00ecnh d\u00e1ng: V\u00f2i thi\u1ebft k\u1ebf h\u00ecnh vu\u00f4ng, th\u00e2n tr\u00f2n, \u0111\u1ea7u v\u00f2i ngang. Tay v\u00f2i ngang<\/div>\n<div>Ch\u1ee9c n\u0103ng: N\u00f3ng l\u1ea1nh<\/div>\n<div>Nguy\u00ean v\u1eadt li\u1ec7u: Inox SUS304 ti\u00eau chu\u1ea9n Ch\u00e2u \u00c2u<\/div>\n<div>B\u1ec1 m\u1eb7t: Ho\u00e0n thi\u1ec7n x\u01b0\u1edbc m\u1edd<\/div>\n<div>L\u00f5i tr\u1ed9n n\u00f3ng l\u1ea1nh ch\u1ea5t l\u01b0\u1ee3ng cao theo ti\u00eau chu\u1ea9n Ch\u00e2u \u00c2u<\/div>\n<div>D\u00e2y c\u1ea5p n\u00f3ng l\u1ea1nh ch\u1ed1ng xo\u1eafn v\u00e0 ch\u1ecbu nhi\u1ec7t \u0111\u1ed9 cao<\/div>\n<div><\/div>\n<div>&#8212;&#8212;&#8212;&#8212;&#8212;&#8212;&#8212;&#8212;&#8212;&#8212;&#8212;&#8212;&#8212;&#8211;<\/div>\n<div>Hotline: 0869.287.259<\/div>\n<div>\u0110\u1ecba ch\u1ec9: An B\u00ecnh City, 232 Ph\u1ea1m V\u0103n \u0110\u1ed3ng, Q.B\u1eafc T\u1eeb Li\u00eam, H\u00e0 N\u1ed9i<\/div>\n","protected":false},"excerpt":{"rendered":"<p>V\u00d2I R\u1eecA CAO C\u1ea4P | FASTER FS 911SS | N\u00d3NG L\u1ea0NH | INOX SUS304 | THI\u1ebeT K\u1ebe SANG TR\u1eccNG | AN TO\u00c0N V\u00c0 B\u1ec0N B\u1ec8 TRONG QU\u00c1 TR\u00ccNH S\u1eec D\u1ee4NG C\u00f4ng ngh\u1ec7 Ti\u1ebft ki\u1ec7m 40% n\u01b0\u1edbc khi s\u1eed d\u1ee5ng B\u1ec1 m\u1eb7t ho\u00e0n thi\u1ec7n x\u01b0\u1edbc m\u1edd An to\u00e0n cho s\u1ee9c kh\u1ecfe v\u1edbi l\u00f5i tr\u1ed9n n\u00f3ng l\u1ea1nh [&#8230;]\n","protected":false},"featured_media":2008,"comment_status":"open","ping_status":"closed","template":"","meta":[],"product_cat":[67,75],"product_tag":[],"_links":{"self":[{"href":"https:\/\/noithathomer.gleeze.com\/index.php?rest_route=\/wp\/v2\/product\/2006"}],"collection":[{"href":"https:\/\/noithathomer.gleeze.com\/index.php?rest_route=\/wp\/v2\/product"}],"about":[{"href":"https:\/\/noithathomer.gleeze.com\/index.php?rest_route=\/wp\/v2\/types\/product"}],"replies":[{"embeddable":true,"href":"https:\/\/noithathomer.gleeze.com\/index.php?rest_route=%2Fwp%2Fv2%2Fcomments&post=2006"}],"wp:featuredmedia":[{"embeddable":true,"href":"https:\/\/noithathomer.gleeze.com\/index.php?rest_route=\/wp\/v2\/media\/2008"}],"wp:attachment":[{"href":"https:\/\/noithathomer.gleeze.com\/index.php?rest_route=%2Fwp%2Fv2%2Fmedia&parent=2006"}],"wp:term":[{"taxonomy":"product_cat","embeddable":true,"href":"https:\/\/noithathomer.gleeze.com\/index.php?rest_route=%2Fwp%2Fv2%2Fproduct_cat&post=2006"},{"taxonomy":"product_tag","embeddable":true,"href":"https:\/\/noithathomer.gleeze.com\/index.php?rest_route=%2Fwp%2Fv2%2Fproduct_tag&post=2006"}],"curies":[{"name":"wp","href":"https:\/\/api.w.org\/{rel}","templated":true}]}}