{"id":2001,"date":"2023-01-06T14:39:46","date_gmt":"2023-01-06T07:39:46","guid":{"rendered":"https:\/\/noithathomer.com\/?post_type=product&#038;p=2001"},"modified":"2023-01-06T14:39:47","modified_gmt":"2023-01-06T07:39:47","slug":"chinh-hang-faster-chau-rua-bat-handmade-fs-8245hb","status":"publish","type":"product","link":"https:\/\/noithathomer.gleeze.com\/?product=chinh-hang-faster-chau-rua-bat-handmade-fs-8245hb","title":{"rendered":"[ CH\u00cdNH H\u00c3NG ] FASTER &#8211; CH\u1eacU R\u1eecA B\u00c1T HANDMADE- FS 8245HB"},"content":{"rendered":"<div>CAM K\u1ebeT CH\u00cdNH H\u00c3NG 100%<\/div>\n<div><\/div>\n<div>S\u1ea2N PH\u1ea8M -FS 8245HB<\/div>\n<div>Inox ph\u1ee7 nano b\u1ea1c kh\u00e1ng khu\u1ea9n<\/div>\n<div>K\u00edch th\u01b0\u1edbc ch\u1eadu:<\/div>\n<div>820x450mmx230mm<\/div>\n<div>K\u00edch th\u01b0\u1edbc 2 h\u1ed1:<\/div>\n<div>370x350x230mm<\/div>\n<div>KT kho\u00e9t \u0111\u00e1: 790x425mm<\/div>\n<div>K\u00edch th\u01b0\u1edbc 2 h\u1ed1: 750mm<\/div>\n<div><\/div>\n<div>S\u1ea2N PH\u1ea8M -FS 8245HS<\/div>\n<div>Inox ph\u1ee7 nano b\u1ea1c kh\u00e1ng khu\u1ea9n<\/div>\n<div>K\u00edch th\u01b0\u1edbc ch\u1eadu:<\/div>\n<div>820x450mmx230mm<\/div>\n<div>K\u00edch th\u01b0\u1edbc h\u1ed1 to:<\/div>\n<div>370x380x230mm<\/div>\n<div>K\u00edch th\u01b0\u1edbc h\u1ed1 b\u00e9:<\/div>\n<div>370x350mmx230mm<\/div>\n<div>KT kho\u00e9t \u0111\u00e1: 790x425mm<\/div>\n<div>K\u00edch th\u01b0\u1edbc 2 h\u1ed1: 750mm<\/div>\n<div><\/div>\n<div>S\u1ea2N PH\u1ea8M -FS 8245HA<\/div>\n<div>Inox 304<\/div>\n<div>K\u00edch th\u01b0\u1edbc ch\u1eadu:<\/div>\n<div>820x450mmx230mm<\/div>\n<div>K\u00edch th\u01b0\u1edbc 2 h\u1ed1:<\/div>\n<div>370x350x230mm<\/div>\n<div>KT kho\u00e9t \u0111\u00e1: 790x425mm<\/div>\n<div>K\u00edch th\u01b0\u1edbc 2 h\u1ed1: 750mm<\/div>\n<div><\/div>\n<div>S\u1ea2N PH\u1ea8M -FS 7843HM<\/div>\n<div>Inox ph\u1ee7 nano b\u1ea1c kh\u00e1ng khu\u1ea9n<\/div>\n<div>K\u00edch th\u01b0\u1edbc ch\u1eadu:<\/div>\n<div>780x430x230mm<\/div>\n<div>K\u00edch th\u01b0\u1edbc 2 h\u1ed1:<\/div>\n<div>350x330x230mm<\/div>\n<div>KT kho\u00e9t \u0111\u00e1: 750x400mm<\/div>\n<div>K\u00edch th\u01b0\u1edbc 2 h\u1ed1: 700mm<\/div>\n<div><\/div>\n<div><img decoding=\"async\" loading=\"lazy\" class=\"alignnone size-full wp-image-2002\" src=\"https:\/\/noithathomer.gleeze.com\/wp-content\/uploads\/sg-11134201-22110-65019teucyjv08_tn.jpg\" alt=\"\" width=\"320\" height=\"320\" srcset=\"https:\/\/noithathomer.gleeze.com\/wp-content\/uploads\/sg-11134201-22110-65019teucyjv08_tn.jpg 320w, https:\/\/noithathomer.gleeze.com\/wp-content\/uploads\/sg-11134201-22110-65019teucyjv08_tn-300x300.jpg 300w, https:\/\/noithathomer.gleeze.com\/wp-content\/uploads\/sg-11134201-22110-65019teucyjv08_tn-100x100.jpg 100w\" sizes=\"(max-width: 320px) 100vw, 320px\" \/> <img decoding=\"async\" loading=\"lazy\" class=\"alignnone size-medium wp-image-2003\" src=\"https:\/\/noithathomer.gleeze.com\/wp-content\/uploads\/sg-11134201-22110-eb5asxs4cyjvc2_tn.jpg\" alt=\"\" width=\"320\" height=\"320\" srcset=\"https:\/\/noithathomer.gleeze.com\/wp-content\/uploads\/sg-11134201-22110-eb5asxs4cyjvc2_tn.jpg 320w, https:\/\/noithathomer.gleeze.com\/wp-content\/uploads\/sg-11134201-22110-eb5asxs4cyjvc2_tn-300x300.jpg 300w, https:\/\/noithathomer.gleeze.com\/wp-content\/uploads\/sg-11134201-22110-eb5asxs4cyjvc2_tn-100x100.jpg 100w\" sizes=\"(max-width: 320px) 100vw, 320px\" \/> <img decoding=\"async\" loading=\"lazy\" class=\"alignnone size-medium wp-image-2004\" src=\"https:\/\/noithathomer.gleeze.com\/wp-content\/uploads\/sg-11134201-22110-ozxe88nucyjve2_tn.jpg\" alt=\"\" width=\"320\" height=\"320\" srcset=\"https:\/\/noithathomer.gleeze.com\/wp-content\/uploads\/sg-11134201-22110-ozxe88nucyjve2_tn.jpg 320w, https:\/\/noithathomer.gleeze.com\/wp-content\/uploads\/sg-11134201-22110-ozxe88nucyjve2_tn-300x300.jpg 300w, https:\/\/noithathomer.gleeze.com\/wp-content\/uploads\/sg-11134201-22110-ozxe88nucyjve2_tn-100x100.jpg 100w\" sizes=\"(max-width: 320px) 100vw, 320px\" \/> <img decoding=\"async\" loading=\"lazy\" class=\"alignnone size-medium wp-image-2005\" src=\"https:\/\/noithathomer.gleeze.com\/wp-content\/uploads\/sg-11134201-22110-susigus4cyjvdc_tn.jpg\" alt=\"\" width=\"320\" height=\"320\" srcset=\"https:\/\/noithathomer.gleeze.com\/wp-content\/uploads\/sg-11134201-22110-susigus4cyjvdc_tn.jpg 320w, https:\/\/noithathomer.gleeze.com\/wp-content\/uploads\/sg-11134201-22110-susigus4cyjvdc_tn-300x300.jpg 300w, https:\/\/noithathomer.gleeze.com\/wp-content\/uploads\/sg-11134201-22110-susigus4cyjvdc_tn-100x100.jpg 100w\" sizes=\"(max-width: 320px) 100vw, 320px\" \/><\/div>\n<div>Hotline: 0869.287.259<\/div>\n<div>\u0110\u1ecba ch\u1ec9: An B\u00ecnh City, 232 Ph\u1ea1m V\u0103n \u0110\u1ed3ng, Q.B\u1eafc T\u1eeb Li\u00eam, H\u00e0 N\u1ed9i<\/div>\n","protected":false},"excerpt":{"rendered":"<p>CAM K\u1ebeT CH\u00cdNH H\u00c3NG 100% S\u1ea2N PH\u1ea8M -FS 8245HB Inox ph\u1ee7 nano b\u1ea1c kh\u00e1ng khu\u1ea9n K\u00edch th\u01b0\u1edbc ch\u1eadu: 820x450mmx230mm K\u00edch th\u01b0\u1edbc 2 h\u1ed1: 370x350x230mm KT kho\u00e9t \u0111\u00e1: 790x425mm K\u00edch th\u01b0\u1edbc 2 h\u1ed1: 750mm S\u1ea2N PH\u1ea8M -FS 8245HS Inox ph\u1ee7 nano b\u1ea1c kh\u00e1ng khu\u1ea9n K\u00edch th\u01b0\u1edbc ch\u1eadu: 820x450mmx230mm K\u00edch th\u01b0\u1edbc h\u1ed1 to: 370x380x230mm K\u00edch th\u01b0\u1edbc h\u1ed1 [&#8230;]\n","protected":false},"featured_media":2003,"comment_status":"open","ping_status":"closed","template":"","meta":[],"product_cat":[67,69],"product_tag":[],"_links":{"self":[{"href":"https:\/\/noithathomer.gleeze.com\/index.php?rest_route=\/wp\/v2\/product\/2001"}],"collection":[{"href":"https:\/\/noithathomer.gleeze.com\/index.php?rest_route=\/wp\/v2\/product"}],"about":[{"href":"https:\/\/noithathomer.gleeze.com\/index.php?rest_route=\/wp\/v2\/types\/product"}],"replies":[{"embeddable":true,"href":"https:\/\/noithathomer.gleeze.com\/index.php?rest_route=%2Fwp%2Fv2%2Fcomments&post=2001"}],"wp:featuredmedia":[{"embeddable":true,"href":"https:\/\/noithathomer.gleeze.com\/index.php?rest_route=\/wp\/v2\/media\/2003"}],"wp:attachment":[{"href":"https:\/\/noithathomer.gleeze.com\/index.php?rest_route=%2Fwp%2Fv2%2Fmedia&parent=2001"}],"wp:term":[{"taxonomy":"product_cat","embeddable":true,"href":"https:\/\/noithathomer.gleeze.com\/index.php?rest_route=%2Fwp%2Fv2%2Fproduct_cat&post=2001"},{"taxonomy":"product_tag","embeddable":true,"href":"https:\/\/noithathomer.gleeze.com\/index.php?rest_route=%2Fwp%2Fv2%2Fproduct_tag&post=2001"}],"curies":[{"name":"wp","href":"https:\/\/api.w.org\/{rel}","templated":true}]}}