{"id":1994,"date":"2023-01-06T14:14:02","date_gmt":"2023-01-06T07:14:02","guid":{"rendered":"https:\/\/noithathomer.com\/?post_type=product&#038;p=1994"},"modified":"2023-01-06T14:16:29","modified_gmt":"2023-01-06T07:16:29","slug":"chinh-hang-garis-chau-rua-co-may-rua-cocchen","status":"publish","type":"product","link":"https:\/\/noithathomer.gleeze.com\/?product=chinh-hang-garis-chau-rua-co-may-rua-cocchen","title":{"rendered":"[CH\u00cdNH H\u00c3NG] GARIS &#8211; Ch\u1eadu r\u1eeda c\u00f3 m\u00e1y r\u1eeda c\u1ed1c,ch\u00e9n"},"content":{"rendered":"<div>1. MODEL: MS22.96<\/div>\n<div>&#8211; M\u00f4 t\u1ea3: CH\u1eacU R\u1eecA 2 H\u1ed0 L\u1ec6CH C\u00d3 M\u00c1Y R\u1eecA C\u1ed0C, CH\u00c9N<\/div>\n<div>\u00a0 \u00a0 \u00a0 \u00a0 \u00a0 \u00a0 \u00a0 \u00a0Inox 304, x\u01b0\u1edbc m\u1edd, kh\u00f3a v\u00e0 x\u1ea3 n\u01b0\u1edbc b\u1eb1ng n\u00fat b\u1ea5m tr\u00ean th\u00e0nh ch\u1eadu<\/div>\n<div>&#8211; S\u1ed1 l\u01b0\u1ee3ng h\u1ed1: 2<\/div>\n<div>&#8211; K\u00edch th\u01b0\u1edbc ch\u1eadu (D\u00e0i*R\u1ed9ng*S\u00e2u): D960*R500*S230<\/div>\n<div>&#8211; K\u00edch th\u01b0\u1edbc h\u1ed1:\u00a0 385*430\u00a0 &amp;\u00a0 300*370<\/div>\n<div>&#8211; Lo\u1ea1i ch\u1eadu: d\u01b0\u01a1ng b\u00e0n \u0111\u00e1<\/div>\n<div>&#8211; K\u00edch th\u01b0\u1edbc c\u1eaft \u0111\u00e1 (mm):\u00a0 \u00a0930*470<\/div>\n<div><img decoding=\"async\" loading=\"lazy\" class=\"alignnone size-full wp-image-1997\" src=\"https:\/\/noithathomer.gleeze.com\/wp-content\/uploads\/757ad9ea3cfd01610949b67c55d7b72d_tn.jpg\" alt=\"\" width=\"320\" height=\"320\" srcset=\"https:\/\/noithathomer.gleeze.com\/wp-content\/uploads\/757ad9ea3cfd01610949b67c55d7b72d_tn.jpg 320w, https:\/\/noithathomer.gleeze.com\/wp-content\/uploads\/757ad9ea3cfd01610949b67c55d7b72d_tn-300x300.jpg 300w, https:\/\/noithathomer.gleeze.com\/wp-content\/uploads\/757ad9ea3cfd01610949b67c55d7b72d_tn-100x100.jpg 100w\" sizes=\"(max-width: 320px) 100vw, 320px\" \/> <img decoding=\"async\" loading=\"lazy\" class=\"alignnone size-full wp-image-1999\" src=\"https:\/\/noithathomer.gleeze.com\/wp-content\/uploads\/c3f52ea0ba60f8568925c854ccc1f8d9_tn.jpg\" alt=\"\" width=\"320\" height=\"320\" srcset=\"https:\/\/noithathomer.gleeze.com\/wp-content\/uploads\/c3f52ea0ba60f8568925c854ccc1f8d9_tn.jpg 320w, https:\/\/noithathomer.gleeze.com\/wp-content\/uploads\/c3f52ea0ba60f8568925c854ccc1f8d9_tn-300x300.jpg 300w, https:\/\/noithathomer.gleeze.com\/wp-content\/uploads\/c3f52ea0ba60f8568925c854ccc1f8d9_tn-100x100.jpg 100w\" sizes=\"(max-width: 320px) 100vw, 320px\" \/> <img decoding=\"async\" loading=\"lazy\" class=\"alignnone size-full wp-image-2000\" src=\"https:\/\/noithathomer.gleeze.com\/wp-content\/uploads\/f406e8749a1f8509e9c2dfaf2320f229_tn.jpg\" alt=\"\" width=\"320\" height=\"320\" srcset=\"https:\/\/noithathomer.gleeze.com\/wp-content\/uploads\/f406e8749a1f8509e9c2dfaf2320f229_tn.jpg 320w, https:\/\/noithathomer.gleeze.com\/wp-content\/uploads\/f406e8749a1f8509e9c2dfaf2320f229_tn-300x300.jpg 300w, https:\/\/noithathomer.gleeze.com\/wp-content\/uploads\/f406e8749a1f8509e9c2dfaf2320f229_tn-100x100.jpg 100w\" sizes=\"(max-width: 320px) 100vw, 320px\" \/><\/div>\n<div><\/div>\n<div>2. MODEL: MS11.82<\/div>\n<div>&#8211; M\u00f4 t\u1ea3:\u00a0 CH\u1eacU R\u1eecA 1 H\u1ed0 TO C\u00d3 M\u00c1Y R\u1eecA C\u1ed0C, CH\u00c9N<\/div>\n<div>\u00a0 \u00a0 \u00a0 \u00a0 \u00a0 \u00a0 \u00a0 \u00a0Inox 304, x\u01b0\u1edbc m\u1edd, kh\u00f3a v\u00e0 x\u1ea3 n\u01b0\u1edbc b\u1eb1ng n\u00fat b\u1ea5m tr\u00ean th\u00e0nh ch\u1eadu<\/div>\n<div>&#8211; S\u1ed1 l\u01b0\u1ee3ng h\u1ed1: 1<\/div>\n<div>&#8211; K\u00edch th\u01b0\u1edbc ch\u1eadu (D\u00e0i*R\u1ed9ng*S\u00e2u): D820*R480*S230<\/div>\n<div>&#8211; K\u00edch th\u01b0\u1edbc h\u1ed1:\u00a0 580*440<\/div>\n<div>&#8211; Lo\u1ea1i ch\u1eadu: d\u01b0\u01a1ng b\u00e0n \u0111\u00e1<\/div>\n<div>&#8211; K\u00edch th\u01b0\u1edbc c\u1eaft \u0111\u00e1 (mm):\u00a0 790*450<\/div>\n<div><img decoding=\"async\" loading=\"lazy\" class=\"alignnone size-full wp-image-1995\" src=\"https:\/\/noithathomer.gleeze.com\/wp-content\/uploads\/5a45de1349a49219bf4cbe2567b77df8_tn.jpg\" alt=\"\" width=\"320\" height=\"320\" srcset=\"https:\/\/noithathomer.gleeze.com\/wp-content\/uploads\/5a45de1349a49219bf4cbe2567b77df8_tn.jpg 320w, https:\/\/noithathomer.gleeze.com\/wp-content\/uploads\/5a45de1349a49219bf4cbe2567b77df8_tn-300x300.jpg 300w, https:\/\/noithathomer.gleeze.com\/wp-content\/uploads\/5a45de1349a49219bf4cbe2567b77df8_tn-100x100.jpg 100w\" sizes=\"(max-width: 320px) 100vw, 320px\" \/> <img decoding=\"async\" loading=\"lazy\" class=\"alignnone size-full wp-image-1996\" src=\"https:\/\/noithathomer.gleeze.com\/wp-content\/uploads\/88dd5f18de1916a935115a74c981a125_tn.jpg\" alt=\"\" width=\"320\" height=\"320\" srcset=\"https:\/\/noithathomer.gleeze.com\/wp-content\/uploads\/88dd5f18de1916a935115a74c981a125_tn.jpg 320w, https:\/\/noithathomer.gleeze.com\/wp-content\/uploads\/88dd5f18de1916a935115a74c981a125_tn-300x300.jpg 300w, https:\/\/noithathomer.gleeze.com\/wp-content\/uploads\/88dd5f18de1916a935115a74c981a125_tn-100x100.jpg 100w\" sizes=\"(max-width: 320px) 100vw, 320px\" \/> <img decoding=\"async\" loading=\"lazy\" class=\"alignnone size-full wp-image-1998\" src=\"https:\/\/noithathomer.gleeze.com\/wp-content\/uploads\/b4f8591c60bc794f970eab21c34a45d0_tn.jpg\" alt=\"\" width=\"320\" height=\"320\" srcset=\"https:\/\/noithathomer.gleeze.com\/wp-content\/uploads\/b4f8591c60bc794f970eab21c34a45d0_tn.jpg 320w, https:\/\/noithathomer.gleeze.com\/wp-content\/uploads\/b4f8591c60bc794f970eab21c34a45d0_tn-300x300.jpg 300w, https:\/\/noithathomer.gleeze.com\/wp-content\/uploads\/b4f8591c60bc794f970eab21c34a45d0_tn-100x100.jpg 100w\" sizes=\"(max-width: 320px) 100vw, 320px\" \/><\/div>\n<div><\/div>\n<div>**K\u00e8m theo: B\u1ed9 siphon \u0111\u1eb7c bi\u1ec7t \u0111\u1ec3 trong t\u00fai v\u1ea3i, r\u1ed5 r\u00e1o n\u01b0\u1edbc th\u00e9p ph\u1ee7 nano, m\u00e1y r\u1eeda c\u1ed1c, ch\u00e9n (kh\u00f4ng d\u00f9ng \u0111i\u1ec7n)<\/div>\n<div><\/div>\n<div>C\u00e1c s\u1ea3n ph\u1ea9m c\u1ee7a GARIS \u0111\u1ec1u \u0111\u01b0\u1ee3c g\u1eafn tem ch\u1ed1ng h\u00e0ng gi\u1ea3 v\u00e0 b\u1ea3o h\u00e0nh ch\u00ednh h\u00e3ng.<\/div>\n<div>&#8212;&#8212;&#8212;&#8212;&#8212;&#8212;&#8212;&#8212;&#8212;&#8212;&#8212;&#8212;&#8212;&#8211;<\/div>\n<div>Hotline: 0869.287.259<\/div>\n<div>\u0110\u1ecba ch\u1ec9: An B\u00ecnh City, 232 Ph\u1ea1m V\u0103n \u0110\u1ed3ng, Q.B\u1eafc T\u1eeb Li\u00eam, H\u00e0 N\u1ed9i<\/div>\n","protected":false},"excerpt":{"rendered":"<p>1. MODEL: MS22.96 &#8211; M\u00f4 t\u1ea3: CH\u1eacU R\u1eecA 2 H\u1ed0 L\u1ec6CH C\u00d3 M\u00c1Y R\u1eecA C\u1ed0C, CH\u00c9N \u00a0 \u00a0 \u00a0 \u00a0 \u00a0 \u00a0 \u00a0 \u00a0Inox 304, x\u01b0\u1edbc m\u1edd, kh\u00f3a v\u00e0 x\u1ea3 n\u01b0\u1edbc b\u1eb1ng n\u00fat b\u1ea5m tr\u00ean th\u00e0nh ch\u1eadu &#8211; S\u1ed1 l\u01b0\u1ee3ng h\u1ed1: 2 &#8211; K\u00edch th\u01b0\u1edbc ch\u1eadu (D\u00e0i*R\u1ed9ng*S\u00e2u): D960*R500*S230 &#8211; K\u00edch th\u01b0\u1edbc h\u1ed1:\u00a0 385*430\u00a0 &amp;\u00a0 300*370 [&#8230;]\n","protected":false},"featured_media":1999,"comment_status":"open","ping_status":"closed","template":"","meta":[],"product_cat":[67,69],"product_tag":[],"_links":{"self":[{"href":"https:\/\/noithathomer.gleeze.com\/index.php?rest_route=\/wp\/v2\/product\/1994"}],"collection":[{"href":"https:\/\/noithathomer.gleeze.com\/index.php?rest_route=\/wp\/v2\/product"}],"about":[{"href":"https:\/\/noithathomer.gleeze.com\/index.php?rest_route=\/wp\/v2\/types\/product"}],"replies":[{"embeddable":true,"href":"https:\/\/noithathomer.gleeze.com\/index.php?rest_route=%2Fwp%2Fv2%2Fcomments&post=1994"}],"wp:featuredmedia":[{"embeddable":true,"href":"https:\/\/noithathomer.gleeze.com\/index.php?rest_route=\/wp\/v2\/media\/1999"}],"wp:attachment":[{"href":"https:\/\/noithathomer.gleeze.com\/index.php?rest_route=%2Fwp%2Fv2%2Fmedia&parent=1994"}],"wp:term":[{"taxonomy":"product_cat","embeddable":true,"href":"https:\/\/noithathomer.gleeze.com\/index.php?rest_route=%2Fwp%2Fv2%2Fproduct_cat&post=1994"},{"taxonomy":"product_tag","embeddable":true,"href":"https:\/\/noithathomer.gleeze.com\/index.php?rest_route=%2Fwp%2Fv2%2Fproduct_tag&post=1994"}],"curies":[{"name":"wp","href":"https:\/\/api.w.org\/{rel}","templated":true}]}}