{"id":1982,"date":"2023-01-06T11:32:45","date_gmt":"2023-01-06T04:32:45","guid":{"rendered":"https:\/\/noithathomer.com\/?post_type=product&#038;p=1982"},"modified":"2023-01-06T11:51:01","modified_gmt":"2023-01-06T04:51:01","slug":"chinh-hang-faster-chau-rua-fs-8245hss","status":"publish","type":"product","link":"https:\/\/noithathomer.gleeze.com\/?product=chinh-hang-faster-chau-rua-fs-8245hss","title":{"rendered":"[CH\u00cdNH H\u00c3NG] FASTER Ch\u1eadu r\u1eeda FS 8245HSS"},"content":{"rendered":"<div>CH\u1eacU R\u1eecA FASTER FS 8245HSS | HAI H\u1ed0 L\u1ec6CH | INOX SUS304 | THI\u1ebeT K\u1ebe SANG TR\u1eccNG | AN TO\u00c0N CHO S\u1ee8C KH\u1eceE V\u00c0 B\u1ec0N B\u1ec8 TRONG QU\u00c1 TR\u00ccNH S\u1eec D\u1ee4NG.<\/div>\n<div><img decoding=\"async\" loading=\"lazy\" class=\"alignnone size-full wp-image-1983\" src=\"https:\/\/noithathomer.gleeze.com\/wp-content\/uploads\/sg-11134201-22110-4z5w8q7xc2jv64_tn.jpg\" alt=\"\" width=\"320\" height=\"320\" srcset=\"https:\/\/noithathomer.gleeze.com\/wp-content\/uploads\/sg-11134201-22110-4z5w8q7xc2jv64_tn.jpg 320w, https:\/\/noithathomer.gleeze.com\/wp-content\/uploads\/sg-11134201-22110-4z5w8q7xc2jv64_tn-300x300.jpg 300w, https:\/\/noithathomer.gleeze.com\/wp-content\/uploads\/sg-11134201-22110-4z5w8q7xc2jv64_tn-100x100.jpg 100w\" sizes=\"(max-width: 320px) 100vw, 320px\" \/><img decoding=\"async\" loading=\"lazy\" class=\"alignnone size-full wp-image-1984\" src=\"https:\/\/noithathomer.gleeze.com\/wp-content\/uploads\/sg-11134201-22110-e8k2sja1c2jvdf_tn.jpg\" alt=\"\" width=\"320\" height=\"320\" srcset=\"https:\/\/noithathomer.gleeze.com\/wp-content\/uploads\/sg-11134201-22110-e8k2sja1c2jvdf_tn.jpg 320w, https:\/\/noithathomer.gleeze.com\/wp-content\/uploads\/sg-11134201-22110-e8k2sja1c2jvdf_tn-300x300.jpg 300w, https:\/\/noithathomer.gleeze.com\/wp-content\/uploads\/sg-11134201-22110-e8k2sja1c2jvdf_tn-100x100.jpg 100w\" sizes=\"(max-width: 320px) 100vw, 320px\" \/><\/div>\n<div><\/div>\n<div>M\u00f4 t\u1ea3 s\u1ea3n ph\u1ea9m<\/div>\n<div>Ch\u1eadu r\u1eeda b\u00e1t Faster FS-8245HSS thu\u1ed9c d\u00f2ng s\u1ea3n ph\u1ea9m Overmount Series c\u1ee7a Faster \u2013 d\u00f2ng s\u1ea3n ph\u1ea9m h\u01b0\u1edbng t\u1edbi ph\u00e2n kh\u00fac trung c\u1ea5p c\u1ee7a th\u1ecb tr\u01b0\u1eddng v\u00e0 v\u1eabn \u0111\u01b0\u1ee3c s\u1eed d\u1ee5ng to\u00e0n b\u1ed9 ch\u1ea5t li\u1ec7u cao c\u1ea5p.<\/div>\n<div><\/div>\n<div>Ng\u01b0\u1eddi d\u00f9ng linh ho\u1ea1t trong vi\u1ec7c l\u1ef1a ch\u1ecdn h\u1ed1 ch\u1eadu theo nhu c\u1ea7u s\u1eed d\u1ee5ng, gi\u00fap ti\u1ebft ki\u1ec7m n\u01b0\u1edbc v\u1edbi thi\u1ebft k\u1ebf 2 h\u1ed1 ch\u1eadu l\u1ec7ch. Ch\u1eadu r\u1eeda Faster FS-8245HSS \u0111\u01b0\u1ee3c thi\u1ebft k\u1ebf d\u00e0nh cho khoang t\u1ee7 ph\u1ed5 bi\u1ebfn 800mm tr\u1edf l\u00ean.<\/div>\n<div><\/div>\n<div>\u0110i\u1ec3m n\u1ed5i b\u1eadt<\/div>\n<div>C\u00f3 2 l\u1ed7 v\u00f2i (v\u00f2i r\u1eeda b\u00e1t, v\u00f2i l\u1ecdc ho\u1eb7c b\u00ecnh \u0111\u1ef1ng n\u01b0\u1edbc r\u1eeda g\u1eafn ch\u1eadu) ch\u1edd l\u1eafp \u0111\u1eb7t<\/div>\n<div>Thi\u1ebft k\u1ebf ch\u1eadu 2 h\u1ed1 l\u1ec7ch cho ph\u00e9p ch\u1ecdn h\u1ed1 ch\u1eadu theo nhu c\u1ea7u s\u1eed d\u1ee5ng<\/div>\n<div>L\u00f2ng ch\u1eadu s\u00e2u t\u0103ng dung t\u00edch h\u1ed1, h\u1ea1n ch\u1ebf b\u1eafn n\u01b0\u1edbc<\/div>\n<div>Tho\u00e1t n\u01b0\u1edbc hi\u1ec7u qu\u1ea3 v\u1edbi thi\u1ebft k\u1ebf r\u00e3nh tho\u00e1t n\u01b0\u1edbc X-line<\/div>\n<div>V\u1ec7 sinh l\u00f2ng ch\u1eadu d\u1ec5 d\u00e0ng v\u1edbi g\u00f3c l\u01b0\u1ee3n R10<\/div>\n<div>Ch\u1eadu cho ph\u00e9p l\u1eafp \u0111\u1eb7t d\u01b0\u01a1ng, \u00e2m, b\u00e1n \u00e2m m\u1eb7t \u0111\u00e1. Nh\u00e0 cung c\u1ea5p \u01b0u ti\u00ean phong c\u00e1ch l\u1eafp \u0111\u1eb7t d\u01b0\u01a1ng v\u00e0 b\u00e1n \u00e2m m\u1eb7t \u0111\u00e1<\/div>\n<div>C\u00f4ng ngh\u1ec7<\/div>\n<div><\/div>\n<div>Tho\u00e1t n\u01b0\u1edbc nhanh, c\u01a1 ch\u1ebf ng\u0103n m\u00f9i h\u00f4i v\u1edbi h\u1ec7 th\u1ed1ng Siphon (\u1ed1ng tho\u00e1t th\u1ea3i) c\u1ea3i ti\u1ebfn<\/div>\n<div>B\u00e1t r\u00e1c kh\u00e1ng khu\u1ea9n, \u1ee9c ch\u1ebf hi\u1ec7u qu\u1ea3 sinh tr\u01b0\u1edfng c\u1ee7a vi khu\u1ea9n<\/div>\n<div>Th\u00f4ng s\u1ed1 k\u1ef9 thu\u1eadt<\/div>\n<div>K\u00edch th\u01b0\u1edbc (mm): R820 x S450 x C230<\/div>\n<div>K\u00edch th\u01b0\u1edbc h\u1ed1 (mm): R370 x S380 &amp; R370 x S350<\/div>\n<div>C\u1eaft \u0111\u00e1 (mm): R790 x S425<\/div>\n<div>Ch\u1ea5t li\u1ec7u: INOX SUS304<\/div>\n<div>Ph\u1ee5 ki\u1ec7n \u0111i k\u00e8m: Siphon v\u00e0 r\u1ed5 ch\u1ee9a \u0111\u1ed3<\/div>\n<div><\/div>\n<div>&#8212;&#8212;&#8212;&#8212;&#8212;&#8212;&#8212;&#8212;&#8212;&#8212;&#8212;&#8212;&#8212;&#8211;<\/div>\n<div>Hotline: 0869.287.259<\/div>\n<div>\u0110\u1ecba ch\u1ec9: An B\u00ecnh City, 232 Ph\u1ea1m V\u0103n \u0110\u1ed3ng, Q.B\u1eafc T\u1eeb Li\u00eam, H\u00e0 N\u1ed9i<\/div>\n","protected":false},"excerpt":{"rendered":"<p>CH\u1eacU R\u1eecA FASTER FS 8245HSS | HAI H\u1ed0 L\u1ec6CH | INOX SUS304 | THI\u1ebeT K\u1ebe SANG TR\u1eccNG | AN TO\u00c0N CHO S\u1ee8C KH\u1eceE V\u00c0 B\u1ec0N B\u1ec8 TRONG QU\u00c1 TR\u00ccNH S\u1eec D\u1ee4NG. M\u00f4 t\u1ea3 s\u1ea3n ph\u1ea9m Ch\u1eadu r\u1eeda b\u00e1t Faster FS-8245HSS thu\u1ed9c d\u00f2ng s\u1ea3n ph\u1ea9m Overmount Series c\u1ee7a Faster \u2013 d\u00f2ng s\u1ea3n ph\u1ea9m h\u01b0\u1edbng t\u1edbi ph\u00e2n [&#8230;]\n","protected":false},"featured_media":1983,"comment_status":"open","ping_status":"closed","template":"","meta":[],"product_cat":[67,69],"product_tag":[],"_links":{"self":[{"href":"https:\/\/noithathomer.gleeze.com\/index.php?rest_route=\/wp\/v2\/product\/1982"}],"collection":[{"href":"https:\/\/noithathomer.gleeze.com\/index.php?rest_route=\/wp\/v2\/product"}],"about":[{"href":"https:\/\/noithathomer.gleeze.com\/index.php?rest_route=\/wp\/v2\/types\/product"}],"replies":[{"embeddable":true,"href":"https:\/\/noithathomer.gleeze.com\/index.php?rest_route=%2Fwp%2Fv2%2Fcomments&post=1982"}],"wp:featuredmedia":[{"embeddable":true,"href":"https:\/\/noithathomer.gleeze.com\/index.php?rest_route=\/wp\/v2\/media\/1983"}],"wp:attachment":[{"href":"https:\/\/noithathomer.gleeze.com\/index.php?rest_route=%2Fwp%2Fv2%2Fmedia&parent=1982"}],"wp:term":[{"taxonomy":"product_cat","embeddable":true,"href":"https:\/\/noithathomer.gleeze.com\/index.php?rest_route=%2Fwp%2Fv2%2Fproduct_cat&post=1982"},{"taxonomy":"product_tag","embeddable":true,"href":"https:\/\/noithathomer.gleeze.com\/index.php?rest_route=%2Fwp%2Fv2%2Fproduct_tag&post=1982"}],"curies":[{"name":"wp","href":"https:\/\/api.w.org\/{rel}","templated":true}]}}