{"id":1738,"date":"2022-12-21T16:23:21","date_gmt":"2022-12-21T09:23:21","guid":{"rendered":"https:\/\/noithathomer.com\/?post_type=product&#038;p=1738"},"modified":"2022-12-23T14:23:02","modified_gmt":"2022-12-23T07:23:02","slug":"bo-sofa-go-tu-nhien-goi-boc-da-cao-cap","status":"publish","type":"product","link":"https:\/\/noithathomer.gleeze.com\/?product=bo-sofa-go-tu-nhien-goi-boc-da-cao-cap","title":{"rendered":"B\u1ed8 SOFA G\u1ed6 T\u1ef0 NHI\u00caN \u0110\u1ec6M B\u1eccC DA CAO C\u1ea4P"},"content":{"rendered":"<div id=\"input_line_0\"><span id=\"input_part_0\" class=\"\" data-mention=\"Li\u00ean h\u1ec7 v\u1edbi ch\u00fang t\u00f4i \u0111\u1ec3 \u0111\u01b0\u1ee3c t\u01b0 v\u1ea5n \u0111\u1eb7t h\u00e0ng :\">Li\u00ean h\u1ec7 v\u1edbi ch\u00fang t\u00f4i \u0111\u1ec3 \u0111\u01b0\u1ee3c t\u01b0 v\u1ea5n \u0111\u1eb7t h\u00e0ng :<\/span><\/div>\n<div id=\"input_line_1\"><span id=\"input_part_0\" class=\"\" data-mention=\"------------------------------------------------\">&#8212;&#8212;&#8212;&#8212;&#8212;&#8212;&#8212;&#8212;&#8212;&#8212;&#8212;&#8212;&#8212;&#8212;&#8212;&#8212;<\/span><\/div>\n<div id=\"input_line_2\"><span id=\"input_part_0\" class=\"\" data-mention=\"\ud835\udc07 \ud835\udc0e \ud835\udc0c \ud835\udc04 \ud835\udc11 |\">\ud835\udc07 \ud835\udc0e \ud835\udc0c \ud835\udc04 \ud835\udc11 |<\/span><\/div>\n<div id=\"input_line_3\"><span id=\"input_part_0\" class=\"\" data-mention=\"\ud835\udc03 \ud835\udc04 \ud835\udc12 \ud835\udc08 \ud835\udc06 \ud835\udc0d  &amp;  \ud835\udc08 \ud835\udc0d \ud835\udc12 \ud835\udc13 \ud835\udc00 \ud835\udc0b \ud835\udc0b \ud835\udc00 \ud835\udc13 \ud835\udc08 \ud835\udc0e \ud835\udc0d \">\ud835\udc03 \ud835\udc04 \ud835\udc12 \ud835\udc08 \ud835\udc06 \ud835\udc0d &amp; \ud835\udc08 \ud835\udc0d \ud835\udc12 \ud835\udc13 \ud835\udc00 \ud835\udc0b \ud835\udc0b \ud835\udc00 \ud835\udc13 \ud835\udc08 \ud835\udc0e \ud835\udc0d <\/span><\/div>\n<div id=\"input_line_4\"><span id=\"input_part_0\" class=\"\" data-mention=\"\u2022 Office: P. 5A07, t\u00f2a A7 An B\u00ecnh city, 232 Ph\u1ea1m V\u0103n \u0110\u1ed3ng, B\u1eafc T\u1eeb Li\u00eam, H\u00e0 N\u1ed9i.\">\u2022 Office: P. 5A07, t\u00f2a A7 An B\u00ecnh city, 232 Ph\u1ea1m V\u0103n \u0110\u1ed3ng, B\u1eafc T\u1eeb Li\u00eam, H\u00e0 N\u1ed9i.<\/span><\/div>\n<div id=\"input_line_5\"><span id=\"input_part_0\" class=\"\" data-mention=\"\u2022 \u0110\u1ecba ch\u1ec9 x\u01b0\u1edfng: H\u1ea3i B\u1ed1i, \u0110\u00f4ng Anh, H\u00e0 N\u1ed9i\">\u2022 \u0110\u1ecba ch\u1ec9 x\u01b0\u1edfng: H\u1ea3i B\u1ed1i, \u0110\u00f4ng Anh, H\u00e0 N\u1ed9i<\/span><\/div>\n<div id=\"input_line_6\"><span id=\"input_part_0\" class=\"\" data-mention=\"\u2022 Hotline\u260e\ufe0f: 0869.287.259\">\u2022 Hotline\u260e\ufe0f: 0869.287.259<\/span><\/div>\n<div id=\"input_line_7\"><span id=\"input_part_0\" class=\"\" data-mention=\"https:\/\/www.facebook.com\/noithathomer\">https:\/\/www.facebook.com\/noithathomer<\/span><img decoding=\"async\" loading=\"lazy\" class=\"alignnone size-full wp-image-1739\" src=\"https:\/\/noithathomer.gleeze.com\/wp-content\/uploads\/z3977231290984_8944907bb2d42f36bbb5cb708704df30.jpg\" alt=\"\" width=\"2560\" height=\"1920\" srcset=\"https:\/\/noithathomer.gleeze.com\/wp-content\/uploads\/z3977231290984_8944907bb2d42f36bbb5cb708704df30.jpg 2560w, https:\/\/noithathomer.gleeze.com\/wp-content\/uploads\/z3977231290984_8944907bb2d42f36bbb5cb708704df30-768x576.jpg 768w, https:\/\/noithathomer.gleeze.com\/wp-content\/uploads\/z3977231290984_8944907bb2d42f36bbb5cb708704df30-1536x1152.jpg 1536w, https:\/\/noithathomer.gleeze.com\/wp-content\/uploads\/z3977231290984_8944907bb2d42f36bbb5cb708704df30-2048x1536.jpg 2048w, https:\/\/noithathomer.gleeze.com\/wp-content\/uploads\/z3977231290984_8944907bb2d42f36bbb5cb708704df30-600x450.jpg 600w\" sizes=\"(max-width: 2560px) 100vw, 2560px\" \/><\/div>\n","protected":false},"excerpt":{"rendered":"<p>Li\u00ean h\u1ec7 v\u1edbi ch\u00fang t\u00f4i \u0111\u1ec3 \u0111\u01b0\u1ee3c t\u01b0 v\u1ea5n \u0111\u1eb7t h\u00e0ng : &#8212;&#8212;&#8212;&#8212;&#8212;&#8212;&#8212;&#8212;&#8212;&#8212;&#8212;&#8212;&#8212;&#8212;&#8212;&#8212; \ud835\udc07 \ud835\udc0e \ud835\udc0c \ud835\udc04 \ud835\udc11 | \ud835\udc03 \ud835\udc04 \ud835\udc12 \ud835\udc08 \ud835\udc06 \ud835\udc0d &amp; \ud835\udc08 \ud835\udc0d \ud835\udc12 \ud835\udc13 \ud835\udc00 \ud835\udc0b \ud835\udc0b \ud835\udc00 \ud835\udc13 \ud835\udc08 \ud835\udc0e \ud835\udc0d \u2022 Office: P. 5A07, t\u00f2a A7 An B\u00ecnh city, 232 Ph\u1ea1m V\u0103n \u0110\u1ed3ng, B\u1eafc T\u1eeb Li\u00eam, H\u00e0 [&#8230;]\n","protected":false},"featured_media":1739,"comment_status":"open","ping_status":"closed","template":"","meta":[],"product_cat":[49,47],"product_tag":[],"_links":{"self":[{"href":"https:\/\/noithathomer.gleeze.com\/index.php?rest_route=\/wp\/v2\/product\/1738"}],"collection":[{"href":"https:\/\/noithathomer.gleeze.com\/index.php?rest_route=\/wp\/v2\/product"}],"about":[{"href":"https:\/\/noithathomer.gleeze.com\/index.php?rest_route=\/wp\/v2\/types\/product"}],"replies":[{"embeddable":true,"href":"https:\/\/noithathomer.gleeze.com\/index.php?rest_route=%2Fwp%2Fv2%2Fcomments&post=1738"}],"wp:featuredmedia":[{"embeddable":true,"href":"https:\/\/noithathomer.gleeze.com\/index.php?rest_route=\/wp\/v2\/media\/1739"}],"wp:attachment":[{"href":"https:\/\/noithathomer.gleeze.com\/index.php?rest_route=%2Fwp%2Fv2%2Fmedia&parent=1738"}],"wp:term":[{"taxonomy":"product_cat","embeddable":true,"href":"https:\/\/noithathomer.gleeze.com\/index.php?rest_route=%2Fwp%2Fv2%2Fproduct_cat&post=1738"},{"taxonomy":"product_tag","embeddable":true,"href":"https:\/\/noithathomer.gleeze.com\/index.php?rest_route=%2Fwp%2Fv2%2Fproduct_tag&post=1738"}],"curies":[{"name":"wp","href":"https:\/\/api.w.org\/{rel}","templated":true}]}}