{"id":1653,"date":"2021-10-24T21:43:41","date_gmt":"2021-10-24T14:43:41","guid":{"rendered":"https:\/\/noithathomer.com\/?post_type=product&#038;p=1653"},"modified":"2022-12-19T16:34:41","modified_gmt":"2022-12-19T09:34:41","slug":"mau-ban-an-xoay-thong-minh","status":"publish","type":"product","link":"https:\/\/noithathomer.gleeze.com\/?product=mau-ban-an-xoay-thong-minh","title":{"rendered":"[ NH\u1eacP KH\u1ea8U ] B\u00c0N \u0102N TH\u00d4NG MINH K\u00c9O R\u00daT"},"content":{"rendered":"<div class=\"kvgmc6g5 cxmmr5t8 oygrvhab hcukyx3x c1et5uql ii04i59q\">\n<div dir=\"auto\">\n<div>H\u00c0NG NH\u1eacP KH\u1ea8U 100%<\/div>\n<div>&#8212;&#8212;&#8212;&#8212;&#8212;&#8212;&#8212;&#8212;&#8212;&#8212;&#8212;&#8212;&#8211;<\/div>\n<div>B\u00c0N \u0102N XOAY TH\u00d4NG MINH ( Kh\u00f4ng bao g\u1ed3m gh\u1ebf)<\/div>\n<div>&#8211; K\u00edch th\u01b0\u1edbc c\u1ed1 \u0111\u1ecbnh: 120*90*75cm<\/div>\n<div>&#8211; K\u00edch th\u01b0\u1edbc m\u1edf r\u1ed9ng: 180*90*75cm<\/div>\n<div>&#8211; Ch\u1ea5t li\u1ec7u: m\u1eb7t \u0111\u00e1 ceramic, ch\u00e2n s\u1eaft s\u01a1n t\u0129nh \u0111i\u1ec7n \u0111en nh\u00e1m<\/div>\n<div>&#8211; M\u00e0u s\u1eafc: \u0111en, tr\u1eafng, xanh \u00fd<\/div>\n<div>&#8211; Xu\u1ea5t x\u1ee9: H\u00e0ng nh\u1eadp kh\u1ea9u 100%<\/div>\n<div><\/div>\n<div>B\u00e0n \u0103n th\u00f4ng minh k\u00e9o d\u00e0i l\u00e0 m\u1ed9t trong nh\u1eefng s\u1ea3n ph\u1ea9m n\u1ed9i th\u1ea5t b\u00e1n ch\u1ea1y nh\u1ea5t hi\u1ec7n nay. Ki\u1ec3u b\u00e0n \u0103n \u0111\u01b0\u1ee3c thi\u1ebft k\u1ebf ti\u1ec7n l\u1ee3i, c\u00f3 th\u1ec3 g\u1ea5p g\u1ecdn sau khi s\u1eed d\u1ee5ng. \u0110\u00e2y l\u00e0 l\u1ef1a ch\u1ecdn gi\u00fap t\u1ed1i \u01b0u di\u1ec7n t\u00edch ph\u00f2ng \u0103n c\u1ee7a gia \u0111\u00ecnh b\u1ea1n. B\u00ean c\u1ea1nh \u0111\u00f3 n\u00f3 c\u00f2n l\u00e0 m\u1ed9t m\u1eabu n\u1ed9i th\u1ea5t hi\u1ec7n \u0111\u1ea1i, sang tr\u1ecdng, t\u00f4n th\u00eam v\u1ebb \u0111\u1eb9p cho ng\u00f4i nh\u00e0. Hi\u1ec7n nay tr\u00ean th\u1ecb tr\u01b0\u1eddng c\u00f3 r\u1ea5t nhi\u1ec1u m\u1eabu b\u00e0n \u0103n th\u00f4ng minh k\u00e9o d\u00e0i v\u1edbi nhi\u1ec1u ki\u1ec3u d\u00e1ng kh\u00e1c nhau.<\/div>\n<\/div>\n<\/div>\n<div class=\"o9v6fnle cxmmr5t8 oygrvhab hcukyx3x c1et5uql ii04i59q\">\n<div dir=\"auto\">&#8212;&#8212;&#8212;&#8212;&#8212;&#8212;&#8212;&#8212;&#8212;&#8212;&#8212;&#8212;&#8212;&#8212;&#8212;&#8212;&#8212;&#8212;&#8211;<\/div>\n<div dir=\"auto\">\ud835\udc07 \ud835\udc0e \ud835\udc0c \ud835\udc04 \ud835\udc11 |<br \/>\n\ud835\udc03 \ud835\udc04 \ud835\udc12 \ud835\udc08 \ud835\udc06 \ud835\udc0d &amp; \ud835\udc08 \ud835\udc0d \ud835\udc12 \ud835\udc13 \ud835\udc00 \ud835\udc0b \ud835\udc0b \ud835\udc00 \ud835\udc13 \ud835\udc08 \ud835\udc0e \ud835\udc0d<br \/>\n\u2022 Office: P. 5A07, t\u00f2a A7 An B\u00ecnh city, 232 Ph\u1ea1m V\u0103n \u0110\u1ed3ng, B\u1eafc T\u1eeb Li\u00eam, H\u00e0 N\u1ed9i.<br \/>\n\u2022 \u0110\u1ecba ch\u1ec9 x\u01b0\u1edfng: H\u1ea3i B\u1ed1i, \u0110\u00f4ng Anh, H\u00e0 N\u1ed9i<br \/>\n\u2022 Hotline\u260e\ufe0f: 0869.287.259<br \/>\nhttps:\/\/www.facebook.com\/noithathomer<\/div>\n<div dir=\"auto\"><span style=\"font-size: 100%;\"><img decoding=\"async\" loading=\"lazy\" class=\"wp-image-1686 alignnone\" src=\"https:\/\/noithathomer.gleeze.com\/wp-content\/uploads\/z3906980643913_58c4aed1a45de5f126bb6dddf1d002a2.jpg\" alt=\"\" width=\"323\" height=\"242\" srcset=\"https:\/\/noithathomer.gleeze.com\/wp-content\/uploads\/z3906980643913_58c4aed1a45de5f126bb6dddf1d002a2.jpg 1276w, https:\/\/noithathomer.gleeze.com\/wp-content\/uploads\/z3906980643913_58c4aed1a45de5f126bb6dddf1d002a2-768x575.jpg 768w, https:\/\/noithathomer.gleeze.com\/wp-content\/uploads\/z3906980643913_58c4aed1a45de5f126bb6dddf1d002a2-600x450.jpg 600w\" sizes=\"(max-width: 323px) 100vw, 323px\" \/><\/span><\/div>\n<\/div>\n","protected":false},"excerpt":{"rendered":"<div style=\"width: 646px;\" class=\"wp-video\"><!--[if lt IE 9]><script>document.createElement('video');<\/script><![endif]-->\n<video class=\"wp-video-shortcode\" id=\"video-1653-1\" width=\"646\" height=\"480\" preload=\"metadata\" controls=\"controls\"><source type=\"video\/mp4\" src=\"https:\/\/noithathomer.gleeze.com\/wp-content\/uploads\/925572413000339369.mp4?_=1\" \/><a href=\"https:\/\/noithathomer.gleeze.com\/wp-content\/uploads\/925572413000339369.mp4\">https:\/\/noithathomer.gleeze.com\/wp-content\/uploads\/925572413000339369.mp4<\/a><\/video><\/div>\n<p><img decoding=\"async\" loading=\"lazy\" class=\"alignnone wp-image-1681\" src=\"https:\/\/noithathomer.gleeze.com\/wp-content\/uploads\/z3906980614791_0ec1e2ceebc25ef79b7616419a1b90bd.jpg\" alt=\"\" width=\"815\" height=\"611\" srcset=\"https:\/\/noithathomer.gleeze.com\/wp-content\/uploads\/z3906980614791_0ec1e2ceebc25ef79b7616419a1b90bd.jpg 1152w, https:\/\/noithathomer.gleeze.com\/wp-content\/uploads\/z3906980614791_0ec1e2ceebc25ef79b7616419a1b90bd-768x576.jpg 768w, https:\/\/noithathomer.gleeze.com\/wp-content\/uploads\/z3906980614791_0ec1e2ceebc25ef79b7616419a1b90bd-600x450.jpg 600w\" sizes=\"(max-width: 815px) 100vw, 815px\" \/> <img decoding=\"async\" loading=\"lazy\" class=\"alignnone wp-image-1682\" src=\"https:\/\/noithathomer.gleeze.com\/wp-content\/uploads\/z3906980615085_d0760c7827c7e5a36415b39331b7d3f9.jpg\" alt=\"\" width=\"803\" height=\"602\" srcset=\"https:\/\/noithathomer.gleeze.com\/wp-content\/uploads\/z3906980615085_d0760c7827c7e5a36415b39331b7d3f9.jpg 1280w, https:\/\/noithathomer.gleeze.com\/wp-content\/uploads\/z3906980615085_d0760c7827c7e5a36415b39331b7d3f9-768x576.jpg 768w, https:\/\/noithathomer.gleeze.com\/wp-content\/uploads\/z3906980615085_d0760c7827c7e5a36415b39331b7d3f9-600x450.jpg 600w\" sizes=\"(max-width: 803px) 100vw, 803px\" \/> <img decoding=\"async\" loading=\"lazy\" class=\"alignnone wp-image-1683\" src=\"https:\/\/noithathomer.gleeze.com\/wp-content\/uploads\/z3906980623468_6961d562faa0ca10edd0f4a936f26aa4.jpg\" alt=\"\" width=\"804\" height=\"603\" srcset=\"https:\/\/noithathomer.gleeze.com\/wp-content\/uploads\/z3906980623468_6961d562faa0ca10edd0f4a936f26aa4.jpg 1152w, https:\/\/noithathomer.gleeze.com\/wp-content\/uploads\/z3906980623468_6961d562faa0ca10edd0f4a936f26aa4-768x576.jpg 768w, https:\/\/noithathomer.gleeze.com\/wp-content\/uploads\/z3906980623468_6961d562faa0ca10edd0f4a936f26aa4-600x450.jpg 600w\" sizes=\"(max-width: 804px) 100vw, 804px\" \/> <img decoding=\"async\" loading=\"lazy\" class=\"alignnone wp-image-1684\" src=\"https:\/\/noithathomer.gleeze.com\/wp-content\/uploads\/z3906980633557_06f09a9f416dbe68433c92466a5d4645.jpg\" alt=\"\" width=\"801\" height=\"375\" srcset=\"https:\/\/noithathomer.gleeze.com\/wp-content\/uploads\/z3906980633557_06f09a9f416dbe68433c92466a5d4645.jpg 1280w, https:\/\/noithathomer.gleeze.com\/wp-content\/uploads\/z3906980633557_06f09a9f416dbe68433c92466a5d4645-768x360.jpg 768w, https:\/\/noithathomer.gleeze.com\/wp-content\/uploads\/z3906980633557_06f09a9f416dbe68433c92466a5d4645-600x281.jpg 600w\" sizes=\"(max-width: 801px) 100vw, 801px\" \/><img decoding=\"async\" loading=\"lazy\" class=\"alignnone wp-image-1685\" src=\"https:\/\/noithathomer.gleeze.com\/wp-content\/uploads\/z3906980635496_b8ad853415d276c5397a761fbdb6936b.jpg\" alt=\"\" width=\"801\" height=\"601\" srcset=\"https:\/\/noithathomer.gleeze.com\/wp-content\/uploads\/z3906980635496_b8ad853415d276c5397a761fbdb6936b.jpg 1152w, https:\/\/noithathomer.gleeze.com\/wp-content\/uploads\/z3906980635496_b8ad853415d276c5397a761fbdb6936b-768x576.jpg 768w, https:\/\/noithathomer.gleeze.com\/wp-content\/uploads\/z3906980635496_b8ad853415d276c5397a761fbdb6936b-600x450.jpg 600w\" sizes=\"(max-width: 801px) 100vw, 801px\" \/><\/p>\n","protected":false},"featured_media":1685,"comment_status":"open","ping_status":"closed","template":"","meta":[],"product_cat":[48],"product_tag":[],"_links":{"self":[{"href":"https:\/\/noithathomer.gleeze.com\/index.php?rest_route=\/wp\/v2\/product\/1653"}],"collection":[{"href":"https:\/\/noithathomer.gleeze.com\/index.php?rest_route=\/wp\/v2\/product"}],"about":[{"href":"https:\/\/noithathomer.gleeze.com\/index.php?rest_route=\/wp\/v2\/types\/product"}],"replies":[{"embeddable":true,"href":"https:\/\/noithathomer.gleeze.com\/index.php?rest_route=%2Fwp%2Fv2%2Fcomments&post=1653"}],"wp:featuredmedia":[{"embeddable":true,"href":"https:\/\/noithathomer.gleeze.com\/index.php?rest_route=\/wp\/v2\/media\/1685"}],"wp:attachment":[{"href":"https:\/\/noithathomer.gleeze.com\/index.php?rest_route=%2Fwp%2Fv2%2Fmedia&parent=1653"}],"wp:term":[{"taxonomy":"product_cat","embeddable":true,"href":"https:\/\/noithathomer.gleeze.com\/index.php?rest_route=%2Fwp%2Fv2%2Fproduct_cat&post=1653"},{"taxonomy":"product_tag","embeddable":true,"href":"https:\/\/noithathomer.gleeze.com\/index.php?rest_route=%2Fwp%2Fv2%2Fproduct_tag&post=1653"}],"curies":[{"name":"wp","href":"https:\/\/api.w.org\/{rel}","templated":true}]}}