{"id":1643,"date":"2021-10-20T12:07:37","date_gmt":"2021-10-20T05:07:37","guid":{"rendered":"https:\/\/noithathomer.com\/?post_type=product&#038;p=1643"},"modified":"2022-12-19T16:55:57","modified_gmt":"2022-12-19T09:55:57","slug":"mau-ban-ghe-be-nao-cung-me","status":"publish","type":"product","link":"https:\/\/noithathomer.gleeze.com\/?product=mau-ban-ghe-be-nao-cung-me","title":{"rendered":"[ NH\u1eacP KH\u1ea8U ] B\u00c0N \u0102N XOAY TR\u00d2N L\u1ee4C GI\u00c1C"},"content":{"rendered":"<div dir=\"auto\">\n<div>H\u00c0NG NH\u1eacP KH\u1ea8U 100%<\/div>\n<div>&#8212;&#8212;&#8212;&#8212;&#8212;&#8212;&#8212;&#8212;&#8212;&#8212;&#8212;&#8212;&#8211;<\/div>\n<div>B\u00c0N \u0102N XOAY TR\u00d2N L\u1ee4C GI\u00c1C ( Kh\u00f4ng bao g\u1ed3m gh\u1ebf )<\/div>\n<div>&#8211; K\u00edch th\u01b0\u1edbc: D1350*D800 (cao 750)<\/div>\n<div>&#8211; Ch\u1ea5t li\u1ec7u: m\u1eb7t \u0111\u00e1 ceramic, ch\u00e2n s\u1eaft s\u01a1n t\u0129nh \u0111i\u1ec7n \u0111en nh\u00e1m, vi\u1ec1n b\u1ecdc inox m\u1ea1 v\u00e0ng<\/div>\n<div>&#8211; M\u00e0u s\u1eafc: ghi b\u00f3ng,tr\u1eafng b\u00f3ng<\/div>\n<div>&#8211; Xu\u1ea5t x\u1ee9: H\u00e0ng nh\u1eadp kh\u1ea9u 100%<\/div>\n<div><\/div>\n<div>B\u00e0n \u0103n m\u1eb7t \u0111\u00e1 tr\u00f2n xoay v\u1edbi phong c\u00e1ch thi\u1ebft k\u1ebf hi\u1ec7n \u0111\u1ea1i k\u1ebft h\u1ee3p c\u00f9ng m\u00e0u s\u1eafc h\u00e0i h\u00f2a t\u1ea1o n\u00ean s\u1ef1 sang tr\u1ecdng, \u0111\u1eb3ng c\u1ea5p cho gian b\u1ebfp nh\u00e0 b\u1ea1n. B\u00e0n \u0103n c\u00f2n \u0111\u00f3ng vai tr\u00f2 nh\u01b0 m\u1ed9t m\u1ea3nh gh\u00e9p ngh\u1ec7 thu\u1eadt phong th\u1ee7y cho gia \u0111\u00ecnh b\u1ea1n. Kh\u00f4ng nh\u1eefng th\u1ebf b\u00e0n tr\u00f2n s\u1ebd mang l\u1ea1i c\u1ea3m gi\u00e1c qu\u00e2y qu\u1ea7n v\u00e0 sung v\u1ea7y h\u01a1n so v\u1edbi b\u00e0n ch\u1eef nh\u1eadt, hay b\u00e0n oval.<\/div>\n<div><\/div>\n<div>\u2013 M\u1eb7t b\u00e0n \u0111\u01b0\u1ee3c s\u1eed d\u1ee5ng \u0111\u00e1 phi\u1ebfn nh\u1eadp kh\u1ea9u cao c\u1ea5p v\u1edbi kh\u1ea3 n\u0103ng ch\u1ed1ng tr\u1ea7y x\u01b0\u1edbc, ch\u1ecbu nhi\u1ec7t t\u1ed1t, v\u00e0 ch\u1ed1ng \u0103n m\u00f2n. B\u00ean c\u1ea1nh \u0111\u00f3 c\u00f2n d\u1ec5 d\u00e0ng v\u1ec7 sinh, d\u1ec5 d\u00e0ng l\u1ea5y \u0111i v\u1ebft b\u1ea9n th\u1ee9c \u0103n v\u01b0\u01a1ng tr\u00ean m\u1eb7t b\u00e0n.<\/div>\n<div><\/div>\n<div>\u2013 M\u1eb7t b\u00e0n c\u00f2n \u0111\u01b0\u1ee3c s\u1eed d\u1ee5ng v\u1eadt li\u1ec7u th\u00e2n thi\u1ec7n v\u1edbi m\u00f4i tr\u01b0\u1eddng. \u0110\u01b0\u1ee3c ki\u1ec3m tra nghi\u00eam ng\u1eb7t theo ti\u00eau chu\u1ea9n qu\u1ed1c t\u1ebf \u0111\u1ea3m b\u1ea3o an to\u00e0n s\u1ee9c kh\u1ecfe cho ng\u01b0\u1eddi s\u1eed d\u1ee5ng. V\u00e2n \u0111\u00e1 tr\u00ean b\u00e0n c\u1ef1c k\u00ec b\u00f3ng lo\u00e1ng gi\u00fap b\u00e0n th\u00eam sang tr\u1ecdng.<\/div>\n<\/div>\n<div dir=\"auto\">\n<div dir=\"auto\">&#8212;&#8212;&#8212;&#8212;&#8212;&#8212;&#8212;&#8212;&#8212;&#8212;&#8212;&#8212;&#8212;&#8212;&#8212;&#8212;&#8212;&#8212;&#8211;<\/div>\n<div dir=\"auto\">\ud835\udc07 \ud835\udc0e \ud835\udc0c \ud835\udc04 \ud835\udc11 |<br \/>\n\ud835\udc03 \ud835\udc04 \ud835\udc12 \ud835\udc08 \ud835\udc06 \ud835\udc0d &amp; \ud835\udc08 \ud835\udc0d \ud835\udc12 \ud835\udc13 \ud835\udc00 \ud835\udc0b \ud835\udc0b \ud835\udc00 \ud835\udc13 \ud835\udc08 \ud835\udc0e \ud835\udc0d<br \/>\n\u2022 Office: P. 5A07, t\u00f2a A7 An B\u00ecnh city, 232 Ph\u1ea1m V\u0103n \u0110\u1ed3ng, B\u1eafc T\u1eeb Li\u00eam, H\u00e0 N\u1ed9i.<br \/>\n\u2022 \u0110\u1ecba ch\u1ec9 x\u01b0\u1edfng: H\u1ea3i B\u1ed1i, \u0110\u00f4ng Anh, H\u00e0 N\u1ed9i<br \/>\n\u2022 Hotline\u260e\ufe0f: 0869.287.259<br \/>\nhttps:\/\/www.facebook.com\/noithathomer<\/div>\n<\/div>\n<div dir=\"auto\"><img decoding=\"async\" loading=\"lazy\" class=\"alignnone wp-image-1720 size-full\" src=\"https:\/\/noithathomer.gleeze.com\/wp-content\/uploads\/z3907083674960_69915045d24d0c5fb21f1c2bfdeddabe.jpg\" alt=\"\" width=\"1280\" height=\"1050\" srcset=\"https:\/\/noithathomer.gleeze.com\/wp-content\/uploads\/z3907083674960_69915045d24d0c5fb21f1c2bfdeddabe.jpg 1280w, https:\/\/noithathomer.gleeze.com\/wp-content\/uploads\/z3907083674960_69915045d24d0c5fb21f1c2bfdeddabe-768x630.jpg 768w, https:\/\/noithathomer.gleeze.com\/wp-content\/uploads\/z3907083674960_69915045d24d0c5fb21f1c2bfdeddabe-600x492.jpg 600w\" sizes=\"(max-width: 1280px) 100vw, 1280px\" \/><\/div>\n<div dir=\"auto\"><\/div>\n","protected":false},"excerpt":{"rendered":"<p><img decoding=\"async\" loading=\"lazy\" class=\"alignnone size-full wp-image-1722\" src=\"https:\/\/noithathomer.gleeze.com\/wp-content\/uploads\/z3907083666425_5b5c4d5ca88ed752eefcab60a61cfd55-1.jpg\" alt=\"\" width=\"1604\" height=\"1541\" srcset=\"https:\/\/noithathomer.gleeze.com\/wp-content\/uploads\/z3907083666425_5b5c4d5ca88ed752eefcab60a61cfd55-1.jpg 1604w, https:\/\/noithathomer.gleeze.com\/wp-content\/uploads\/z3907083666425_5b5c4d5ca88ed752eefcab60a61cfd55-1-768x738.jpg 768w, https:\/\/noithathomer.gleeze.com\/wp-content\/uploads\/z3907083666425_5b5c4d5ca88ed752eefcab60a61cfd55-1-1536x1476.jpg 1536w, https:\/\/noithathomer.gleeze.com\/wp-content\/uploads\/z3907083666425_5b5c4d5ca88ed752eefcab60a61cfd55-1-600x576.jpg 600w\" sizes=\"(max-width: 1604px) 100vw, 1604px\" \/> <img decoding=\"async\" loading=\"lazy\" class=\"alignnone size-full wp-image-1721\" src=\"https:\/\/noithathomer.gleeze.com\/wp-content\/uploads\/z3907083675937_58e46e167c8f6205cfba66375eb34047.jpg\" alt=\"\" width=\"1242\" height=\"900\" srcset=\"https:\/\/noithathomer.gleeze.com\/wp-content\/uploads\/z3907083675937_58e46e167c8f6205cfba66375eb34047.jpg 1242w, https:\/\/noithathomer.gleeze.com\/wp-content\/uploads\/z3907083675937_58e46e167c8f6205cfba66375eb34047-768x557.jpg 768w, https:\/\/noithathomer.gleeze.com\/wp-content\/uploads\/z3907083675937_58e46e167c8f6205cfba66375eb34047-600x435.jpg 600w\" sizes=\"(max-width: 1242px) 100vw, 1242px\" \/> <img decoding=\"async\" loading=\"lazy\" class=\"alignnone size-full wp-image-1720\" src=\"https:\/\/noithathomer.gleeze.com\/wp-content\/uploads\/z3907083674960_69915045d24d0c5fb21f1c2bfdeddabe.jpg\" alt=\"\" width=\"1280\" height=\"1050\" srcset=\"https:\/\/noithathomer.gleeze.com\/wp-content\/uploads\/z3907083674960_69915045d24d0c5fb21f1c2bfdeddabe.jpg 1280w, https:\/\/noithathomer.gleeze.com\/wp-content\/uploads\/z3907083674960_69915045d24d0c5fb21f1c2bfdeddabe-768x630.jpg 768w, https:\/\/noithathomer.gleeze.com\/wp-content\/uploads\/z3907083674960_69915045d24d0c5fb21f1c2bfdeddabe-600x492.jpg 600w\" sizes=\"(max-width: 1280px) 100vw, 1280px\" \/><\/p>\n","protected":false},"featured_media":1719,"comment_status":"open","ping_status":"closed","template":"","meta":[],"product_cat":[48],"product_tag":[54],"_links":{"self":[{"href":"https:\/\/noithathomer.gleeze.com\/index.php?rest_route=\/wp\/v2\/product\/1643"}],"collection":[{"href":"https:\/\/noithathomer.gleeze.com\/index.php?rest_route=\/wp\/v2\/product"}],"about":[{"href":"https:\/\/noithathomer.gleeze.com\/index.php?rest_route=\/wp\/v2\/types\/product"}],"replies":[{"embeddable":true,"href":"https:\/\/noithathomer.gleeze.com\/index.php?rest_route=%2Fwp%2Fv2%2Fcomments&post=1643"}],"wp:featuredmedia":[{"embeddable":true,"href":"https:\/\/noithathomer.gleeze.com\/index.php?rest_route=\/wp\/v2\/media\/1719"}],"wp:attachment":[{"href":"https:\/\/noithathomer.gleeze.com\/index.php?rest_route=%2Fwp%2Fv2%2Fmedia&parent=1643"}],"wp:term":[{"taxonomy":"product_cat","embeddable":true,"href":"https:\/\/noithathomer.gleeze.com\/index.php?rest_route=%2Fwp%2Fv2%2Fproduct_cat&post=1643"},{"taxonomy":"product_tag","embeddable":true,"href":"https:\/\/noithathomer.gleeze.com\/index.php?rest_route=%2Fwp%2Fv2%2Fproduct_tag&post=1643"}],"curies":[{"name":"wp","href":"https:\/\/api.w.org\/{rel}","templated":true}]}}