{"id":1637,"date":"2021-10-20T11:54:25","date_gmt":"2021-10-20T04:54:25","guid":{"rendered":"https:\/\/noithathomer.com\/?post_type=product&#038;p=1637"},"modified":"2022-12-19T18:05:49","modified_gmt":"2022-12-19T11:05:49","slug":"bo-ban-tra-sofa-go-oc-cho-cao-cap","status":"publish","type":"product","link":"https:\/\/noithathomer.gleeze.com\/?product=bo-ban-tra-sofa-go-oc-cho-cao-cap","title":{"rendered":"B\u1ed8 B\u00c0N TR\u00c0 SOFA G\u1ed6 \u00d3C CH\u00d3 CAO C\u1ea4P"},"content":{"rendered":"<div class=\"kvgmc6g5 cxmmr5t8 oygrvhab hcukyx3x c1et5uql ii04i59q\">\n<div dir=\"auto\"><span style=\"font-size: 14.4px;\">Ki\u1ec3u d\u00e1ng hi\u1ec7n \u0111\u1ea1i tinh t\u1ebf v\u1edbi game m\u00e0u n\u00e2u b\u1eaft m\u1eaft v\u00e0 th\u00edch h\u1ee3p khi d\u00f9ng v\u1edbi gh\u1ebf sofa. M\u1eb7t b\u00e0n k\u00ednh n\u00ean vi\u1ec7c lau ch\u00f9i c\u0169ng tr\u1edf n\u00ean d\u1ec5 d\u00e0ng h\u01a1n.<\/span><\/div>\n<\/div>\n<div class=\"o9v6fnle cxmmr5t8 oygrvhab hcukyx3x c1et5uql ii04i59q\">\n<div dir=\"auto\">MSP: BTOC99<\/div>\n<div dir=\"auto\">\n<div dir=\"auto\">&#8212;&#8212;&#8212;&#8212;&#8212;&#8212;&#8212;&#8212;&#8212;&#8212;&#8212;&#8212;&#8212;&#8212;&#8212;&#8212;&#8212;&#8212;&#8211;<\/div>\n<div dir=\"auto\">\ud835\udc07 \ud835\udc0e \ud835\udc0c \ud835\udc04 \ud835\udc11 |<br \/>\n\ud835\udc03 \ud835\udc04 \ud835\udc12 \ud835\udc08 \ud835\udc06 \ud835\udc0d &amp; \ud835\udc08 \ud835\udc0d \ud835\udc12 \ud835\udc13 \ud835\udc00 \ud835\udc0b \ud835\udc0b \ud835\udc00 \ud835\udc13 \ud835\udc08 \ud835\udc0e \ud835\udc0d<br \/>\n\u2022 Office: P. 5A07, t\u00f2a A7 An B\u00ecnh city, 232 Ph\u1ea1m V\u0103n \u0110\u1ed3ng, B\u1eafc T\u1eeb Li\u00eam, H\u00e0 N\u1ed9i.<br \/>\n\u2022 \u0110\u1ecba ch\u1ec9 x\u01b0\u1edfng: H\u1ea3i B\u1ed1i, \u0110\u00f4ng Anh, H\u00e0 N\u1ed9i<br \/>\n\u2022 Hotline\u260e\ufe0f: 0869.287.259<br \/>\nhttps:\/\/www.facebook.com\/noithathomer<\/div>\n<\/div>\n<div dir=\"auto\"><img decoding=\"async\" loading=\"lazy\" class=\"alignnone wp-image-1695 size-full\" src=\"https:\/\/noithathomer.gleeze.com\/wp-content\/uploads\/z3970948175870_40e81d1e03e1ac23c7d8f46b8b26601c.jpg\" alt=\"\" width=\"1280\" height=\"960\" srcset=\"https:\/\/noithathomer.gleeze.com\/wp-content\/uploads\/z3970948175870_40e81d1e03e1ac23c7d8f46b8b26601c.jpg 1280w, https:\/\/noithathomer.gleeze.com\/wp-content\/uploads\/z3970948175870_40e81d1e03e1ac23c7d8f46b8b26601c-768x576.jpg 768w, https:\/\/noithathomer.gleeze.com\/wp-content\/uploads\/z3970948175870_40e81d1e03e1ac23c7d8f46b8b26601c-600x450.jpg 600w\" sizes=\"(max-width: 1280px) 100vw, 1280px\" \/><\/div>\n<\/div>\n","protected":false},"excerpt":{"rendered":"<p>Ki\u1ec3u d\u00e1ng hi\u1ec7n \u0111\u1ea1i tinh t\u1ebf v\u1edbi game m\u00e0u n\u00e2u b\u1eaft m\u1eaft v\u00e0 th\u00edch h\u1ee3p khi d\u00f9ng v\u1edbi gh\u1ebf sofa. M\u1eb7t b\u00e0n k\u00ednh n\u00ean vi\u1ec7c lau ch\u00f9i c\u0169ng tr\u1edf n\u00ean d\u1ec5 d\u00e0ng h\u01a1n. MSP: BTOC99 &#8212;&#8212;&#8212;&#8212;&#8212;&#8212;&#8212;&#8212;&#8212;&#8212;&#8212;&#8212;&#8212;&#8212;&#8212;&#8212;&#8212;&#8212;&#8211; \ud835\udc07 \ud835\udc0e \ud835\udc0c \ud835\udc04 \ud835\udc11 | \ud835\udc03 \ud835\udc04 \ud835\udc12 \ud835\udc08 \ud835\udc06 \ud835\udc0d &amp; \ud835\udc08 \ud835\udc0d \ud835\udc12 \ud835\udc13 \ud835\udc00 \ud835\udc0b [&#8230;]\n","protected":false},"featured_media":1695,"comment_status":"open","ping_status":"closed","template":"","meta":[],"product_cat":[49,47],"product_tag":[52],"_links":{"self":[{"href":"https:\/\/noithathomer.gleeze.com\/index.php?rest_route=\/wp\/v2\/product\/1637"}],"collection":[{"href":"https:\/\/noithathomer.gleeze.com\/index.php?rest_route=\/wp\/v2\/product"}],"about":[{"href":"https:\/\/noithathomer.gleeze.com\/index.php?rest_route=\/wp\/v2\/types\/product"}],"replies":[{"embeddable":true,"href":"https:\/\/noithathomer.gleeze.com\/index.php?rest_route=%2Fwp%2Fv2%2Fcomments&post=1637"}],"wp:featuredmedia":[{"embeddable":true,"href":"https:\/\/noithathomer.gleeze.com\/index.php?rest_route=\/wp\/v2\/media\/1695"}],"wp:attachment":[{"href":"https:\/\/noithathomer.gleeze.com\/index.php?rest_route=%2Fwp%2Fv2%2Fmedia&parent=1637"}],"wp:term":[{"taxonomy":"product_cat","embeddable":true,"href":"https:\/\/noithathomer.gleeze.com\/index.php?rest_route=%2Fwp%2Fv2%2Fproduct_cat&post=1637"},{"taxonomy":"product_tag","embeddable":true,"href":"https:\/\/noithathomer.gleeze.com\/index.php?rest_route=%2Fwp%2Fv2%2Fproduct_tag&post=1637"}],"curies":[{"name":"wp","href":"https:\/\/api.w.org\/{rel}","templated":true}]}}