{"id":1634,"date":"2021-10-20T10:33:18","date_gmt":"2021-10-20T03:33:18","guid":{"rendered":"https:\/\/noithathomer.com\/?post_type=product&#038;p=1634"},"modified":"2023-01-12T12:09:57","modified_gmt":"2023-01-12T05:09:57","slug":"ban-tra-go-oc-cho-hien-dai-%f0%9f%8e%a8","status":"publish","type":"product","link":"https:\/\/noithathomer.gleeze.com\/?product=ban-tra-go-oc-cho-hien-dai-%f0%9f%8e%a8","title":{"rendered":"[ NH\u1eacP KH\u1ea8U ] B\u00c0N TR\u00c0 2 M\u1eb6T K\u00cdNH \u0110EN CAO C\u1ea4P"},"content":{"rendered":"<div dir=\"auto\">H\u00c0NG NH\u1eacP KH\u1ea8U 100%<br \/>\n&#8212;&#8212;&#8212;&#8212;&#8212;&#8212;&#8212;&#8212;&#8212;&#8212;&#8212;&#8212;<br \/>\nB\u00c0N TR\u00c0 2 M\u1eb6T K\u00cdNH \u0110EN<br \/>\nTh\u00f4ng tin s\u1ea3n ph\u1ea9m<br \/>\n\u0110\u01b0\u1eddng k\u00ednh m\u1eb7t b\u00e0n 60x1m2<br \/>\nB\u00c0N 2 M\u1eb6T K\u00cdNH<br \/>\nL\u00e0 m\u1ed9t trong nh\u1eefng s\u1ea3n ph\u1ea9m n\u1ed9i th\u1ea5t b\u00e1n ch\u1ea1y nh\u1ea5t hi\u1ec7n nay, b\u00e0n tr\u00e0 c\u00f3 k\u00edch th\u01b0\u1edbc v\u1eeba ph\u1ea3i v\u00e0 sang tr\u1ecdng ph\u00f9 h\u1ee3p v\u1edbi m\u1ecdi gia \u0111\u00ecnh , decor r\u1ea5t g\u1ecdn g\u00e0ng cho c\u0103n ph\u00f2ng<\/div>\n<div dir=\"auto\">\n<div dir=\"auto\">\n<div dir=\"auto\">&#8212;&#8212;&#8212;&#8212;&#8212;&#8212;&#8212;&#8212;&#8212;&#8212;&#8212;&#8212;&#8212;&#8212;&#8212;&#8212;&#8212;&#8212;&#8211;<\/div>\n<div dir=\"auto\">\ud835\udc07 \ud835\udc0e \ud835\udc0c \ud835\udc04 \ud835\udc11 |<br \/>\n\ud835\udc03 \ud835\udc04 \ud835\udc12 \ud835\udc08 \ud835\udc06 \ud835\udc0d &amp; \ud835\udc08 \ud835\udc0d \ud835\udc12 \ud835\udc13 \ud835\udc00 \ud835\udc0b \ud835\udc0b \ud835\udc00 \ud835\udc13 \ud835\udc08 \ud835\udc0e \ud835\udc0d<br \/>\n\u2022 Office: P. 5A07, t\u00f2a A7 An B\u00ecnh city, 232 Ph\u1ea1m V\u0103n \u0110\u1ed3ng, B\u1eafc T\u1eeb Li\u00eam, H\u00e0 N\u1ed9i.<br \/>\n\u2022 \u0110\u1ecba ch\u1ec9 x\u01b0\u1edfng: H\u1ea3i B\u1ed1i, \u0110\u00f4ng Anh, H\u00e0 N\u1ed9i<br \/>\n\u2022 Hotline\u260e\ufe0f: 0869.287.259<br \/>\nhttps:\/\/www.facebook.com\/noithathomer<\/div>\n<\/div>\n<div dir=\"auto\"><\/div>\n<\/div>\n<p><img decoding=\"async\" loading=\"lazy\" class=\"alignnone wp-image-1726 size-full\" src=\"https:\/\/noithathomer.gleeze.com\/wp-content\/uploads\/z3972155917000_29110aba7b378253f24a58e80572a4a7.jpg\" alt=\"\" width=\"1862\" height=\"1612\" srcset=\"https:\/\/noithathomer.gleeze.com\/wp-content\/uploads\/z3972155917000_29110aba7b378253f24a58e80572a4a7.jpg 1862w, https:\/\/noithathomer.gleeze.com\/wp-content\/uploads\/z3972155917000_29110aba7b378253f24a58e80572a4a7-768x665.jpg 768w, https:\/\/noithathomer.gleeze.com\/wp-content\/uploads\/z3972155917000_29110aba7b378253f24a58e80572a4a7-1536x1330.jpg 1536w, https:\/\/noithathomer.gleeze.com\/wp-content\/uploads\/z3972155917000_29110aba7b378253f24a58e80572a4a7-600x519.jpg 600w\" sizes=\"(max-width: 1862px) 100vw, 1862px\" \/><\/p>\n","protected":false},"excerpt":{"rendered":"<p><img decoding=\"async\" loading=\"lazy\" class=\"alignnone size-full wp-image-1727\" src=\"https:\/\/noithathomer.gleeze.com\/wp-content\/uploads\/z3972157638069_643986a96c55eae6b24db1cc9e932102.jpg\" alt=\"\" width=\"1383\" height=\"1169\" srcset=\"https:\/\/noithathomer.gleeze.com\/wp-content\/uploads\/z3972157638069_643986a96c55eae6b24db1cc9e932102.jpg 1383w, https:\/\/noithathomer.gleeze.com\/wp-content\/uploads\/z3972157638069_643986a96c55eae6b24db1cc9e932102-768x649.jpg 768w, https:\/\/noithathomer.gleeze.com\/wp-content\/uploads\/z3972157638069_643986a96c55eae6b24db1cc9e932102-600x507.jpg 600w\" sizes=\"(max-width: 1383px) 100vw, 1383px\" \/> <img decoding=\"async\" loading=\"lazy\" class=\"alignnone size-full wp-image-1726\" src=\"https:\/\/noithathomer.gleeze.com\/wp-content\/uploads\/z3972155917000_29110aba7b378253f24a58e80572a4a7.jpg\" alt=\"\" width=\"1862\" height=\"1612\" srcset=\"https:\/\/noithathomer.gleeze.com\/wp-content\/uploads\/z3972155917000_29110aba7b378253f24a58e80572a4a7.jpg 1862w, https:\/\/noithathomer.gleeze.com\/wp-content\/uploads\/z3972155917000_29110aba7b378253f24a58e80572a4a7-768x665.jpg 768w, https:\/\/noithathomer.gleeze.com\/wp-content\/uploads\/z3972155917000_29110aba7b378253f24a58e80572a4a7-1536x1330.jpg 1536w, https:\/\/noithathomer.gleeze.com\/wp-content\/uploads\/z3972155917000_29110aba7b378253f24a58e80572a4a7-600x519.jpg 600w\" sizes=\"(max-width: 1862px) 100vw, 1862px\" \/><\/p>\n","protected":false},"featured_media":1726,"comment_status":"open","ping_status":"closed","template":"","meta":[],"product_cat":[66,49],"product_tag":[52],"_links":{"self":[{"href":"https:\/\/noithathomer.gleeze.com\/index.php?rest_route=\/wp\/v2\/product\/1634"}],"collection":[{"href":"https:\/\/noithathomer.gleeze.com\/index.php?rest_route=\/wp\/v2\/product"}],"about":[{"href":"https:\/\/noithathomer.gleeze.com\/index.php?rest_route=\/wp\/v2\/types\/product"}],"replies":[{"embeddable":true,"href":"https:\/\/noithathomer.gleeze.com\/index.php?rest_route=%2Fwp%2Fv2%2Fcomments&post=1634"}],"wp:featuredmedia":[{"embeddable":true,"href":"https:\/\/noithathomer.gleeze.com\/index.php?rest_route=\/wp\/v2\/media\/1726"}],"wp:attachment":[{"href":"https:\/\/noithathomer.gleeze.com\/index.php?rest_route=%2Fwp%2Fv2%2Fmedia&parent=1634"}],"wp:term":[{"taxonomy":"product_cat","embeddable":true,"href":"https:\/\/noithathomer.gleeze.com\/index.php?rest_route=%2Fwp%2Fv2%2Fproduct_cat&post=1634"},{"taxonomy":"product_tag","embeddable":true,"href":"https:\/\/noithathomer.gleeze.com\/index.php?rest_route=%2Fwp%2Fv2%2Fproduct_tag&post=1634"}],"curies":[{"name":"wp","href":"https:\/\/api.w.org\/{rel}","templated":true}]}}