{"id":1598,"date":"2021-09-16T22:39:10","date_gmt":"2021-09-16T15:39:10","guid":{"rendered":"https:\/\/noithathomer.com\/?post_type=product&#038;p=1598"},"modified":"2023-01-12T12:09:29","modified_gmt":"2023-01-12T05:09:29","slug":"tu-quan-ao-canh-truot","status":"publish","type":"product","link":"https:\/\/noithathomer.gleeze.com\/?product=tu-quan-ao-canh-truot","title":{"rendered":"[ NH\u1eacP KH\u1ea8U ] B\u1ed8 B\u00c0N \u0102N CAO C\u1ea4P M\u1eb6T \u0110\u00c1 KHUNG S\u1eaeT S\u01a0N T\u0128NH \u0110I\u1ec6N"},"content":{"rendered":"<p>CH\u00c2N X \u0110EN: m2\/m4\/m6\/m8<\/p>\n<p>(ch\u00e2n s\u1eaft s\u01a1n t\u0129nh \u0111i\u1ec7n,h\u00e0ng d\u00e0y d\u1eb7n)<\/p>\n<p>M\u1eb7t b\u00e0n ceramic b\u00f3ng 1m2\/m4\/m6\/m8<\/p>\n<hr \/>\n<p>\ud835\udc07 \ud835\udc0e \ud835\udc0c \ud835\udc04 \ud835\udc11 |<br \/>\n\ud835\udc03 \ud835\udc04 \ud835\udc12 \ud835\udc08 \ud835\udc06 \ud835\udc0d &amp; \ud835\udc08 \ud835\udc0d \ud835\udc12 \ud835\udc13 \ud835\udc00 \ud835\udc0b \ud835\udc0b \ud835\udc00 \ud835\udc13 \ud835\udc08 \ud835\udc0e \ud835\udc0d<br \/>\n\u2022 Office: P. 5A07, t\u00f2a A7 An B\u00ecnh city, 232 Ph\u1ea1m V\u0103n \u0110\u1ed3ng, B\u1eafc T\u1eeb Li\u00eam, H\u00e0 N\u1ed9i.<br \/>\n\u2022 \u0110\u1ecba ch\u1ec9 x\u01b0\u1edfng: H\u1ea3i B\u1ed1i, \u0110\u00f4ng Anh, H\u00e0 N\u1ed9i<br \/>\n\u2022 Hotline\u260e\ufe0f: 0869.287.259<br \/>\nhttps:\/\/www.facebook.com\/noithathomer<\/p>\n<p><img decoding=\"async\" loading=\"lazy\" class=\"alignnone size-full wp-image-1734\" src=\"https:\/\/noithathomer.gleeze.com\/wp-content\/uploads\/z3970951616923_f63ea6f1c3e768bd4e63dd0865cbdef9.jpg\" alt=\"\" width=\"1280\" height=\"960\" srcset=\"https:\/\/noithathomer.gleeze.com\/wp-content\/uploads\/z3970951616923_f63ea6f1c3e768bd4e63dd0865cbdef9.jpg 1280w, https:\/\/noithathomer.gleeze.com\/wp-content\/uploads\/z3970951616923_f63ea6f1c3e768bd4e63dd0865cbdef9-768x576.jpg 768w, https:\/\/noithathomer.gleeze.com\/wp-content\/uploads\/z3970951616923_f63ea6f1c3e768bd4e63dd0865cbdef9-600x450.jpg 600w\" sizes=\"(max-width: 1280px) 100vw, 1280px\" \/><\/p>\n","protected":false},"excerpt":{"rendered":"<p>CH\u00c2N X \u0110EN: m2\/m4\/m6\/m8 (ch\u00e2n s\u1eaft s\u01a1n t\u0129nh \u0111i\u1ec7n,h\u00e0ng d\u00e0y d\u1eb7n) M\u1eb7t b\u00e0n ceramic b\u00f3ng 1m2\/m4\/m6\/m8 \ud835\udc07 \ud835\udc0e \ud835\udc0c \ud835\udc04 \ud835\udc11 | \ud835\udc03 \ud835\udc04 \ud835\udc12 \ud835\udc08 \ud835\udc06 \ud835\udc0d &amp; \ud835\udc08 \ud835\udc0d \ud835\udc12 \ud835\udc13 \ud835\udc00 \ud835\udc0b \ud835\udc0b \ud835\udc00 \ud835\udc13 \ud835\udc08 \ud835\udc0e \ud835\udc0d \u2022 Office: P. 5A07, t\u00f2a A7 An B\u00ecnh city, 232 Ph\u1ea1m V\u0103n \u0110\u1ed3ng, B\u1eafc [&#8230;]\n","protected":false},"featured_media":1734,"comment_status":"open","ping_status":"closed","template":"","meta":[],"product_cat":[48,68,67],"product_tag":[43],"_links":{"self":[{"href":"https:\/\/noithathomer.gleeze.com\/index.php?rest_route=\/wp\/v2\/product\/1598"}],"collection":[{"href":"https:\/\/noithathomer.gleeze.com\/index.php?rest_route=\/wp\/v2\/product"}],"about":[{"href":"https:\/\/noithathomer.gleeze.com\/index.php?rest_route=\/wp\/v2\/types\/product"}],"replies":[{"embeddable":true,"href":"https:\/\/noithathomer.gleeze.com\/index.php?rest_route=%2Fwp%2Fv2%2Fcomments&post=1598"}],"wp:featuredmedia":[{"embeddable":true,"href":"https:\/\/noithathomer.gleeze.com\/index.php?rest_route=\/wp\/v2\/media\/1734"}],"wp:attachment":[{"href":"https:\/\/noithathomer.gleeze.com\/index.php?rest_route=%2Fwp%2Fv2%2Fmedia&parent=1598"}],"wp:term":[{"taxonomy":"product_cat","embeddable":true,"href":"https:\/\/noithathomer.gleeze.com\/index.php?rest_route=%2Fwp%2Fv2%2Fproduct_cat&post=1598"},{"taxonomy":"product_tag","embeddable":true,"href":"https:\/\/noithathomer.gleeze.com\/index.php?rest_route=%2Fwp%2Fv2%2Fproduct_tag&post=1598"}],"curies":[{"name":"wp","href":"https:\/\/api.w.org\/{rel}","templated":true}]}}